{"id":193363,"date":"2024-05-09T20:44:52","date_gmt":"2024-05-09T20:44:52","guid":{"rendered":"https:\/\/aldeco.pt\/staging\/product\/la-vie\/"},"modified":"2024-08-06T11:23:13","modified_gmt":"2024-08-06T11:23:13","slug":"la-vie","status":"publish","type":"product","link":"https:\/\/staging.aldeco.pt\/pt-pt\/product\/la-vie\/","title":{"rendered":"LA VIE"},"content":{"rendered":"<p>LA VIE \u00e9 um bordado requintado com um design \u00e9tnico abstrato que ganha vida atrav\u00e9s de formas minimalistas multicoloridas e de intrincados bordados sobre uma base de linho suave. Este tecido \u00e9 inspirado em experi\u00eancias vivenciadas em diferentes viagens e culturas com a combina\u00e7\u00e3o de motivos abstratos resultantes da desconstru\u00e7\u00e3o dos elementos mais queridos para Veva: a Borboleta e o Cisne. As texturas ricas da\u00ed resultantes combinadas com a geometria das formas resultam num desenho elegante simbolizando metamorfose e eleg\u00e2ncia; \u00e9 perfeito para espa\u00e7os interiores modernos e contempor\u00e2neos.<\/p>\n","protected":false},"excerpt":{"rendered":"<p>LA VIE \u00e9 um bordado requintado com um design \u00e9tnico abstrato que ganha vida atrav\u00e9s de formas minimalistas multicoloridas e de intrincados bordados sobre uma base de linho suave. Este tecido \u00e9 inspirado em experi\u00eancias vivenciadas em diferentes viagens e culturas com a combina\u00e7\u00e3o de motivos abstratos resultantes da desconstru\u00e7\u00e3o dos elementos mais queridos para Veva: a Borboleta e o Cisne. As texturas ricas da\u00ed resultantes combinadas com a geometria das formas resultam num desenho elegante simbolizando metamorfose e eleg\u00e2ncia; \u00e9 perfeito para espa\u00e7os interiores modernos e contempor\u00e2neos.<\/p>\n<p>&nbsp;<\/p>\n<h2>LA VIE \u00e9 um bordado requintado com um design \u00e9tnico abstrato que ganha vida atrav\u00e9s de formas minimalistas multicoloridas e de intrincados bordados sobre uma base de linho suave. Este tecido \u00e9 inspirado em experi\u00eancias vivenciadas em diferentes viagens e culturas com a combina\u00e7\u00e3o de motivos abstratos resultantes da desconstru\u00e7\u00e3o dos elementos mais queridos para Veva: a Borboleta e o Cisne. As texturas ricas da\u00ed resultantes combinadas com a geometria das formas resultam num desenho elegante simbolizando metamorfose e eleg\u00e2ncia; \u00e9 perfeito para espa\u00e7os interiores modernos e contempor\u00e2neos.<\/h2>\n<p>&nbsp;<\/p>\n<p><img fetchpriority=\"high\" decoding=\"async\" class=\"alignnone wp-image-179721 size-medium\" src=\"https:\/\/aldeco.pt\/staging\/wp-content\/uploads\/2024\/01\/T192910001-5-300x200.jpg\" alt=\"La Vie - Aldeco\" width=\"300\" height=\"200\"><\/p>\n<p><a href=\"https:\/\/aldeco.pt\/staging\/product\/la-vie\/?attribute_pa_aldeco-color=01-retro-light\">https:\/\/aldeco.pt\/staging\/product\/la-vie\/?attribute_pa_aldeco-color=01-retro-light<\/a><\/p>\n<p><a href=\"https:\/\/www.instagram.com\/aldeco_interiorfabrics\/\">https:\/\/www.instagram.com\/aldeco_interiorfabrics\/<\/a><\/p>\n","protected":false},"featured_media":166099,"template":"","meta":[],"product_brand":[],"product_cat":[6145],"product_tag":[],"class_list":{"0":"post-193363","1":"product","2":"type-product","3":"status-publish","4":"has-post-thumbnail","6":"product_cat-aldeco-2-pt-pt-2","7":"pa_cleanability-8282","8":"pa_composition-ext-100-li-bordado-80-vi-20-pl","9":"pa_interior-fabrics-1-pt-pt","10":"pa_line-tecidos","11":"pa_lithfastness-4-pt-pt","12":"pa_outdoor-0-pt-pt","13":"pa_range-bordado","14":"pa_rapport-horizontal-64-pt-pt","15":"pa_rapport-vertical-59-pt-pt","16":"pa_sustainable-fabrics-1-pt-pt","19":"first","20":"instock","21":"purchasable","22":"product-type-variable"},"acf":[],"_links":{"self":[{"href":"https:\/\/staging.aldeco.pt\/pt-pt\/wp-json\/wp\/v2\/product\/193363","targetHints":{"allow":["GET"]}}],"collection":[{"href":"https:\/\/staging.aldeco.pt\/pt-pt\/wp-json\/wp\/v2\/product"}],"about":[{"href":"https:\/\/staging.aldeco.pt\/pt-pt\/wp-json\/wp\/v2\/types\/product"}],"version-history":[{"count":1,"href":"https:\/\/staging.aldeco.pt\/pt-pt\/wp-json\/wp\/v2\/product\/193363\/revisions"}],"predecessor-version":[{"id":193752,"href":"https:\/\/staging.aldeco.pt\/pt-pt\/wp-json\/wp\/v2\/product\/193363\/revisions\/193752"}],"wp:featuredmedia":[{"embeddable":true,"href":"https:\/\/staging.aldeco.pt\/pt-pt\/wp-json\/wp\/v2\/media\/166099"}],"wp:attachment":[{"href":"https:\/\/staging.aldeco.pt\/pt-pt\/wp-json\/wp\/v2\/media?parent=193363"}],"wp:term":[{"taxonomy":"product_brand","embeddable":true,"href":"https:\/\/staging.aldeco.pt\/pt-pt\/wp-json\/wp\/v2\/product_brand?post=193363"},{"taxonomy":"product_cat","embeddable":true,"href":"https:\/\/staging.aldeco.pt\/pt-pt\/wp-json\/wp\/v2\/product_cat?post=193363"},{"taxonomy":"product_tag","embeddable":true,"href":"https:\/\/staging.aldeco.pt\/pt-pt\/wp-json\/wp\/v2\/product_tag?post=193363"}],"curies":[{"name":"wp","href":"https:\/\/api.w.org\/{rel}","templated":true}]}}