{"id":193357,"date":"2024-05-09T20:42:33","date_gmt":"2024-05-09T20:42:33","guid":{"rendered":"https:\/\/aldeco.pt\/staging\/product\/kermesse-shops\/"},"modified":"2024-09-27T15:32:12","modified_gmt":"2024-09-27T15:32:12","slug":"kermesse-shops","status":"publish","type":"product","link":"https:\/\/staging.aldeco.pt\/pt-pt\/product\/kermesse-shops\/","title":{"rendered":"KERMESSE SHOPS"},"content":{"rendered":"<p>Uma divertida vila impressa numa base feita 100% de linho. Este tecido \u00e9 o sonho de qualquer crian\u00e7a &#8211; ter uma loja de doces, de brinquedos e de gelados! Este tecido \u00e9 adequado para cortinados e decora\u00e7\u00e3o.<\/p>\n","protected":false},"excerpt":{"rendered":"<p>KERMESSE SHOPS. Uma divertida vila impressa numa base feita 100% de linho. Este tecido \u00e9 o sonho de qualquer crian\u00e7a &#8211; ter uma loja de doces, de brinquedos e de gelados! Este tecido \u00e9 adequado para cortinados e decora\u00e7\u00e3o.<\/p>\n<h2>KERMESSE SHOPS. Uma divertida vila impressa numa base feita 100% de linho. Este tecido \u00e9 o sonho de qualquer crian\u00e7a &#8211; ter uma loja de doces, de brinquedos e de gelados! Este tecido \u00e9 adequado para cortinados e decora\u00e7\u00e3o.<\/h2>\n<p><img fetchpriority=\"high\" decoding=\"async\" class=\"alignnone wp-image-181606 size-medium\" src=\"https:\/\/aldeco.pt\/staging\/wp-content\/uploads\/2024\/03\/T019040001-300x240.jpg\" alt=\"kermesse Shops - Aldeco\" width=\"300\" height=\"240\" \/><\/p>\n<p><a href=\"https:\/\/www.instagram.com\/aldeco_interiorfabrics\/\">https:\/\/www.instagram.com\/aldeco_interiorfabrics\/<\/a><\/p>\n<p><a href=\"https:\/\/aldeco.pt\/staging\/product\/kermesse-shops\/?attribute_pa_aldeco-color=01-happy-party\">https:\/\/aldeco.pt\/staging\/product\/kermesse-shops\/?attribute_pa_aldeco-color=01-happy-party<\/a><\/p>\n<p>&nbsp;<\/p>\n","protected":false},"featured_media":159209,"template":"","meta":[],"product_brand":[],"product_cat":[6145],"product_tag":[],"class_list":{"0":"post-193357","1":"product","2":"type-product","3":"status-publish","4":"has-post-thumbnail","6":"product_cat-aldeco-2-pt-pt-2","7":"pa_cleanability-8282","8":"pa_composition-ext-base-100-li-pt-pt","9":"pa_interior-fabrics-1-pt-pt","10":"pa_line-tecidos","11":"pa_lithfastness-9680","12":"pa_outdoor-0-pt-pt","13":"pa_range-estampado","14":"pa_rapport-horizontal-49-pt-pt","15":"pa_rapport-vertical-67-pt-pt","18":"first","19":"instock","20":"purchasable","21":"product-type-variable"},"acf":[],"_links":{"self":[{"href":"https:\/\/staging.aldeco.pt\/pt-pt\/wp-json\/wp\/v2\/product\/193357","targetHints":{"allow":["GET"]}}],"collection":[{"href":"https:\/\/staging.aldeco.pt\/pt-pt\/wp-json\/wp\/v2\/product"}],"about":[{"href":"https:\/\/staging.aldeco.pt\/pt-pt\/wp-json\/wp\/v2\/types\/product"}],"version-history":[{"count":2,"href":"https:\/\/staging.aldeco.pt\/pt-pt\/wp-json\/wp\/v2\/product\/193357\/revisions"}],"predecessor-version":[{"id":200863,"href":"https:\/\/staging.aldeco.pt\/pt-pt\/wp-json\/wp\/v2\/product\/193357\/revisions\/200863"}],"wp:featuredmedia":[{"embeddable":true,"href":"https:\/\/staging.aldeco.pt\/pt-pt\/wp-json\/wp\/v2\/media\/159209"}],"wp:attachment":[{"href":"https:\/\/staging.aldeco.pt\/pt-pt\/wp-json\/wp\/v2\/media?parent=193357"}],"wp:term":[{"taxonomy":"product_brand","embeddable":true,"href":"https:\/\/staging.aldeco.pt\/pt-pt\/wp-json\/wp\/v2\/product_brand?post=193357"},{"taxonomy":"product_cat","embeddable":true,"href":"https:\/\/staging.aldeco.pt\/pt-pt\/wp-json\/wp\/v2\/product_cat?post=193357"},{"taxonomy":"product_tag","embeddable":true,"href":"https:\/\/staging.aldeco.pt\/pt-pt\/wp-json\/wp\/v2\/product_tag?post=193357"}],"curies":[{"name":"wp","href":"https:\/\/api.w.org\/{rel}","templated":true}]}}