{"id":193338,"date":"2024-05-09T20:41:21","date_gmt":"2024-05-09T20:41:21","guid":{"rendered":"https:\/\/aldeco.pt\/staging\/product\/kelly-fr\/"},"modified":"2024-08-06T11:23:17","modified_gmt":"2024-08-06T11:23:17","slug":"kelly-fr","status":"publish","type":"product","link":"https:\/\/staging.aldeco.pt\/pt-pt\/product\/kelly-fr\/","title":{"rendered":"KELLY FR"},"content":{"rendered":"<p>KELLY FR \u00e9 um tecido chenille de apar\u00eancia ligeiramente mesclada indicado para estofo com elevada resist\u00eancia \u00e0 abras\u00e3o. Este tecido de estofo muito suave e elegante cumpre com a norma REACH relativamente \u00e0 sustentabilidade e \u00e0 rastreabilidade de subst\u00e2ncias qu\u00edmicas e \u00e9 OEKO-TEX 100, n\u00e3o possui subst\u00e2ncias nocivas ao meio ambiente. Tem certifica\u00e7\u00e3o retardante de chama em v\u00e1rias normas e est\u00e1 dispon\u00edvel em 18 cores numa paleta muito variada.<\/p>\n","protected":false},"excerpt":{"rendered":"<p>KELLY FR \u00e9 um tecido chenille de apar\u00eancia ligeiramente mesclada indicado para estofo com elevada resist\u00eancia \u00e0 abras\u00e3o. Este tecido de estofo muito suave e elegante cumpre com a norma REACH relativamente \u00e0 sustentabilidade e \u00e0 rastreabilidade de subst\u00e2ncias qu\u00edmicas e \u00e9 OEKO-TEX 100, n\u00e3o possui subst\u00e2ncias nocivas ao meio ambiente. Tem certifica\u00e7\u00e3o retardante de chama em v\u00e1rias normas e est\u00e1 dispon\u00edvel em 18 cores numa paleta muito variada.<\/p>\n<h2>KELLY FR \u00e9 um tecido chenille de apar\u00eancia ligeiramente mesclada indicado para estofo com elevada resist\u00eancia \u00e0 abras\u00e3o. Este tecido de estofo muito suave e elegante cumpre com a norma REACH relativamente \u00e0 sustentabilidade e \u00e0 rastreabilidade de subst\u00e2ncias qu\u00edmicas e \u00e9 OEKO-TEX 100, n\u00e3o possui subst\u00e2ncias nocivas ao meio ambiente. Tem certifica\u00e7\u00e3o retardante de chama em v\u00e1rias normas e est\u00e1 dispon\u00edvel em 18 cores numa paleta muito variada.<\/h2>\n<p><img fetchpriority=\"high\" decoding=\"async\" class=\"alignnone wp-image-159206 size-medium\" src=\"https:\/\/aldeco.pt\/staging\/wp-content\/uploads\/2024\/05\/T193040017-300x200.jpg\" alt=\"Kelly FR - Aldeco\" width=\"300\" height=\"200\"><\/p>\n<p><a href=\"https:\/\/www.instagram.com\/aldeco_interiorfabrics\/\">https:\/\/www.instagram.com\/aldeco_interiorfabrics\/<\/a><\/p>\n<p><a href=\"https:\/\/aldeco.pt\/staging\/product\/kelly-fr\/?attribute_pa_aldeco-color=01-pure-white\">https:\/\/aldeco.pt\/staging\/product\/kelly-fr\/?attribute_pa_aldeco-color=01-pure-white<\/a><\/p>\n","protected":false},"featured_media":159193,"template":"","meta":[],"product_brand":[],"product_cat":[6145,6153,6151],"product_tag":[],"class_list":{"0":"post-193338","1":"product","2":"type-product","3":"status-publish","4":"has-post-thumbnail","6":"product_cat-aldeco-2-pt-pt-2","7":"product_cat-aldeco-smarter-pt-pt","8":"product_cat-contract-pt-pt","9":"pa_cleanability-8282","10":"pa_composition-ext-100-pl-pt-pt","11":"pa_contract-fabrics-1-pt-pt","12":"pa_interior-fabrics-1-pt-pt","13":"pa_line-tecidos","14":"pa_lithfastness-3-4-pt-pt","15":"pa_outdoor-0-pt-pt","16":"pa_range-chenile","17":"pa_range-liso","18":"pa_rapport-vertical-11009","19":"pa_special-treatments-fabrics-1-pt-pt","20":"pa_sustainable-fabrics-1-pt-pt","23":"first","24":"instock","25":"purchasable","26":"product-type-variable"},"acf":[],"_links":{"self":[{"href":"https:\/\/staging.aldeco.pt\/pt-pt\/wp-json\/wp\/v2\/product\/193338","targetHints":{"allow":["GET"]}}],"collection":[{"href":"https:\/\/staging.aldeco.pt\/pt-pt\/wp-json\/wp\/v2\/product"}],"about":[{"href":"https:\/\/staging.aldeco.pt\/pt-pt\/wp-json\/wp\/v2\/types\/product"}],"version-history":[{"count":1,"href":"https:\/\/staging.aldeco.pt\/pt-pt\/wp-json\/wp\/v2\/product\/193338\/revisions"}],"predecessor-version":[{"id":193754,"href":"https:\/\/staging.aldeco.pt\/pt-pt\/wp-json\/wp\/v2\/product\/193338\/revisions\/193754"}],"wp:featuredmedia":[{"embeddable":true,"href":"https:\/\/staging.aldeco.pt\/pt-pt\/wp-json\/wp\/v2\/media\/159193"}],"wp:attachment":[{"href":"https:\/\/staging.aldeco.pt\/pt-pt\/wp-json\/wp\/v2\/media?parent=193338"}],"wp:term":[{"taxonomy":"product_brand","embeddable":true,"href":"https:\/\/staging.aldeco.pt\/pt-pt\/wp-json\/wp\/v2\/product_brand?post=193338"},{"taxonomy":"product_cat","embeddable":true,"href":"https:\/\/staging.aldeco.pt\/pt-pt\/wp-json\/wp\/v2\/product_cat?post=193338"},{"taxonomy":"product_tag","embeddable":true,"href":"https:\/\/staging.aldeco.pt\/pt-pt\/wp-json\/wp\/v2\/product_tag?post=193338"}],"curies":[{"name":"wp","href":"https:\/\/api.w.org\/{rel}","templated":true}]}}