{"id":193315,"date":"2024-05-09T22:16:40","date_gmt":"2024-05-09T22:16:40","guid":{"rendered":"https:\/\/aldeco.pt\/staging\/product\/splash\/"},"modified":"2024-10-03T08:28:02","modified_gmt":"2024-10-03T08:28:02","slug":"splash","status":"publish","type":"product","link":"https:\/\/staging.aldeco.pt\/pt-pt\/product\/splash\/","title":{"rendered":"SPLASH"},"content":{"rendered":"<p>Tecido para estofo com apar\u00eancia muito natural. com efeito boucle multicolor. Pode ser lavado a 30\u00baC e est\u00e1 dispon\u00edvel em em 9 cores vers\u00e1teis, e com detalhes contrastantes.<\/p>\n","protected":false},"excerpt":{"rendered":"<p>Tecido para estofo com apar\u00eancia muito natural. com efeito boucle multicolor. Pode ser lavado a 30\u00baC e est\u00e1 dispon\u00edvel em em 9 cores vers\u00e1teis, e com detalhes contrastantes.<\/p>\n<h2>Splash, tecido para estofo com apar\u00eancia muito natural. com efeito boucle multicolor. Pode ser lavado a 30\u00baC e est\u00e1 dispon\u00edvel em em 9 cores vers\u00e1teis, e com detalhes contrastantes.<\/h2>\n<p><img fetchpriority=\"high\" decoding=\"async\" class=\"alignnone wp-image-189024 size-medium\" src=\"https:\/\/aldeco.pt\/staging\/wp-content\/uploads\/2024\/03\/T019380001-300x240.jpg\" alt=\"Splash - Aldeco\" width=\"300\" height=\"240\" \/><\/p>\n<p><a href=\"https:\/\/www.instagram.com\/aldeco_interiorfabrics\/\">https:\/\/www.instagram.com\/aldeco_interiorfabrics\/<\/a><\/p>\n<p><a href=\"https:\/\/aldeco.pt\/staging\/product\/splash\/?attribute_pa_aldeco-color=01-cloud\">https:\/\/aldeco.pt\/staging\/product\/splash\/?attribute_pa_aldeco-color=01-cloud<\/a><\/p>\n","protected":false},"featured_media":160569,"template":"","meta":[],"product_brand":[],"product_cat":[6145],"product_tag":[],"class_list":{"0":"post-193315","1":"product","2":"type-product","3":"status-publish","4":"has-post-thumbnail","6":"product_cat-aldeco-2-pt-pt-2","7":"pa_cleanability-8282","8":"pa_composition-ext-57-co-22-pl-14-vi-7-li-pt-pt","9":"pa_interior-fabrics-1-pt-pt","10":"pa_line-tecidos","11":"pa_lithfastness-4-pt-pt","12":"pa_outdoor-0-pt-pt","13":"pa_range-boucle-pt-pt","14":"pa_rapport-vertical-11009","17":"first","18":"instock","19":"purchasable","20":"product-type-variable"},"acf":[],"_links":{"self":[{"href":"https:\/\/staging.aldeco.pt\/pt-pt\/wp-json\/wp\/v2\/product\/193315","targetHints":{"allow":["GET"]}}],"collection":[{"href":"https:\/\/staging.aldeco.pt\/pt-pt\/wp-json\/wp\/v2\/product"}],"about":[{"href":"https:\/\/staging.aldeco.pt\/pt-pt\/wp-json\/wp\/v2\/types\/product"}],"version-history":[{"count":2,"href":"https:\/\/staging.aldeco.pt\/pt-pt\/wp-json\/wp\/v2\/product\/193315\/revisions"}],"predecessor-version":[{"id":201912,"href":"https:\/\/staging.aldeco.pt\/pt-pt\/wp-json\/wp\/v2\/product\/193315\/revisions\/201912"}],"wp:featuredmedia":[{"embeddable":true,"href":"https:\/\/staging.aldeco.pt\/pt-pt\/wp-json\/wp\/v2\/media\/160569"}],"wp:attachment":[{"href":"https:\/\/staging.aldeco.pt\/pt-pt\/wp-json\/wp\/v2\/media?parent=193315"}],"wp:term":[{"taxonomy":"product_brand","embeddable":true,"href":"https:\/\/staging.aldeco.pt\/pt-pt\/wp-json\/wp\/v2\/product_brand?post=193315"},{"taxonomy":"product_cat","embeddable":true,"href":"https:\/\/staging.aldeco.pt\/pt-pt\/wp-json\/wp\/v2\/product_cat?post=193315"},{"taxonomy":"product_tag","embeddable":true,"href":"https:\/\/staging.aldeco.pt\/pt-pt\/wp-json\/wp\/v2\/product_tag?post=193315"}],"curies":[{"name":"wp","href":"https:\/\/api.w.org\/{rel}","templated":true}]}}