{"id":193298,"date":"2024-05-09T22:24:56","date_gmt":"2024-05-09T22:24:56","guid":{"rendered":"https:\/\/aldeco.pt\/staging\/product\/tailleur-fr\/"},"modified":"2024-09-23T13:14:55","modified_gmt":"2024-09-23T13:14:55","slug":"tailleur-fr","status":"publish","type":"product","link":"https:\/\/staging.aldeco.pt\/pt-pt\/product\/tailleur-fr\/","title":{"rendered":"TAILLEUR FR"},"content":{"rendered":"<p>TAILLEUR \u00e9 um jacquard com fios boucl\u00e9 multicoloridos o que lhe confere um look muito elegante e natural como os famosos tailleurs de tweed do in\u00edcio do s\u00e9c. XX. Este tecido com um twist de modernidade e extremamente suave est\u00e1 dispon\u00edvel em 6 cores must-have.<\/p>\n","protected":false},"excerpt":{"rendered":"<p>TAILLEUR \u00e9 um jacquard com fios boucl\u00e9 multicoloridos o que lhe confere um look muito elegante e natural como os famosos tailleurs de tweed do in\u00edcio do s\u00e9c. XX. Este tecido com um twist de modernidade e extremamente suave est\u00e1 dispon\u00edvel em 6 cores must-have.<\/p>\n<h2>TAILLEUR \u00e9 um jacquard com fios boucl\u00e9 multicoloridos o que lhe confere um look muito elegante e natural como os famosos tailleurs de tweed do in\u00edcio do s\u00e9c. XX. Este tecido com um twist de modernidade e extremamente suave est\u00e1 dispon\u00edvel em 6 cores must-have.<\/h2>\n<p><img fetchpriority=\"high\" decoding=\"async\" class=\"alignnone wp-image-90045 size-medium\" src=\"https:\/\/aldeco.pt\/staging\/wp-content\/uploads\/2024\/01\/T192850005-3-300x200.jpg\" alt=\"Tailleur FR - Aldeco\" width=\"300\" height=\"200\" \/><\/p>\n<p><a href=\"https:\/\/aldeco.pt\/staging\/product\/tailleur-fr\/?attribute_pa_aldeco-color=01-white-sand\">https:\/\/aldeco.pt\/staging\/product\/tailleur-fr\/?attribute_pa_aldeco-color=01-white-sand<\/a><\/p>\n<p><a href=\"https:\/\/www.instagram.com\/aldeco_interiorfabrics\/\">https:\/\/www.instagram.com\/aldeco_interiorfabrics\/<\/a><\/p>\n","protected":false},"featured_media":141656,"template":"","meta":[],"product_brand":[],"product_cat":[6145,6151],"product_tag":[],"class_list":{"0":"post-193298","1":"product","2":"type-product","3":"status-publish","4":"has-post-thumbnail","6":"product_cat-aldeco-2-pt-pt-2","7":"product_cat-contract-pt-pt","8":"pa_cleanability-8282","9":"pa_composition-ext-44-co-36-pl-11-pc-4-li-2-wo-2-v-i-1-pa-pt-pt","10":"pa_contract-fabrics-1-pt-pt","11":"pa_interior-fabrics-1-pt-pt","12":"pa_line-tecidos","13":"pa_lithfastness-4-5-pt-pt","14":"pa_outdoor-0-pt-pt","15":"pa_range-boucle-pt-pt","16":"pa_range-jacquard-pt-pt","17":"pa_rapport-vertical-11009","18":"pa_special-treatments-fabrics-1-pt-pt","21":"first","22":"instock","23":"purchasable","24":"product-type-variable"},"acf":[],"_links":{"self":[{"href":"https:\/\/staging.aldeco.pt\/pt-pt\/wp-json\/wp\/v2\/product\/193298","targetHints":{"allow":["GET"]}}],"collection":[{"href":"https:\/\/staging.aldeco.pt\/pt-pt\/wp-json\/wp\/v2\/product"}],"about":[{"href":"https:\/\/staging.aldeco.pt\/pt-pt\/wp-json\/wp\/v2\/types\/product"}],"version-history":[{"count":3,"href":"https:\/\/staging.aldeco.pt\/pt-pt\/wp-json\/wp\/v2\/product\/193298\/revisions"}],"predecessor-version":[{"id":200749,"href":"https:\/\/staging.aldeco.pt\/pt-pt\/wp-json\/wp\/v2\/product\/193298\/revisions\/200749"}],"wp:featuredmedia":[{"embeddable":true,"href":"https:\/\/staging.aldeco.pt\/pt-pt\/wp-json\/wp\/v2\/media\/141656"}],"wp:attachment":[{"href":"https:\/\/staging.aldeco.pt\/pt-pt\/wp-json\/wp\/v2\/media?parent=193298"}],"wp:term":[{"taxonomy":"product_brand","embeddable":true,"href":"https:\/\/staging.aldeco.pt\/pt-pt\/wp-json\/wp\/v2\/product_brand?post=193298"},{"taxonomy":"product_cat","embeddable":true,"href":"https:\/\/staging.aldeco.pt\/pt-pt\/wp-json\/wp\/v2\/product_cat?post=193298"},{"taxonomy":"product_tag","embeddable":true,"href":"https:\/\/staging.aldeco.pt\/pt-pt\/wp-json\/wp\/v2\/product_tag?post=193298"}],"curies":[{"name":"wp","href":"https:\/\/api.w.org\/{rel}","templated":true}]}}