{"id":193273,"date":"2024-05-09T22:40:55","date_gmt":"2024-05-09T22:40:55","guid":{"rendered":"https:\/\/aldeco.pt\/staging\/product\/touche\/"},"modified":"2024-09-30T11:05:50","modified_gmt":"2024-09-30T11:05:50","slug":"touche","status":"publish","type":"product","link":"https:\/\/staging.aldeco.pt\/pt-pt\/product\/touche\/","title":{"rendered":"TOUCH\u00c9"},"content":{"rendered":"<p>TENCEL\u00ae ganhou o nome de fibra do futuro: ecol\u00f3gico e econ\u00f3mico. Feito de celulose natural encontrada na polpa de eucalipto, faz um gerenciamento consciente de energia e recursos naturais e \u00e9 completamente biodegrad\u00e1vel e hipoalerg\u00e9nico, pois evita a forma\u00e7\u00e3o de bact\u00e9rias. A fibra TENCEL\u00ae tem n\u00e3o apenas a capacidade de absorver a humidade, mas tamb\u00e9m de filtrar diferentes elementos, como bact\u00e9rias e outros agentes poluentes. Ao absorver a humidade e deixar a pele livre de \u00e1gua, o TENCEL\u00ae evita a forma\u00e7\u00e3o de bact\u00e9rias. Al\u00e9m disso, isso impede o crescimento de \u00e1caros. Tudo isso mostra como o TENCEL\u00ae melhora significativamente a sa\u00fade, o conforto e promove a sensa\u00e7\u00e3o de bem-estar.<br \/>\nTENCEL\u00ae \u00e9 um tecido dur\u00e1vel lav\u00e1vel na m\u00e1quina, como o algod\u00e3o.<\/p>\n","protected":false},"excerpt":{"rendered":"<p>TENCEL\u00ae ganhou o nome de fibra<br \/>\ndo futuro: ecol\u00f3gico e econ\u00f3mico. Feito de celulose natural encontrada na polpa de eucalipto, faz um gerenciamento consciente de energia e recursos naturais e \u00e9 completamente biodegrad\u00e1vel e hipoalerg\u00e9nico, pois evita a forma\u00e7\u00e3o de bact\u00e9rias. A fibra TENCEL\u00ae tem n\u00e3o apenas a capacidade de absorver a humidade, mas tamb\u00e9m de filtrar diferentes elementos, como bact\u00e9rias e outros agentes poluentes. Ao absorver a humidade e deixar a pele livre de \u00e1gua, o TENCEL\u00ae evita a forma\u00e7\u00e3o de bact\u00e9rias. Al\u00e9m disso, isso impede o crescimento de \u00e1caros. Tudo isso mostra como o TENCEL\u00ae melhora significativamente a sa\u00fade, o conforto e promove a sensa\u00e7\u00e3o de bem-estar.<br \/>\nTENCEL\u00ae \u00e9 um tecido dur\u00e1vel lav\u00e1vel na m\u00e1quina, como o algod\u00e3o.<\/p>\n<h2>Touch\u00e9, feito de celulose natural encontrada na polpa de eucalipto, faz um gerenciamento consciente de energia e recursos naturais e \u00e9 completamente biodegrad\u00e1vel e hipoalerg\u00e9nico, pois evita a forma\u00e7\u00e3o de bact\u00e9rias.<\/h2>\n<p><img fetchpriority=\"high\" decoding=\"async\" class=\"alignnone wp-image-189161 size-medium\" src=\"https:\/\/aldeco.pt\/staging\/wp-content\/uploads\/2024\/03\/T191750001-300x225.jpg\" alt=\"Touch\u00e9 - Aldeco\" width=\"300\" height=\"225\" \/><\/p>\n<p><a href=\"https:\/\/www.instagram.com\/aldeco_interiorfabrics\/\">https:\/\/www.instagram.com\/aldeco_interiorfabrics\/<\/a><\/p>\n<p><a href=\"https:\/\/aldeco.pt\/staging\/product\/touche\/?attribute_pa_aldeco-color=01-off-white\">https:\/\/aldeco.pt\/staging\/product\/touche\/?attribute_pa_aldeco-color=01-off-white<\/a><\/p>\n<p>&nbsp;<\/p>\n","protected":false},"featured_media":146323,"template":"","meta":[],"product_brand":[],"product_cat":[6145],"product_tag":[],"class_list":{"0":"post-193273","1":"product","2":"type-product","3":"status-publish","4":"has-post-thumbnail","6":"product_cat-aldeco-2-pt-pt-2","7":"pa_cleanability-8282","8":"pa_composition-ext-60-cly-40-pl-pt-pt","9":"pa_interior-fabrics-1-pt-pt","10":"pa_line-tecidos","11":"pa_lithfastness-9680","12":"pa_outdoor-0-pt-pt","13":"pa_range-liso","14":"pa_range-transparente","15":"pa_rapport-vertical-11009","18":"first","19":"instock","20":"purchasable","21":"product-type-variable"},"acf":[],"_links":{"self":[{"href":"https:\/\/staging.aldeco.pt\/pt-pt\/wp-json\/wp\/v2\/product\/193273","targetHints":{"allow":["GET"]}}],"collection":[{"href":"https:\/\/staging.aldeco.pt\/pt-pt\/wp-json\/wp\/v2\/product"}],"about":[{"href":"https:\/\/staging.aldeco.pt\/pt-pt\/wp-json\/wp\/v2\/types\/product"}],"version-history":[{"count":2,"href":"https:\/\/staging.aldeco.pt\/pt-pt\/wp-json\/wp\/v2\/product\/193273\/revisions"}],"predecessor-version":[{"id":200955,"href":"https:\/\/staging.aldeco.pt\/pt-pt\/wp-json\/wp\/v2\/product\/193273\/revisions\/200955"}],"wp:featuredmedia":[{"embeddable":true,"href":"https:\/\/staging.aldeco.pt\/pt-pt\/wp-json\/wp\/v2\/media\/146323"}],"wp:attachment":[{"href":"https:\/\/staging.aldeco.pt\/pt-pt\/wp-json\/wp\/v2\/media?parent=193273"}],"wp:term":[{"taxonomy":"product_brand","embeddable":true,"href":"https:\/\/staging.aldeco.pt\/pt-pt\/wp-json\/wp\/v2\/product_brand?post=193273"},{"taxonomy":"product_cat","embeddable":true,"href":"https:\/\/staging.aldeco.pt\/pt-pt\/wp-json\/wp\/v2\/product_cat?post=193273"},{"taxonomy":"product_tag","embeddable":true,"href":"https:\/\/staging.aldeco.pt\/pt-pt\/wp-json\/wp\/v2\/product_tag?post=193273"}],"curies":[{"name":"wp","href":"https:\/\/api.w.org\/{rel}","templated":true}]}}