{"id":193236,"date":"2024-05-09T22:58:25","date_gmt":"2024-05-09T22:58:25","guid":{"rendered":"https:\/\/aldeco.pt\/staging\/product\/voyageur-fr\/"},"modified":"2024-10-02T10:45:14","modified_gmt":"2024-10-02T10:45:14","slug":"voyageur-fr","status":"publish","type":"product","link":"https:\/\/staging.aldeco.pt\/pt-pt\/product\/voyageur-fr\/","title":{"rendered":"VOYAGEUR FR"},"content":{"rendered":"<p>VOYAGEUR \u00e9 um tecido jacquard tinto em pe\u00e7a com uma textura irregular serpenteante funcionando como um falso liso. Este tecido ideal para adicionar aquele twist de irreverencia \u00e0s suas pe\u00e7as de estofo e est\u00e1 dispon\u00edvel em cores muito naturais.<\/p>\n","protected":false},"excerpt":{"rendered":"<p>VOYAGEUR \u00e9 um tecido jacquard tinto em pe\u00e7a com uma textura irregular serpenteante funcionando como um falso liso. Este tecido ideal para adicionar aquele twist de irreverencia \u00e0s suas pe\u00e7as de estofo e est\u00e1 dispon\u00edvel em cores muito naturais.<\/p>\n<h2>VOYAGEUR \u00e9 um tecido jacquard tinto em pe\u00e7a com uma textura irregular serpenteante funcionando como um falso liso. Este tecido ideal para adicionar aquele twist de irreverencia \u00e0s suas pe\u00e7as de estofo e est\u00e1 dispon\u00edvel em cores muito naturais.<\/h2>\n<p><img fetchpriority=\"high\" decoding=\"async\" class=\"alignnone wp-image-80648 size-medium\" src=\"https:\/\/aldeco.pt\/staging\/wp-content\/uploads\/2024\/01\/T192860005-2-300x196.jpg\" alt=\"Voyageur FR - Aldeco\" width=\"300\" height=\"196\" \/><\/p>\n<p><a href=\"https:\/\/aldeco.pt\/staging\/product\/voyageur-fr\/?attribute_pa_aldeco-color=01-natural-white\">https:\/\/aldeco.pt\/staging\/product\/voyageur-fr\/?attribute_pa_aldeco-color=01-natural-white<\/a><\/p>\n<p><a href=\"https:\/\/www.instagram.com\/aldeco_interiorfabrics\/\">https:\/\/www.instagram.com\/aldeco_interiorfabrics\/<\/a><\/p>\n","protected":false},"featured_media":161028,"template":"","meta":[],"product_brand":[],"product_cat":[6145],"product_tag":[],"class_list":{"0":"post-193236","1":"product","2":"type-product","3":"status-publish","4":"has-post-thumbnail","6":"product_cat-aldeco-2-pt-pt-2","7":"pa_cleanability-8282","8":"pa_composition-ext-81-co-19-pl-pt-pt","9":"pa_contract-fabrics-1-pt-pt","10":"pa_interior-fabrics-1-pt-pt","11":"pa_line-tecidos","12":"pa_lithfastness-4-pt-pt","13":"pa_outdoor-0-pt-pt","14":"pa_range-jacquard-pt-pt","15":"pa_rapport-vertical-11009","16":"pa_special-treatments-fabrics-1-pt-pt","19":"first","20":"instock","21":"purchasable","22":"product-type-variable"},"acf":[],"_links":{"self":[{"href":"https:\/\/staging.aldeco.pt\/pt-pt\/wp-json\/wp\/v2\/product\/193236","targetHints":{"allow":["GET"]}}],"collection":[{"href":"https:\/\/staging.aldeco.pt\/pt-pt\/wp-json\/wp\/v2\/product"}],"about":[{"href":"https:\/\/staging.aldeco.pt\/pt-pt\/wp-json\/wp\/v2\/types\/product"}],"version-history":[{"count":2,"href":"https:\/\/staging.aldeco.pt\/pt-pt\/wp-json\/wp\/v2\/product\/193236\/revisions"}],"predecessor-version":[{"id":201810,"href":"https:\/\/staging.aldeco.pt\/pt-pt\/wp-json\/wp\/v2\/product\/193236\/revisions\/201810"}],"wp:featuredmedia":[{"embeddable":true,"href":"https:\/\/staging.aldeco.pt\/pt-pt\/wp-json\/wp\/v2\/media\/161028"}],"wp:attachment":[{"href":"https:\/\/staging.aldeco.pt\/pt-pt\/wp-json\/wp\/v2\/media?parent=193236"}],"wp:term":[{"taxonomy":"product_brand","embeddable":true,"href":"https:\/\/staging.aldeco.pt\/pt-pt\/wp-json\/wp\/v2\/product_brand?post=193236"},{"taxonomy":"product_cat","embeddable":true,"href":"https:\/\/staging.aldeco.pt\/pt-pt\/wp-json\/wp\/v2\/product_cat?post=193236"},{"taxonomy":"product_tag","embeddable":true,"href":"https:\/\/staging.aldeco.pt\/pt-pt\/wp-json\/wp\/v2\/product_tag?post=193236"}],"curies":[{"name":"wp","href":"https:\/\/api.w.org\/{rel}","templated":true}]}}