{"id":193224,"date":"2024-05-09T22:59:23","date_gmt":"2024-05-09T22:59:23","guid":{"rendered":"https:\/\/aldeco.pt\/staging\/product\/wild-thing\/"},"modified":"2024-10-07T15:50:29","modified_gmt":"2024-10-07T15:50:29","slug":"wild-thing","status":"publish","type":"product","link":"https:\/\/staging.aldeco.pt\/pt-pt\/product\/wild-thing\/","title":{"rendered":"WILD THING"},"content":{"rendered":"<p>Wild Thing \u00e9 um tecido jacquard com fio texturado de efeito boucl\u00e9 e com um aspecto selvagem. Este tecido \u00e9 tamb\u00e9m uma actualiza\u00e7\u00e3o da colec\u00e7\u00e3o Invicta 2020 acrescentando uma nova gama de cores naturais e de tend\u00eancia a este magn\u00edfico tecido de estofo. As cores s\u00e3o ricas e o fundo \u00e9 contrastante com o pelo, para enfatizar o efeito chevron.<\/p>\n","protected":false},"excerpt":{"rendered":"<p>Wild Thing \u00e9 um tecido jacquard com fio texturado de efeito boucl\u00e9 e com um aspecto selvagem. Adicionando uma nova gama de cores naturais e modernas a este magn\u00edfico tecido de estofamento, elas s\u00e3o ricas e o fundo contrasta com a pelo para enfatizar o efeito de chevron.<\/p>\n<h2>Wild Thing \u00e9 um tecido jacquard com fio texturado de efeito boucl\u00e9 e com um aspecto selvagem. Adicionando uma nova gama de cores naturais e modernas a este magn\u00edfico tecido de estofo, as cores s\u00e3o ricas e o fundo \u00e9 contrastante com o pelo, para enfatizar o efeito chevron.<\/h2>\n<p><img fetchpriority=\"high\" decoding=\"async\" class=\"alignnone wp-image-189326 size-medium\" src=\"https:\/\/aldeco.pt\/staging\/wp-content\/uploads\/2024\/01\/T191690002-4-300x200.jpg\" alt=\"Wild Thing - Aldeco\" width=\"300\" height=\"200\" \/><\/p>\n<p><a href=\"https:\/\/www.instagram.com\/aldeco_interiorfabrics\/\">https:\/\/www.instagram.com\/aldeco_interiorfabrics\/<\/a><\/p>\n<p><a href=\"https:\/\/aldeco.pt\/staging\/product\/wild-thing\/?attribute_pa_aldeco-color=01-wild-white\">https:\/\/aldeco.pt\/staging\/product\/wild-thing\/?attribute_pa_aldeco-color=01-wild-white<\/a><\/p>\n","protected":false},"featured_media":157667,"template":"","meta":[],"product_brand":[],"product_cat":[6145],"product_tag":[],"class_list":{"0":"post-193224","1":"product","2":"type-product","3":"status-publish","4":"has-post-thumbnail","6":"product_cat-aldeco-2-pt-pt-2","7":"pa_cleanability-8282","8":"pa_composition-ext-65-co-16-pl-13-vi-6-li-pt-pt","9":"pa_interior-fabrics-1-pt-pt","10":"pa_line-tecidos","11":"pa_lithfastness-4-5-pt-pt","12":"pa_outdoor-0-pt-pt","13":"pa_range-boucle-pt-pt","14":"pa_range-jacquard-pt-pt","15":"pa_range-veludo","16":"pa_rapport-vertical-11009","19":"first","20":"instock","21":"purchasable","22":"product-type-variable"},"acf":[],"_links":{"self":[{"href":"https:\/\/staging.aldeco.pt\/pt-pt\/wp-json\/wp\/v2\/product\/193224","targetHints":{"allow":["GET"]}}],"collection":[{"href":"https:\/\/staging.aldeco.pt\/pt-pt\/wp-json\/wp\/v2\/product"}],"about":[{"href":"https:\/\/staging.aldeco.pt\/pt-pt\/wp-json\/wp\/v2\/types\/product"}],"version-history":[{"count":2,"href":"https:\/\/staging.aldeco.pt\/pt-pt\/wp-json\/wp\/v2\/product\/193224\/revisions"}],"predecessor-version":[{"id":202166,"href":"https:\/\/staging.aldeco.pt\/pt-pt\/wp-json\/wp\/v2\/product\/193224\/revisions\/202166"}],"wp:featuredmedia":[{"embeddable":true,"href":"https:\/\/staging.aldeco.pt\/pt-pt\/wp-json\/wp\/v2\/media\/157667"}],"wp:attachment":[{"href":"https:\/\/staging.aldeco.pt\/pt-pt\/wp-json\/wp\/v2\/media?parent=193224"}],"wp:term":[{"taxonomy":"product_brand","embeddable":true,"href":"https:\/\/staging.aldeco.pt\/pt-pt\/wp-json\/wp\/v2\/product_brand?post=193224"},{"taxonomy":"product_cat","embeddable":true,"href":"https:\/\/staging.aldeco.pt\/pt-pt\/wp-json\/wp\/v2\/product_cat?post=193224"},{"taxonomy":"product_tag","embeddable":true,"href":"https:\/\/staging.aldeco.pt\/pt-pt\/wp-json\/wp\/v2\/product_tag?post=193224"}],"curies":[{"name":"wp","href":"https:\/\/api.w.org\/{rel}","templated":true}]}}