{"id":193214,"date":"2024-05-09T20:40:01","date_gmt":"2024-05-09T20:40:01","guid":{"rendered":"https:\/\/aldeco.pt\/staging\/product\/jenny\/"},"modified":"2024-10-07T11:50:31","modified_gmt":"2024-10-07T11:50:31","slug":"jenny","status":"publish","type":"product","link":"https:\/\/staging.aldeco.pt\/pt-pt\/product\/jenny\/","title":{"rendered":"JENNY"},"content":{"rendered":"<p>JENNY \u00e9 um tecido largo com mais de 300 cm e de look \u00e9tnico e muito natural como uma rede larga. Este tecido \u00e9 inspirado nos macram\u00e9s de origem africana e exalta a humaniza\u00e7\u00e3o, a manualidade e o artesanato enquanto of\u00edcio criativo de valoriza\u00e7\u00e3o est\u00e9tica dos materiais. Est\u00e1 dispon\u00edvel em 4 cores must-have.<\/p>\n","protected":false},"excerpt":{"rendered":"<p>JENNY \u00e9 um tecido largo com mais de 300 cm e de look \u00e9tnico e muito natural como uma rede larga. Este tecido \u00e9 inspirado nos macram\u00e9s de origem africana e exalta a humaniza\u00e7\u00e3o, a manualidade e o artesanato enquanto of\u00edcio criativo de valoriza\u00e7\u00e3o est\u00e9tica dos materiais. Est\u00e1 dispon\u00edvel em 4 cores must-have.<\/p>\n<h2>JENNY \u00e9 um tecido largo com mais de 300 cm e de look \u00e9tnico e muito natural como uma rede larga. Este tecido \u00e9 inspirado nos macram\u00e9s de origem africana e exalta a humaniza\u00e7\u00e3o, a manualidade e o artesanato enquanto of\u00edcio criativo de valoriza\u00e7\u00e3o est\u00e9tica dos materiais. Est\u00e1 dispon\u00edvel em 4 cores must-have.<\/h2>\n<p><img fetchpriority=\"high\" decoding=\"async\" class=\"alignnone wp-image-92027 size-medium\" src=\"https:\/\/aldeco.pt\/staging\/wp-content\/uploads\/2024\/01\/T193000004-4-300x200.jpg\" alt=\"Jenny - Aldeco\" width=\"300\" height=\"200\" \/><\/p>\n<p><a href=\"https:\/\/www.instagram.com\/aldeco_interiorfabrics\/\">https:\/\/www.instagram.com\/aldeco_interiorfabrics\/<\/a><a href=\"https:\/\/aldeco.pt\/staging\/product\/jenny\/?attribute_pa_aldeco-color=01-natural-white\">https:\/\/aldeco.pt\/staging\/product\/jenny\/?attribute_pa_aldeco-color=01-natural-white<\/a><\/p>\n<p>&nbsp;<\/p>\n","protected":false},"featured_media":166091,"template":"","meta":[],"product_brand":[],"product_cat":[6145],"product_tag":[],"class_list":{"0":"post-193214","1":"product","2":"type-product","3":"status-publish","4":"has-post-thumbnail","6":"product_cat-aldeco-2-pt-pt-2","7":"pa_cleanability-8282","8":"pa_composition-ext-100-pl-pt-pt","9":"pa_interior-fabrics-1-pt-pt","10":"pa_line-tecidos","11":"pa_lithfastness-4-pt-pt","12":"pa_outdoor-0-pt-pt","13":"pa_range-rede","14":"pa_range-transparente","15":"pa_rapport-horizontal-3-5-pt-pt","16":"pa_rapport-vertical-3-pt-pt","19":"first","20":"instock","21":"purchasable","22":"product-type-variable"},"acf":[],"_links":{"self":[{"href":"https:\/\/staging.aldeco.pt\/pt-pt\/wp-json\/wp\/v2\/product\/193214","targetHints":{"allow":["GET"]}}],"collection":[{"href":"https:\/\/staging.aldeco.pt\/pt-pt\/wp-json\/wp\/v2\/product"}],"about":[{"href":"https:\/\/staging.aldeco.pt\/pt-pt\/wp-json\/wp\/v2\/types\/product"}],"version-history":[{"count":3,"href":"https:\/\/staging.aldeco.pt\/pt-pt\/wp-json\/wp\/v2\/product\/193214\/revisions"}],"predecessor-version":[{"id":202125,"href":"https:\/\/staging.aldeco.pt\/pt-pt\/wp-json\/wp\/v2\/product\/193214\/revisions\/202125"}],"wp:featuredmedia":[{"embeddable":true,"href":"https:\/\/staging.aldeco.pt\/pt-pt\/wp-json\/wp\/v2\/media\/166091"}],"wp:attachment":[{"href":"https:\/\/staging.aldeco.pt\/pt-pt\/wp-json\/wp\/v2\/media?parent=193214"}],"wp:term":[{"taxonomy":"product_brand","embeddable":true,"href":"https:\/\/staging.aldeco.pt\/pt-pt\/wp-json\/wp\/v2\/product_brand?post=193214"},{"taxonomy":"product_cat","embeddable":true,"href":"https:\/\/staging.aldeco.pt\/pt-pt\/wp-json\/wp\/v2\/product_cat?post=193214"},{"taxonomy":"product_tag","embeddable":true,"href":"https:\/\/staging.aldeco.pt\/pt-pt\/wp-json\/wp\/v2\/product_tag?post=193214"}],"curies":[{"name":"wp","href":"https:\/\/api.w.org\/{rel}","templated":true}]}}