{"id":193199,"date":"2024-05-12T19:40:29","date_gmt":"2024-05-12T19:40:29","guid":{"rendered":"https:\/\/aldeco.pt\/staging\/product\/influence\/"},"modified":"2024-08-06T11:15:33","modified_gmt":"2024-08-06T11:15:33","slug":"influence","status":"publish","type":"product","link":"https:\/\/staging.aldeco.pt\/pt-pt\/product\/influence\/","title":{"rendered":"INFLUENCE"},"content":{"rendered":"<p>INFLUENCE \u00e9 um tecido bordado de look alinhado que combina diferentes pontos bordados com o boucl\u00e9 conferindo-lhe uma enorme tridimensionalidade. A sua base leve e transparente contrasta com as formas geom\u00e9tricas do bordado criando um ritmo equilibrado entre o delicado e o fren\u00e9tico das formas como a vida de Veva nos influentes c\u00edrculos sociais que reuniu a nata dos fil\u00f3sofos e pensadores modernistas.<\/p>\n","protected":false},"excerpt":{"rendered":"<p>INFLUENCE \u00e9 um tecido bordado de look alinhado que combina diferentes pontos bordados com o boucl\u00e9 conferindo-lhe uma enorme tridimensionalidade. A sua base leve e transparente contrasta com as formas geom\u00e9tricas do bordado criando um ritmo equilibrado entre o delicado e o fren\u00e9tico das formas como a vida de Veva nos influentes c\u00edrculos sociais que reuniu a nata dos fil\u00f3sofos e pensadores modernistas.<\/p>\n<p>&nbsp;<\/p>\n<h2>INFLUENCE \u00e9 um tecido bordado de look alinhado que combina diferentes pontos bordados com o boucl\u00e9 conferindo-lhe uma enorme tridimensionalidade. A sua base leve e transparente contrasta com as formas geom\u00e9tricas do bordado criando um ritmo equilibrado entre o delicado e o fren\u00e9tico das formas como a vida de Veva nos influentes c\u00edrculos sociais que reuniu a nata dos fil\u00f3sofos e pensadores modernistas.<\/h2>\n<p>&nbsp;<\/p>\n<p><img fetchpriority=\"high\" decoding=\"async\" class=\"alignnone wp-image-176932 size-medium\" src=\"https:\/\/aldeco.pt\/staging\/wp-content\/uploads\/2024\/01\/T192950001-3-300x200.jpg\" alt=\"Influence - Aldeco\" width=\"300\" height=\"200\"><\/p>\n<p><a href=\"https:\/\/www.instagram.com\/aldeco_interiorfabrics\/\">https:\/\/www.instagram.com\/aldeco_interiorfabrics\/<\/a><\/p>\n<p><a href=\"https:\/\/aldeco.pt\/staging\/product\/influence\/?attribute_pa_aldeco-color=01-natural-white\">https:\/\/aldeco.pt\/staging\/product\/influence\/?attribute_pa_aldeco-color=01-natural-white<\/a><\/p>\n","protected":false},"featured_media":159154,"template":"","meta":[],"product_brand":[],"product_cat":[6145],"product_tag":[],"class_list":{"0":"post-193199","1":"product","2":"type-product","3":"status-publish","4":"has-post-thumbnail","6":"product_cat-aldeco-2-pt-pt-2","7":"pa_cleanability-8282","8":"pa_composition-ext-63-co-37-pl-bordado-100-pc","9":"pa_interior-fabrics-1-pt-pt","10":"pa_line-tecidos","11":"pa_lithfastness-4-pt-pt","12":"pa_outdoor-0-pt-pt","13":"pa_range-bordado","14":"pa_range-boucle-pt-pt","15":"pa_range-transparente","16":"pa_rapport-horizontal-69-5-pt-pt","17":"pa_rapport-vertical-59-pt-pt","18":"pa_sustainable-fabrics-1-pt-pt","21":"first","22":"instock","23":"purchasable","24":"product-type-variable"},"acf":[],"_links":{"self":[{"href":"https:\/\/staging.aldeco.pt\/pt-pt\/wp-json\/wp\/v2\/product\/193199","targetHints":{"allow":["GET"]}}],"collection":[{"href":"https:\/\/staging.aldeco.pt\/pt-pt\/wp-json\/wp\/v2\/product"}],"about":[{"href":"https:\/\/staging.aldeco.pt\/pt-pt\/wp-json\/wp\/v2\/types\/product"}],"version-history":[{"count":1,"href":"https:\/\/staging.aldeco.pt\/pt-pt\/wp-json\/wp\/v2\/product\/193199\/revisions"}],"predecessor-version":[{"id":193701,"href":"https:\/\/staging.aldeco.pt\/pt-pt\/wp-json\/wp\/v2\/product\/193199\/revisions\/193701"}],"wp:featuredmedia":[{"embeddable":true,"href":"https:\/\/staging.aldeco.pt\/pt-pt\/wp-json\/wp\/v2\/media\/159154"}],"wp:attachment":[{"href":"https:\/\/staging.aldeco.pt\/pt-pt\/wp-json\/wp\/v2\/media?parent=193199"}],"wp:term":[{"taxonomy":"product_brand","embeddable":true,"href":"https:\/\/staging.aldeco.pt\/pt-pt\/wp-json\/wp\/v2\/product_brand?post=193199"},{"taxonomy":"product_cat","embeddable":true,"href":"https:\/\/staging.aldeco.pt\/pt-pt\/wp-json\/wp\/v2\/product_cat?post=193199"},{"taxonomy":"product_tag","embeddable":true,"href":"https:\/\/staging.aldeco.pt\/pt-pt\/wp-json\/wp\/v2\/product_tag?post=193199"}],"curies":[{"name":"wp","href":"https:\/\/api.w.org\/{rel}","templated":true}]}}