{"id":193195,"date":"2024-05-09T20:37:50","date_gmt":"2024-05-09T20:37:50","guid":{"rendered":"https:\/\/aldeco.pt\/staging\/product\/indigene-fr\/"},"modified":"2024-09-23T09:10:02","modified_gmt":"2024-09-23T09:10:02","slug":"indigene-fr","status":"publish","type":"product","link":"https:\/\/staging.aldeco.pt\/pt-pt\/product\/indigene-fr\/","title":{"rendered":"INDIG\u00c8NE FR"},"content":{"rendered":"<p>Indig\u00e9ne FR \u00e9 um tecido jacquard incr\u00edvel inspirado nas comunidades ind\u00edgenas africanas e no recurso aos padr\u00f5es geom\u00e9tricos simb\u00f3licos em tons terra e quentes. Viaje pelas savanas africanas com este tecido de look natural simplesmente irresist\u00edvel, poder\u00e1 ser facilmente coorden\u00e1vel com restante paleta e texturas da colec\u00e7\u00e3o.<\/p>\n","protected":false},"excerpt":{"rendered":"<p>Indig\u00e9ne FR \u00e9 um tecido jacquard incr\u00edvel inspirado nas comunidades ind\u00edgenas africanas e no recurso aos padr\u00f5es geom\u00e9tricos simb\u00f3licos em tons terra e quentes. Viaje pelas savanas africanas com este tecido de look natural simplesmente irresist\u00edvel, poder\u00e1 ser facilmente coorden\u00e1vel com restante paleta e texturas da colec\u00e7\u00e3o.<\/p>\n<h2>Indig\u00e9ne FR \u00e9 um tecido jacquard incr\u00edvel inspirado nas comunidades ind\u00edgenas africanas e no recurso aos padr\u00f5es geom\u00e9tricos simb\u00f3licos em tons terra e quentes. Viaje pelas savanas africanas com este tecido de look natural simplesmente irresist\u00edvel, poder\u00e1 ser facilmente coorden\u00e1vel com restante paleta e texturas da colec\u00e7\u00e3o.<\/h2>\n<p>&nbsp;<\/p>\n<p><img fetchpriority=\"high\" decoding=\"async\" class=\"alignnone wp-image-176716 size-medium\" src=\"https:\/\/aldeco.pt\/staging\/wp-content\/uploads\/2024\/01\/T193010002-3-300x200.jpg\" alt=\"Indig\u00e8ne FR - Aldeco\" width=\"300\" height=\"200\" \/><\/p>\n<p><a href=\"https:\/\/aldeco.pt\/staging\/product\/indigene-fr\/?attribute_pa_aldeco-color=01-natural-hues\">https:\/\/aldeco.pt\/staging\/product\/indigene-fr\/?attribute_pa_aldeco-color=01-natural-hues<\/a><\/p>\n<p><a href=\"https:\/\/www.instagram.com\/aldeco_interiorfabrics\/\">https:\/\/www.instagram.com\/aldeco_interiorfabrics\/<\/a><\/p>\n","protected":false},"featured_media":169294,"template":"","meta":[],"product_brand":[],"product_cat":[6145,6151],"product_tag":[],"class_list":{"0":"post-193195","1":"product","2":"type-product","3":"status-publish","4":"has-post-thumbnail","6":"product_cat-aldeco-2-pt-pt-2","7":"product_cat-contract-pt-pt","8":"pa_cleanability-8282","9":"pa_composition-ext-48-co-20-pl-15-li-12-vi-2-pc-2-wo-1-pa-pt-pt","10":"pa_contract-fabrics-1-pt-pt","11":"pa_interior-fabrics-1-pt-pt","12":"pa_line-tecidos","13":"pa_lithfastness-4-5-pt-pt","14":"pa_outdoor-0-pt-pt","15":"pa_range-jacquard-pt-pt","16":"pa_rapport-horizontal-16-5-pt-pt","17":"pa_rapport-vertical-33-pt-pt","18":"pa_special-treatments-fabrics-1-pt-pt","21":"first","22":"instock","23":"purchasable","24":"product-type-variable"},"acf":[],"_links":{"self":[{"href":"https:\/\/staging.aldeco.pt\/pt-pt\/wp-json\/wp\/v2\/product\/193195","targetHints":{"allow":["GET"]}}],"collection":[{"href":"https:\/\/staging.aldeco.pt\/pt-pt\/wp-json\/wp\/v2\/product"}],"about":[{"href":"https:\/\/staging.aldeco.pt\/pt-pt\/wp-json\/wp\/v2\/types\/product"}],"version-history":[{"count":2,"href":"https:\/\/staging.aldeco.pt\/pt-pt\/wp-json\/wp\/v2\/product\/193195\/revisions"}],"predecessor-version":[{"id":200732,"href":"https:\/\/staging.aldeco.pt\/pt-pt\/wp-json\/wp\/v2\/product\/193195\/revisions\/200732"}],"wp:featuredmedia":[{"embeddable":true,"href":"https:\/\/staging.aldeco.pt\/pt-pt\/wp-json\/wp\/v2\/media\/169294"}],"wp:attachment":[{"href":"https:\/\/staging.aldeco.pt\/pt-pt\/wp-json\/wp\/v2\/media?parent=193195"}],"wp:term":[{"taxonomy":"product_brand","embeddable":true,"href":"https:\/\/staging.aldeco.pt\/pt-pt\/wp-json\/wp\/v2\/product_brand?post=193195"},{"taxonomy":"product_cat","embeddable":true,"href":"https:\/\/staging.aldeco.pt\/pt-pt\/wp-json\/wp\/v2\/product_cat?post=193195"},{"taxonomy":"product_tag","embeddable":true,"href":"https:\/\/staging.aldeco.pt\/pt-pt\/wp-json\/wp\/v2\/product_tag?post=193195"}],"curies":[{"name":"wp","href":"https:\/\/api.w.org\/{rel}","templated":true}]}}