{"id":193100,"date":"2024-05-09T20:27:14","date_gmt":"2024-05-09T20:27:14","guid":{"rendered":"https:\/\/aldeco.pt\/staging\/product\/grace-water-repellent-fr\/"},"modified":"2024-10-03T13:36:43","modified_gmt":"2024-10-03T13:36:43","slug":"grace-water-repellent-fr","status":"publish","type":"product","link":"https:\/\/staging.aldeco.pt\/pt-pt\/product\/grace-water-repellent-fr\/","title":{"rendered":"GRACE WATER REPELLENT FR"},"content":{"rendered":"<p>GRACE WATER REPELLENT FR \u00e9 um tecido chenille indicado para estofo com elevada resist\u00eancia \u00e0 abras\u00e3o. Este tecido de estofo tem tratamento Water repellent (repelente \u00e0 \u00e1gua) para uma maior performance e f\u00e1cil manuten\u00e7\u00e3o e cumpre com a norma REACH relativamente \u00e0 sustentabilidade e \u00e0 rastreabilidade de subst\u00e2ncias qu\u00edmicas. Tem certifica\u00e7\u00e3o retardante de chama em v\u00e1rias normas e est\u00e1 dispon\u00edvel em 16 cores muito trendy.<\/p>\n","protected":false},"excerpt":{"rendered":"<p>GRACE WATER REPELLENT FR \u00e9 um tecido chenille indicado para estofo com elevada resist\u00eancia \u00e0 abras\u00e3o. Este tecido de estofo tem tratamento Water repellent (repelente \u00e0 \u00e1gua) para uma maior performance e f\u00e1cil manuten\u00e7\u00e3o e cumpre com a norma REACH relativamente \u00e0 sustentabilidade e \u00e0 rastreabilidade de subst\u00e2ncias qu\u00edmicas. Tem certifica\u00e7\u00e3o retardante de chama em v\u00e1rias normas e est\u00e1 dispon\u00edvel em 16 cores muito trendy.<\/p>\n<h2>GRACE WATER REPELLENT FR \u00e9 um tecido chenille indicado para estofo com elevada resist\u00eancia \u00e0 abras\u00e3o. Este tecido de estofo tem tratamento Water repellent (repelente \u00e0 \u00e1gua) para uma maior performance e f\u00e1cil manuten\u00e7\u00e3o e cumpre com a norma REACH relativamente \u00e0 sustentabilidade e \u00e0 rastreabilidade de subst\u00e2ncias qu\u00edmicas. Tem certifica\u00e7\u00e3o retardante de chama em v\u00e1rias normas e est\u00e1 dispon\u00edvel em 16 cores muito trendy.<\/h2>\n<p><img fetchpriority=\"high\" decoding=\"async\" class=\"alignnone wp-image-158956 size-medium\" src=\"https:\/\/aldeco.pt\/staging\/wp-content\/uploads\/2024\/05\/T192810016-300x200.jpg\" alt=\"Grace Water Repellent FR - Aldeco\" width=\"300\" height=\"200\" \/><\/p>\n<p><a href=\"https:\/\/www.instagram.com\/aldeco_interiorfabrics\/\">https:\/\/www.instagram.com\/aldeco_interiorfabrics\/<\/a><\/p>\n<p><a href=\"https:\/\/aldeco.pt\/staging\/product\/grace-water-repellent-fr\/?attribute_pa_aldeco-color=01-natural-white\">https:\/\/aldeco.pt\/staging\/product\/grace-water-repellent-fr\/?attribute_pa_aldeco-color=01-natural-white<\/a><\/p>\n","protected":false},"featured_media":144486,"template":"","meta":[],"product_brand":[],"product_cat":[6145,6153,6151],"product_tag":[],"class_list":{"0":"post-193100","1":"product","2":"type-product","3":"status-publish","4":"has-post-thumbnail","6":"product_cat-aldeco-2-pt-pt-2","7":"product_cat-aldeco-smarter-pt-pt","8":"product_cat-contract-pt-pt","9":"pa_cleanability-8282","10":"pa_composition-ext-100-pl-pt-pt","11":"pa_contract-fabrics-1-pt-pt","12":"pa_interior-fabrics-1-pt-pt","13":"pa_line-tecidos","14":"pa_lithfastness-5-pt-pt","15":"pa_outdoor-0-pt-pt","16":"pa_range-chenile","17":"pa_range-liso","18":"pa_rapport-vertical-11009","19":"pa_special-treatments-fabrics-1-pt-pt","20":"pa_sustainable-fabrics-1-pt-pt","23":"first","24":"instock","25":"purchasable","26":"product-type-variable"},"acf":[],"_links":{"self":[{"href":"https:\/\/staging.aldeco.pt\/pt-pt\/wp-json\/wp\/v2\/product\/193100","targetHints":{"allow":["GET"]}}],"collection":[{"href":"https:\/\/staging.aldeco.pt\/pt-pt\/wp-json\/wp\/v2\/product"}],"about":[{"href":"https:\/\/staging.aldeco.pt\/pt-pt\/wp-json\/wp\/v2\/types\/product"}],"version-history":[{"count":2,"href":"https:\/\/staging.aldeco.pt\/pt-pt\/wp-json\/wp\/v2\/product\/193100\/revisions"}],"predecessor-version":[{"id":201988,"href":"https:\/\/staging.aldeco.pt\/pt-pt\/wp-json\/wp\/v2\/product\/193100\/revisions\/201988"}],"wp:featuredmedia":[{"embeddable":true,"href":"https:\/\/staging.aldeco.pt\/pt-pt\/wp-json\/wp\/v2\/media\/144486"}],"wp:attachment":[{"href":"https:\/\/staging.aldeco.pt\/pt-pt\/wp-json\/wp\/v2\/media?parent=193100"}],"wp:term":[{"taxonomy":"product_brand","embeddable":true,"href":"https:\/\/staging.aldeco.pt\/pt-pt\/wp-json\/wp\/v2\/product_brand?post=193100"},{"taxonomy":"product_cat","embeddable":true,"href":"https:\/\/staging.aldeco.pt\/pt-pt\/wp-json\/wp\/v2\/product_cat?post=193100"},{"taxonomy":"product_tag","embeddable":true,"href":"https:\/\/staging.aldeco.pt\/pt-pt\/wp-json\/wp\/v2\/product_tag?post=193100"}],"curies":[{"name":"wp","href":"https:\/\/api.w.org\/{rel}","templated":true}]}}