{"id":192330,"date":"2024-05-09T19:48:28","date_gmt":"2024-05-09T19:48:28","guid":{"rendered":"https:\/\/aldeco.pt\/staging\/product\/chroniques-de-voyage\/"},"modified":"2024-10-03T16:55:23","modified_gmt":"2024-10-03T16:55:23","slug":"chroniques-de-voyage","status":"publish","type":"product","link":"https:\/\/staging.aldeco.pt\/pt-pt\/product\/chroniques-de-voyage\/","title":{"rendered":"CHRONIQUES DE VOYAGE"},"content":{"rendered":"<p>CHRONIQUES DE VOYAGE \u00e9 um lindo e estilizado tecido bordado com folhagens que celebra a forma e a cor. Este tecido especial de algod\u00e3o tem pontos volumosos tornando a superf\u00edcie deste design impressionante com um toque artesanal. Inspirado nas aventureiras cr\u00f3nicas de viagens de Veva pelos campos buc\u00f3licos com vegeta\u00e7\u00e3o em tons quentes e naturais.<\/p>\n","protected":false},"excerpt":{"rendered":"<p>CHRONIQUES DE VOYAGE \u00e9 um lindo e estilizado tecido bordado com folhagens que celebra a forma e a cor. Este tecido especial de algod\u00e3o tem pontos volumosos tornando a superf\u00edcie deste design impressionante com um toque artesanal. Inspirado nas aventureiras cr\u00f3nicas de viagens de Veva pelos campos buc\u00f3licos com vegeta\u00e7\u00e3o em tons quentes e naturais.<\/p>\n<h2>CHRONIQUES DE VOYAGE \u00e9 um lindo e estilizado tecido bordado com folhagens que celebra a forma e a cor. Este tecido especial de algod\u00e3o tem pontos volumosos tornando a superf\u00edcie deste design impressionante com um toque artesanal. Inspirado nas aventureiras cr\u00f3nicas de viagens de Veva pelos campos buc\u00f3licos com vegeta\u00e7\u00e3o em tons quentes e naturais.<\/h2>\n<p><img fetchpriority=\"high\" decoding=\"async\" class=\"alignnone wp-image-179460 size-medium\" src=\"https:\/\/aldeco.pt\/staging\/wp-content\/uploads\/2024\/01\/T192930001-5-300x200.jpg\" alt=\"Chroniques de Voyage - Aldeco\" width=\"300\" height=\"200\" \/><\/p>\n<p><a href=\"https:\/\/www.instagram.com\/aldeco_interiorfabrics\/\">https:\/\/www.instagram.com\/aldeco_interiorfabrics\/<\/a><\/p>\n<p><a href=\"https:\/\/aldeco.pt\/staging\/product\/chroniques-de-voyage\/?attribute_pa_aldeco-color=01-autumn-dream\">https:\/\/aldeco.pt\/staging\/product\/chroniques-de-voyage\/?attribute_pa_aldeco-color=01-autumn-dream<\/a><\/p>\n<p>&nbsp;<\/p>\n","protected":false},"featured_media":155083,"template":"","meta":[],"product_brand":[],"product_cat":[6145],"product_tag":[],"class_list":{"0":"post-192330","1":"product","2":"type-product","3":"status-publish","4":"has-post-thumbnail","6":"product_cat-aldeco-2-pt-pt-2","7":"pa_cleanability-8282","8":"pa_composition-ext-100-co-bordado-100-pl","9":"pa_interior-fabrics-1-pt-pt","10":"pa_line-tecidos","11":"pa_lithfastness-4-pt-pt","12":"pa_outdoor-0-pt-pt","13":"pa_range-bordado","14":"pa_range-escovado","15":"pa_rapport-horizontal-65-pt-pt","16":"pa_rapport-vertical-76-pt-pt","17":"pa_sustainable-fabrics-1-pt-pt","20":"first","21":"instock","22":"purchasable","23":"product-type-variable"},"acf":[],"_links":{"self":[{"href":"https:\/\/staging.aldeco.pt\/pt-pt\/wp-json\/wp\/v2\/product\/192330","targetHints":{"allow":["GET"]}}],"collection":[{"href":"https:\/\/staging.aldeco.pt\/pt-pt\/wp-json\/wp\/v2\/product"}],"about":[{"href":"https:\/\/staging.aldeco.pt\/pt-pt\/wp-json\/wp\/v2\/types\/product"}],"version-history":[{"count":2,"href":"https:\/\/staging.aldeco.pt\/pt-pt\/wp-json\/wp\/v2\/product\/192330\/revisions"}],"predecessor-version":[{"id":202016,"href":"https:\/\/staging.aldeco.pt\/pt-pt\/wp-json\/wp\/v2\/product\/192330\/revisions\/202016"}],"wp:featuredmedia":[{"embeddable":true,"href":"https:\/\/staging.aldeco.pt\/pt-pt\/wp-json\/wp\/v2\/media\/155083"}],"wp:attachment":[{"href":"https:\/\/staging.aldeco.pt\/pt-pt\/wp-json\/wp\/v2\/media?parent=192330"}],"wp:term":[{"taxonomy":"product_brand","embeddable":true,"href":"https:\/\/staging.aldeco.pt\/pt-pt\/wp-json\/wp\/v2\/product_brand?post=192330"},{"taxonomy":"product_cat","embeddable":true,"href":"https:\/\/staging.aldeco.pt\/pt-pt\/wp-json\/wp\/v2\/product_cat?post=192330"},{"taxonomy":"product_tag","embeddable":true,"href":"https:\/\/staging.aldeco.pt\/pt-pt\/wp-json\/wp\/v2\/product_tag?post=192330"}],"curies":[{"name":"wp","href":"https:\/\/api.w.org\/{rel}","templated":true}]}}