{"id":192314,"date":"2024-05-09T19:46:45","date_gmt":"2024-05-09T19:46:45","guid":{"rendered":"https:\/\/aldeco.pt\/staging\/product\/chiado-fr\/"},"modified":"2024-09-19T16:33:40","modified_gmt":"2024-09-19T16:33:40","slug":"chiado-fr","status":"publish","type":"product","link":"https:\/\/staging.aldeco.pt\/pt-pt\/product\/chiado-fr\/","title":{"rendered":"CHIADO FR"},"content":{"rendered":"<p>CHIADO FR \u00e9 um tecido mesclado indicado para estofo com elevada resist\u00eancia \u00e0 abras\u00e3o. Este tecido de estofo muito texturado de look tridimensional cumpre com a norma REACH relativamente \u00e0 sustentabilidade e \u00e0 rastreabilidade de subst\u00e2ncias qu\u00edmicas. Tem certifica\u00e7\u00e3o retardante de chama em v\u00e1rias normas e est\u00e1 dispon\u00edvel em 14 cores, desde tons mais naturais aos tons mesclados mais divertidos e irreverentes.<\/p>\n","protected":false},"excerpt":{"rendered":"<p>CHIADO FR \u00e9 um tecido mesclado indicado para estofo com elevada resist\u00eancia \u00e0 abras\u00e3o. Este tecido de estofo muito texturado de look tridimensional cumpre com a norma REACH relativamente \u00e0 sustentabilidade e \u00e0 rastreabilidade de subst\u00e2ncias qu\u00edmicas. Tem certifica\u00e7\u00e3o retardante de chama em v\u00e1rias normas e est\u00e1 dispon\u00edvel em 14 cores, desde tons mais naturais aos tons mesclados mais divertidos e irreverentes.<\/p>\n<h2>CHIADO FR \u00e9 um tecido mesclado indicado para estofo com elevada resist\u00eancia \u00e0 abras\u00e3o. Este tecido de estofo muito texturado de look tridimensional cumpre com a norma REACH relativamente \u00e0 sustentabilidade e \u00e0 rastreabilidade de subst\u00e2ncias qu\u00edmicas. Tem certifica\u00e7\u00e3o retardante de chama em v\u00e1rias normas e est\u00e1 dispon\u00edvel em 14 cores, desde tons mais naturais aos tons mesclados mais divertidos e irreverentes.<\/h2>\n<p><img fetchpriority=\"high\" decoding=\"async\" class=\"alignnone wp-image-158467 size-medium\" src=\"https:\/\/aldeco.pt\/staging\/wp-content\/uploads\/2024\/05\/T192820014-300x200.jpg\" alt=\"Chiado Fr - Aldeco\" width=\"300\" height=\"200\" \/><\/p>\n<p><a href=\"https:\/\/www.instagram.com\/aldeco_interiorfabrics\/\">https:\/\/www.instagram.com\/aldeco_interiorfabrics\/<\/a><\/p>\n<p><a href=\"https:\/\/aldeco.pt\/staging\/product\/chiado-fr\/?attribute_pa_aldeco-color=01-linen-gray\">https:\/\/aldeco.pt\/staging\/product\/chiado-fr\/?attribute_pa_aldeco-color=01-linen-gray<\/a><\/p>\n<p>&nbsp;<\/p>\n<p>&nbsp;<\/p>\n","protected":false},"featured_media":171800,"template":"","meta":[],"product_brand":[],"product_cat":[6145,6153,6151],"product_tag":[],"class_list":{"0":"post-192314","1":"product","2":"type-product","3":"status-publish","4":"has-post-thumbnail","6":"product_cat-aldeco-2-pt-pt-2","7":"product_cat-aldeco-smarter-pt-pt","8":"product_cat-contract-pt-pt","9":"pa_cleanability-8282","10":"pa_composition-ext-100-pl-pt-pt","11":"pa_contract-fabrics-1-pt-pt","12":"pa_interior-fabrics-1-pt-pt","13":"pa_line-tecidos","14":"pa_lithfastness-4-pt-pt","15":"pa_outdoor-0-pt-pt","16":"pa_range-jacquard-pt-pt","17":"pa_rapport-vertical-11009","18":"pa_special-treatments-fabrics-1-pt-pt","19":"pa_sustainable-fabrics-1-pt-pt","22":"first","23":"instock","24":"purchasable","25":"product-type-variable"},"acf":[],"_links":{"self":[{"href":"https:\/\/staging.aldeco.pt\/pt-pt\/wp-json\/wp\/v2\/product\/192314","targetHints":{"allow":["GET"]}}],"collection":[{"href":"https:\/\/staging.aldeco.pt\/pt-pt\/wp-json\/wp\/v2\/product"}],"about":[{"href":"https:\/\/staging.aldeco.pt\/pt-pt\/wp-json\/wp\/v2\/types\/product"}],"version-history":[{"count":2,"href":"https:\/\/staging.aldeco.pt\/pt-pt\/wp-json\/wp\/v2\/product\/192314\/revisions"}],"predecessor-version":[{"id":200691,"href":"https:\/\/staging.aldeco.pt\/pt-pt\/wp-json\/wp\/v2\/product\/192314\/revisions\/200691"}],"wp:featuredmedia":[{"embeddable":true,"href":"https:\/\/staging.aldeco.pt\/pt-pt\/wp-json\/wp\/v2\/media\/171800"}],"wp:attachment":[{"href":"https:\/\/staging.aldeco.pt\/pt-pt\/wp-json\/wp\/v2\/media?parent=192314"}],"wp:term":[{"taxonomy":"product_brand","embeddable":true,"href":"https:\/\/staging.aldeco.pt\/pt-pt\/wp-json\/wp\/v2\/product_brand?post=192314"},{"taxonomy":"product_cat","embeddable":true,"href":"https:\/\/staging.aldeco.pt\/pt-pt\/wp-json\/wp\/v2\/product_cat?post=192314"},{"taxonomy":"product_tag","embeddable":true,"href":"https:\/\/staging.aldeco.pt\/pt-pt\/wp-json\/wp\/v2\/product_tag?post=192314"}],"curies":[{"name":"wp","href":"https:\/\/api.w.org\/{rel}","templated":true}]}}