{"id":189417,"date":"2024-05-09T22:39:46","date_gmt":"2024-05-09T22:39:46","guid":{"rendered":"https:\/\/aldeco.pt\/staging\/product\/toile-life-in-outdoor-fr\/"},"modified":"2024-09-26T08:14:06","modified_gmt":"2024-09-26T08:14:06","slug":"toile-life-in-outdoor-fr","status":"publish","type":"product","link":"https:\/\/staging.aldeco.pt\/pt-pt\/product\/toile-life-in-outdoor-fr\/","title":{"rendered":"TOILE LIFE IN\/OUTDOOR FR"},"content":{"rendered":"<p>Ap\u00f3s o enorme sucesso dos veludos Life e Sealife, desenvolvemos uma solu\u00e7\u00e3o outdoor para os seus projetos mais exigentes. Este tecido panam\u00e1 estampado com um aspecto toile de jouy sobre base natural cru tem alta resist\u00eancia a todas as agress\u00f5es externas como luz solar (UV Light), cloro de piscina, \u00e1gua do mar, suor, e \u00e9 tamb\u00e9m repelente de \u00e1gua, repelente de \u00f3leo e acabamento anti manchas.<\/p>\n","protected":false},"excerpt":{"rendered":"<p>Ap\u00f3s o enorme sucesso dos veludos Life e Sealife, desenvolvemos uma solu\u00e7\u00e3o outdoor para os seus projetos mais exigentes. Este tecido panam\u00e1 estampado com um aspecto toile de jouy sobre base natural cru tem alta resist\u00eancia a todas as agress\u00f5es externas como luz solar (UV Light), cloro de piscina, \u00e1gua do mar, suor, e \u00e9 tamb\u00e9m repelente de \u00e1gua, repelente de \u00f3leo e acabamento anti manchas.<\/p>\n<h2>Toile Life In\/Outdoor FR, este tecido panam\u00e1 estampado com um aspecto toile de jouy sobre base natural cru tem alta resist\u00eancia a todas as agress\u00f5es externas como luz solar (UV Light), cloro de piscina, \u00e1gua do mar, suor, e \u00e9 tamb\u00e9m repelente de \u00e1gua, repelente de \u00f3leo e acabamento anti manchas.<\/h2>\n<p><img fetchpriority=\"high\" decoding=\"async\" class=\"alignnone size-medium wp-image-189137\" src=\"https:\/\/aldeco.pt\/staging\/wp-content\/uploads\/2024\/01\/T192220001-2-300x225.jpg\" alt=\"\" width=\"300\" height=\"225\" \/><\/p>\n<p><a href=\"https:\/\/www.instagram.com\/aldeco_interiorfabrics\/\">https:\/\/www.instagram.com\/aldeco_interiorfabrics\/<\/a><\/p>\n<p><a href=\"https:\/\/aldeco.pt\/staging\/product\/toile-life-in-outdoor-fr\/?attribute_pa_aldeco-color=01-linen\">https:\/\/aldeco.pt\/staging\/product\/toile-life-in-outdoor-fr\/?attribute_pa_aldeco-color=01-linen<\/a><\/p>\n","protected":false},"featured_media":157399,"template":"","meta":[],"product_brand":[],"product_cat":[6145],"product_tag":[],"class_list":{"0":"post-189417","1":"product","2":"type-product","3":"status-publish","4":"has-post-thumbnail","6":"product_cat-aldeco-2-pt-pt-2","7":"pa_cleanability-8282","8":"pa_composition-ext-90-pc-10-li-pt-pt","9":"pa_contract-fabrics-1-pt-pt","10":"pa_indoor-fabrics-1-pt-pt","11":"pa_interior-fabrics-1-pt-pt","12":"pa_line-tecidos","13":"pa_lithfastness-7-8-pt-pt","14":"pa_outdoor-outdoor","15":"pa_range-estampado","16":"pa_range-panama-pt-pt","17":"pa_rapport-horizontal-50-pt-pt","18":"pa_rapport-vertical-61-pt-pt","19":"pa_special-treatments-fabrics-1-pt-pt","22":"first","23":"instock","24":"purchasable","25":"product-type-variable"},"acf":[],"_links":{"self":[{"href":"https:\/\/staging.aldeco.pt\/pt-pt\/wp-json\/wp\/v2\/product\/189417","targetHints":{"allow":["GET"]}}],"collection":[{"href":"https:\/\/staging.aldeco.pt\/pt-pt\/wp-json\/wp\/v2\/product"}],"about":[{"href":"https:\/\/staging.aldeco.pt\/pt-pt\/wp-json\/wp\/v2\/types\/product"}],"version-history":[{"count":2,"href":"https:\/\/staging.aldeco.pt\/pt-pt\/wp-json\/wp\/v2\/product\/189417\/revisions"}],"predecessor-version":[{"id":200822,"href":"https:\/\/staging.aldeco.pt\/pt-pt\/wp-json\/wp\/v2\/product\/189417\/revisions\/200822"}],"wp:featuredmedia":[{"embeddable":true,"href":"https:\/\/staging.aldeco.pt\/pt-pt\/wp-json\/wp\/v2\/media\/157399"}],"wp:attachment":[{"href":"https:\/\/staging.aldeco.pt\/pt-pt\/wp-json\/wp\/v2\/media?parent=189417"}],"wp:term":[{"taxonomy":"product_brand","embeddable":true,"href":"https:\/\/staging.aldeco.pt\/pt-pt\/wp-json\/wp\/v2\/product_brand?post=189417"},{"taxonomy":"product_cat","embeddable":true,"href":"https:\/\/staging.aldeco.pt\/pt-pt\/wp-json\/wp\/v2\/product_cat?post=189417"},{"taxonomy":"product_tag","embeddable":true,"href":"https:\/\/staging.aldeco.pt\/pt-pt\/wp-json\/wp\/v2\/product_tag?post=189417"}],"curies":[{"name":"wp","href":"https:\/\/api.w.org\/{rel}","templated":true}]}}