{"id":187956,"date":"2024-05-09T20:31:50","date_gmt":"2024-05-09T20:31:50","guid":{"rendered":"https:\/\/aldeco.pt\/staging\/product\/haut-desert-fr\/"},"modified":"2024-10-01T15:31:00","modified_gmt":"2024-10-01T15:31:00","slug":"haut-desert-fr","status":"publish","type":"product","link":"https:\/\/staging.aldeco.pt\/pt-pt\/product\/haut-desert-fr\/","title":{"rendered":"HAUT D\u00c9SERT FR"},"content":{"rendered":"<p>Haut Des\u00e9rt \u00e9 um tecido jacquard acetinado que representa um ritmo din\u00e2mico e harmonioso quase como uma pauta musical. Os seus elementos gr\u00e1ficos geom\u00e9tricos inspirados na repeti\u00e7\u00e3o do tri\u00e2ngulo representam a liga\u00e7\u00e3o \u00e0 terra num momento de cria\u00e7\u00e3o ancestral cont\u00ednua. O motivo piramidal est\u00e1 muito presente neste tecido, evocando as viagens pelo Egipto, contrastando com a eleg\u00e2ncia do cetim como material nobre. Est\u00e1 dispon\u00edvel em 6 tons muito naturais.<\/p>\n","protected":false},"excerpt":{"rendered":"<p>Haut Des\u00e9rt \u00e9 um tecido jacquard acetinado que representa um ritmo din\u00e2mico e harmonioso quase como uma pauta musical. Os seus elementos gr\u00e1ficos geom\u00e9tricos inspirados na repeti\u00e7\u00e3o do tri\u00e2ngulo representam a liga\u00e7\u00e3o \u00e0 terra num momento de cria\u00e7\u00e3o ancestral cont\u00ednua. O motivo piramidal est\u00e1 muito presente neste tecido, evocando as viagens pelo Egipto, contrastando com a eleg\u00e2ncia do cetim como material nobre. Est\u00e1 dispon\u00edvel em 6 tons muito naturais.<\/p>\n<h2>Haut Des\u00e9rt \u00e9 um tecido jacquard acetinado que representa um ritmo din\u00e2mico e harmonioso quase como uma pauta musical. Os seus elementos gr\u00e1ficos geom\u00e9tricos inspirados na repeti\u00e7\u00e3o do tri\u00e2ngulo representam a liga\u00e7\u00e3o \u00e0 terra num momento de cria\u00e7\u00e3o ancestral cont\u00ednua. O motivo piramidal est\u00e1 muito presente neste tecido, evocando as viagens pelo Egipto, contrastando com a eleg\u00e2ncia do cetim como material nobre. Est\u00e1 dispon\u00edvel em 6 tons muito naturais.<\/h2>\n<p><img fetchpriority=\"high\" decoding=\"async\" class=\"alignnone wp-image-88095 size-medium\" src=\"https:\/\/aldeco.pt\/staging\/wp-content\/uploads\/2024\/01\/T193020006-3-300x200.jpg\" alt=\"Haut D\u00e9sert FR - Aldeco\" width=\"300\" height=\"200\" \/><\/p>\n<p>&nbsp;<\/p>\n<p><a href=\"https:\/\/www.instagram.com\/aldeco_interiorfabrics\/\">https:\/\/www.instagram.com\/aldeco_interiorfabrics\/<\/a><\/p>\n<p><a href=\"https:\/\/aldeco.pt\/staging\/product\/haut-desert-fr\/?attribute_pa_aldeco-color=01-linen-shades\">https:\/\/aldeco.pt\/staging\/product\/haut-desert-fr\/?attribute_pa_aldeco-color=01-linen-shades<\/a><\/p>\n<p>&nbsp;<\/p>\n","protected":false},"featured_media":159040,"template":"","meta":[],"product_brand":[],"product_cat":[6145,6151],"product_tag":[],"class_list":{"0":"post-187956","1":"product","2":"type-product","3":"status-publish","4":"has-post-thumbnail","6":"product_cat-aldeco-2-pt-pt-2","7":"product_cat-contract-pt-pt","8":"pa_cleanability-8282","9":"pa_composition-ext-62-pl-19-co-13-vi-6-li-pt-pt","10":"pa_contract-fabrics-1-pt-pt","11":"pa_interior-fabrics-1-pt-pt","12":"pa_line-tecidos","13":"pa_lithfastness-4-pt-pt","14":"pa_outdoor-0-pt-pt","15":"pa_range-jacquard-pt-pt","16":"pa_rapport-horizontal-3-5-pt-pt","17":"pa_rapport-vertical-3-pt-pt","18":"pa_special-treatments-fabrics-1-pt-pt","21":"first","22":"instock","23":"purchasable","24":"product-type-variable"},"acf":[],"_links":{"self":[{"href":"https:\/\/staging.aldeco.pt\/pt-pt\/wp-json\/wp\/v2\/product\/187956","targetHints":{"allow":["GET"]}}],"collection":[{"href":"https:\/\/staging.aldeco.pt\/pt-pt\/wp-json\/wp\/v2\/product"}],"about":[{"href":"https:\/\/staging.aldeco.pt\/pt-pt\/wp-json\/wp\/v2\/types\/product"}],"version-history":[{"count":3,"href":"https:\/\/staging.aldeco.pt\/pt-pt\/wp-json\/wp\/v2\/product\/187956\/revisions"}],"predecessor-version":[{"id":201732,"href":"https:\/\/staging.aldeco.pt\/pt-pt\/wp-json\/wp\/v2\/product\/187956\/revisions\/201732"}],"wp:featuredmedia":[{"embeddable":true,"href":"https:\/\/staging.aldeco.pt\/pt-pt\/wp-json\/wp\/v2\/media\/159040"}],"wp:attachment":[{"href":"https:\/\/staging.aldeco.pt\/pt-pt\/wp-json\/wp\/v2\/media?parent=187956"}],"wp:term":[{"taxonomy":"product_brand","embeddable":true,"href":"https:\/\/staging.aldeco.pt\/pt-pt\/wp-json\/wp\/v2\/product_brand?post=187956"},{"taxonomy":"product_cat","embeddable":true,"href":"https:\/\/staging.aldeco.pt\/pt-pt\/wp-json\/wp\/v2\/product_cat?post=187956"},{"taxonomy":"product_tag","embeddable":true,"href":"https:\/\/staging.aldeco.pt\/pt-pt\/wp-json\/wp\/v2\/product_tag?post=187956"}],"curies":[{"name":"wp","href":"https:\/\/api.w.org\/{rel}","templated":true}]}}