{"id":187501,"date":"2024-05-09T22:51:02","date_gmt":"2024-05-09T22:51:02","guid":{"rendered":"https:\/\/aldeco.pt\/staging\/product\/unique\/"},"modified":"2024-08-06T11:15:46","modified_gmt":"2024-08-06T11:15:46","slug":"unique","status":"publish","type":"product","link":"https:\/\/staging.aldeco.pt\/pt-pt\/product\/unique\/","title":{"rendered":"UNIQUE"},"content":{"rendered":"<p>UNIQUE \u00e9 um tecido composto por um micro-padr\u00e3o, extremamente vers\u00e1til e dur\u00e1vel com resist\u00eancia \u00e0 abras\u00e3o superior a 50.000 ciclos. Dispon\u00edvel em 6 cores b\u00e1sicas.<\/p>\n","protected":false},"excerpt":{"rendered":"<p>UNIQUE \u00e9 um tecido composto por um micro-padr\u00e3o, extremamente vers\u00e1til e dur\u00e1vel com resist\u00eancia \u00e0 abras\u00e3o superior a 50.000 ciclos. Dispon\u00edvel em 6 cores b\u00e1sicas.<\/p>\n<h2>UNIQUE \u00e9 um tecido composto por um micro-padr\u00e3o, extremamente vers\u00e1til e dur\u00e1vel com resist\u00eancia \u00e0 abras\u00e3o superior a 50.000 ciclos. Dispon\u00edvel em 6 cores b\u00e1sicas.<\/h2>\n<p><img fetchpriority=\"high\" decoding=\"async\" class=\"alignnone wp-image-189242 size-medium\" src=\"https:\/\/aldeco.pt\/staging\/wp-content\/uploads\/2024\/01\/T190740001-3-300x200.jpg\" alt=\"Unique - Aldeco\" width=\"300\" height=\"200\"><\/p>\n<p><a href=\"https:\/\/www.instagram.com\/aldeco_interiorfabrics\/\">https:\/\/www.instagram.com\/aldeco_interiorfabrics\/<\/a><\/p>\n<p><a href=\"https:\/\/aldeco.pt\/staging\/product\/unique\/?attribute_pa_aldeco-color=01-ivory\">https:\/\/aldeco.pt\/staging\/product\/unique\/?attribute_pa_aldeco-color=01-ivory<\/a><\/p>\n","protected":false},"featured_media":157559,"template":"","meta":[],"product_brand":[],"product_cat":[6145],"product_tag":[],"class_list":{"0":"post-187501","1":"product","2":"type-product","3":"status-publish","4":"has-post-thumbnail","6":"product_cat-aldeco-2-pt-pt-2","7":"pa_cleanability-8282","8":"pa_composition-ext-45-vi-22-li-17-pl-16-co-pt-pt","9":"pa_interior-fabrics-1-pt-pt","10":"pa_line-tecidos","11":"pa_lithfastness-4-pt-pt","12":"pa_outdoor-0-pt-pt","13":"pa_range-jacquard-pt-pt","14":"pa_rapport-vertical-11009","17":"first","18":"instock","19":"purchasable","20":"product-type-variable"},"acf":[],"_links":{"self":[{"href":"https:\/\/staging.aldeco.pt\/pt-pt\/wp-json\/wp\/v2\/product\/187501","targetHints":{"allow":["GET"]}}],"collection":[{"href":"https:\/\/staging.aldeco.pt\/pt-pt\/wp-json\/wp\/v2\/product"}],"about":[{"href":"https:\/\/staging.aldeco.pt\/pt-pt\/wp-json\/wp\/v2\/types\/product"}],"version-history":[{"count":1,"href":"https:\/\/staging.aldeco.pt\/pt-pt\/wp-json\/wp\/v2\/product\/187501\/revisions"}],"predecessor-version":[{"id":193261,"href":"https:\/\/staging.aldeco.pt\/pt-pt\/wp-json\/wp\/v2\/product\/187501\/revisions\/193261"}],"wp:featuredmedia":[{"embeddable":true,"href":"https:\/\/staging.aldeco.pt\/pt-pt\/wp-json\/wp\/v2\/media\/157559"}],"wp:attachment":[{"href":"https:\/\/staging.aldeco.pt\/pt-pt\/wp-json\/wp\/v2\/media?parent=187501"}],"wp:term":[{"taxonomy":"product_brand","embeddable":true,"href":"https:\/\/staging.aldeco.pt\/pt-pt\/wp-json\/wp\/v2\/product_brand?post=187501"},{"taxonomy":"product_cat","embeddable":true,"href":"https:\/\/staging.aldeco.pt\/pt-pt\/wp-json\/wp\/v2\/product_cat?post=187501"},{"taxonomy":"product_tag","embeddable":true,"href":"https:\/\/staging.aldeco.pt\/pt-pt\/wp-json\/wp\/v2\/product_tag?post=187501"}],"curies":[{"name":"wp","href":"https:\/\/api.w.org\/{rel}","templated":true}]}}