{"id":187477,"date":"2024-05-09T22:50:36","date_gmt":"2024-05-09T22:50:36","guid":{"rendered":"https:\/\/aldeco.pt\/staging\/product\/union\/"},"modified":"2024-10-09T16:39:26","modified_gmt":"2024-10-09T16:39:26","slug":"union","status":"publish","type":"product","link":"https:\/\/staging.aldeco.pt\/pt-pt\/product\/union\/","title":{"rendered":"UNION"},"content":{"rendered":"<p>Union \u00e9 um fabuloso tecido em jacquard com desenhos geom\u00e9tricos retangulares. A paleta de cores deste tecido \u00e9 super elegante e requintada, indo desde os silver e os nudes, at\u00e9 aos tons mais dourados e acobreados, com um ligeiro brilho.<\/p>\n","protected":false},"excerpt":{"rendered":"<p>Union \u00e9 um fabuloso tecido em jacquard com desenhos geom\u00e9tricos retangulares. A paleta de cores deste tecido \u00e9 super elegante e requintada, indo desde os silver e os nudes, at\u00e9 aos tons mais dourados e acobreados, com um ligeiro brilho.<\/p>\n<h2>Union \u00e9 um fabuloso tecido em jacquard com desenhos geom\u00e9tricos retangulares. A paleta de cores deste tecido \u00e9 super elegante e requintada, indo desde os silver e os nudes, at\u00e9 aos tons mais dourados e acobreados, com um ligeiro brilho.<\/h2>\n<p><img fetchpriority=\"high\" decoding=\"async\" class=\"alignnone wp-image-189236 size-medium\" src=\"https:\/\/aldeco.pt\/staging\/wp-content\/uploads\/2024\/03\/T190220001-300x200.jpg\" alt=\"Union - Aldeco\" width=\"300\" height=\"200\" \/><\/p>\n<p><a href=\"https:\/\/www.instagram.com\/aldeco_interiorfabrics\/\">https:\/\/www.instagram.com\/aldeco_interiorfabrics\/<\/a><\/p>\n<p><a href=\"https:\/\/aldeco.pt\/staging\/product\/union\/?attribute_pa_aldeco-color=01-oyster\">https:\/\/aldeco.pt\/staging\/product\/union\/?attribute_pa_aldeco-color=01-oyster<\/a><\/p>\n","protected":false},"featured_media":160915,"template":"","meta":[],"product_brand":[],"product_cat":[6145],"product_tag":[],"class_list":{"0":"post-187477","1":"product","2":"type-product","3":"status-publish","4":"has-post-thumbnail","6":"product_cat-aldeco-2-pt-pt-2","7":"pa_cleanability-8282","8":"pa_composition-ext-49-06-pes-50-94-li-pt-pt","9":"pa_interior-fabrics-1-pt-pt","10":"pa_line-tecidos","11":"pa_lithfastness-9680","12":"pa_outdoor-0-pt-pt","13":"pa_range-jacquard-pt-pt","14":"pa_rapport-vertical-11009","17":"first","18":"instock","19":"purchasable","20":"product-type-variable"},"acf":[],"_links":{"self":[{"href":"https:\/\/staging.aldeco.pt\/pt-pt\/wp-json\/wp\/v2\/product\/187477","targetHints":{"allow":["GET"]}}],"collection":[{"href":"https:\/\/staging.aldeco.pt\/pt-pt\/wp-json\/wp\/v2\/product"}],"about":[{"href":"https:\/\/staging.aldeco.pt\/pt-pt\/wp-json\/wp\/v2\/types\/product"}],"version-history":[{"count":2,"href":"https:\/\/staging.aldeco.pt\/pt-pt\/wp-json\/wp\/v2\/product\/187477\/revisions"}],"predecessor-version":[{"id":202165,"href":"https:\/\/staging.aldeco.pt\/pt-pt\/wp-json\/wp\/v2\/product\/187477\/revisions\/202165"}],"wp:featuredmedia":[{"embeddable":true,"href":"https:\/\/staging.aldeco.pt\/pt-pt\/wp-json\/wp\/v2\/media\/160915"}],"wp:attachment":[{"href":"https:\/\/staging.aldeco.pt\/pt-pt\/wp-json\/wp\/v2\/media?parent=187477"}],"wp:term":[{"taxonomy":"product_brand","embeddable":true,"href":"https:\/\/staging.aldeco.pt\/pt-pt\/wp-json\/wp\/v2\/product_brand?post=187477"},{"taxonomy":"product_cat","embeddable":true,"href":"https:\/\/staging.aldeco.pt\/pt-pt\/wp-json\/wp\/v2\/product_cat?post=187477"},{"taxonomy":"product_tag","embeddable":true,"href":"https:\/\/staging.aldeco.pt\/pt-pt\/wp-json\/wp\/v2\/product_tag?post=187477"}],"curies":[{"name":"wp","href":"https:\/\/api.w.org\/{rel}","templated":true}]}}