{"id":187398,"date":"2024-05-09T22:50:11","date_gmt":"2024-05-09T22:50:11","guid":{"rendered":"https:\/\/aldeco.pt\/staging\/product\/twinkle-fr\/"},"modified":"2024-08-06T11:15:47","modified_gmt":"2024-08-06T11:15:47","slug":"twinkle-fr","status":"publish","type":"product","link":"https:\/\/staging.aldeco.pt\/pt-pt\/product\/twinkle-fr\/","title":{"rendered":"TWINKLE FR"},"content":{"rendered":"<p>Twinkle FR \u00e9 um magnif\u00edco chevron dispon\u00edvel em 7 cores elegantes e vers\u00e1teis.<\/p>\n","protected":false},"excerpt":{"rendered":"<p>Twinkle FR \u00e9 um magnif\u00edco chevron dispon\u00edvel em 7 cores elegantes e vers\u00e1teis.<\/p>\n<h2>Twinkle FR \u00e9 um magnif\u00edco chevron dispon\u00edvel em 7 cores elegantes e vers\u00e1teis.<\/h2>\n<p><img fetchpriority=\"high\" decoding=\"async\" class=\"alignnone wp-image-189230 size-medium\" src=\"https:\/\/aldeco.pt\/staging\/wp-content\/uploads\/2024\/03\/T190050001-300x240.jpg\" alt=\"Twinkle FR - Aldeco\" width=\"300\" height=\"240\"><\/p>\n<p><a href=\"https:\/\/www.instagram.com\/aldeco_interiorfabrics\/\">https:\/\/www.instagram.com\/aldeco_interiorfabrics\/<\/a><\/p>\n<p><a href=\"https:\/\/aldeco.pt\/staging\/product\/twinkle-fr\/?attribute_pa_aldeco-color=01-naturals\">https:\/\/aldeco.pt\/staging\/product\/twinkle-fr\/?attribute_pa_aldeco-color=01-naturals<\/a><\/p>\n","protected":false},"featured_media":160913,"template":"","meta":[],"product_brand":[],"product_cat":[6153],"product_tag":[],"class_list":{"0":"post-187398","1":"product","2":"type-product","3":"status-publish","4":"has-post-thumbnail","6":"product_cat-aldeco-smarter-pt-pt","7":"pa_cleanability-8282","8":"pa_composition-ext-56-co-20-pl-16-vi-8-li-pt-pt","9":"pa_contract-fabrics-1-pt-pt","10":"pa_interior-fabrics-1-pt-pt","11":"pa_line-tecidos","12":"pa_lithfastness-4-pt-pt","13":"pa_outdoor-0-pt-pt","14":"pa_range-coated-pt-pt","15":"pa_range-jacquard-pt-pt","16":"pa_rapport-horizontal-6-5-pt-pt","17":"pa_rapport-vertical-4-pt-pt","18":"pa_special-treatments-fabrics-1-pt-pt","21":"first","22":"instock","23":"purchasable","24":"product-type-variable"},"acf":[],"_links":{"self":[{"href":"https:\/\/staging.aldeco.pt\/pt-pt\/wp-json\/wp\/v2\/product\/187398","targetHints":{"allow":["GET"]}}],"collection":[{"href":"https:\/\/staging.aldeco.pt\/pt-pt\/wp-json\/wp\/v2\/product"}],"about":[{"href":"https:\/\/staging.aldeco.pt\/pt-pt\/wp-json\/wp\/v2\/types\/product"}],"version-history":[{"count":1,"href":"https:\/\/staging.aldeco.pt\/pt-pt\/wp-json\/wp\/v2\/product\/187398\/revisions"}],"predecessor-version":[{"id":193263,"href":"https:\/\/staging.aldeco.pt\/pt-pt\/wp-json\/wp\/v2\/product\/187398\/revisions\/193263"}],"wp:featuredmedia":[{"embeddable":true,"href":"https:\/\/staging.aldeco.pt\/pt-pt\/wp-json\/wp\/v2\/media\/160913"}],"wp:attachment":[{"href":"https:\/\/staging.aldeco.pt\/pt-pt\/wp-json\/wp\/v2\/media?parent=187398"}],"wp:term":[{"taxonomy":"product_brand","embeddable":true,"href":"https:\/\/staging.aldeco.pt\/pt-pt\/wp-json\/wp\/v2\/product_brand?post=187398"},{"taxonomy":"product_cat","embeddable":true,"href":"https:\/\/staging.aldeco.pt\/pt-pt\/wp-json\/wp\/v2\/product_cat?post=187398"},{"taxonomy":"product_tag","embeddable":true,"href":"https:\/\/staging.aldeco.pt\/pt-pt\/wp-json\/wp\/v2\/product_tag?post=187398"}],"curies":[{"name":"wp","href":"https:\/\/api.w.org\/{rel}","templated":true}]}}