{"id":187366,"date":"2024-05-09T22:45:25","date_gmt":"2024-05-09T22:45:25","guid":{"rendered":"https:\/\/aldeco.pt\/staging\/product\/tulu-fr-teflon\/"},"modified":"2024-10-09T16:48:42","modified_gmt":"2024-10-09T16:48:42","slug":"tulu-fr-teflon","status":"publish","type":"product","link":"https:\/\/staging.aldeco.pt\/pt-pt\/product\/tulu-fr-teflon\/","title":{"rendered":"TULU FR + TEFLON"},"content":{"rendered":"<p>\u00c9 um tecido de estofo com aspecto mesclado muito natural. Este tecido est\u00e1 dispon\u00edvel com acabamento repelente de \u00e1gua (TEFLON) e com certifica\u00e7\u00e3o ign\u00edfuga para utiliza\u00e7\u00e3o em todos os seus projetos. Este tecido \u00e9 muito resistente \u00e0 abras\u00e3o e encontra-se dispon\u00edvel em 33 tons.<\/p>\n","protected":false},"excerpt":{"rendered":"<p>\u00c9 um tecido de estofo com aspecto mesclado muito natural. Este tecido est\u00e1 dispon\u00edvel com acabamento repelente de \u00e1gua (TEFLON) e com certifica\u00e7\u00e3o ign\u00edfuga para utiliza\u00e7\u00e3o em todos os seus projetos. Este tecido \u00e9 muito resistente \u00e0 abras\u00e3o e encontra-se dispon\u00edvel em 33 tons.<\/p>\n<h2>Tulu FR + Teflon \u00e9 um tecido de estofo com aspecto mesclado muito natural. Este tecido est\u00e1 dispon\u00edvel com acabamento repelente de \u00e1gua (TEFLON) e com certifica\u00e7\u00e3o ign\u00edfuga para utiliza\u00e7\u00e3o em todos os seus projetos. Este tecido \u00e9 muito resistente \u00e0 abras\u00e3o e encontra-se dispon\u00edvel em 33 tons.<\/h2>\n<p><img fetchpriority=\"high\" decoding=\"async\" class=\"alignnone wp-image-80841 size-medium\" src=\"https:\/\/aldeco.pt\/staging\/wp-content\/uploads\/2024\/01\/T017580004-1-300x280.jpg\" alt=\"Tulu FR + Teflon - Aldeco\" width=\"300\" height=\"280\" \/><\/p>\n<p><a href=\"https:\/\/www.instagram.com\/aldeco_interiorfabrics\/\">https:\/\/www.instagram.com\/aldeco_interiorfabrics\/<\/a><\/p>\n<p><a href=\"https:\/\/aldeco.pt\/staging\/product\/tulu-fr-teflon\/?attribute_pa_aldeco-color=02-prairie-sunset\">https:\/\/aldeco.pt\/staging\/product\/tulu-fr-teflon\/?attribute_pa_aldeco-color=02-prairie-sunset<\/a><\/p>\n","protected":false},"featured_media":166719,"template":"","meta":[],"product_brand":[],"product_cat":[6145],"product_tag":[],"class_list":{"0":"post-187366","1":"product","2":"type-product","3":"status-publish","4":"has-post-thumbnail","6":"product_cat-aldeco-2-pt-pt-2","7":"pa_cleanability-8282","8":"pa_composition-ext-53-70-ac-46-30-pl-pt-pt","9":"pa_contract-fabrics-1-pt-pt","10":"pa_interior-fabrics-1-pt-pt","11":"pa_line-tecidos","12":"pa_lithfastness-3-4-pt-pt","13":"pa_outdoor-0-pt-pt","14":"pa_range-liso","15":"pa_range-panama-pt-pt","16":"pa_rapport-vertical-11009","17":"pa_special-treatments-fabrics-1-pt-pt","20":"first","21":"instock","22":"purchasable","23":"product-type-variable"},"acf":[],"_links":{"self":[{"href":"https:\/\/staging.aldeco.pt\/pt-pt\/wp-json\/wp\/v2\/product\/187366","targetHints":{"allow":["GET"]}}],"collection":[{"href":"https:\/\/staging.aldeco.pt\/pt-pt\/wp-json\/wp\/v2\/product"}],"about":[{"href":"https:\/\/staging.aldeco.pt\/pt-pt\/wp-json\/wp\/v2\/types\/product"}],"version-history":[{"count":3,"href":"https:\/\/staging.aldeco.pt\/pt-pt\/wp-json\/wp\/v2\/product\/187366\/revisions"}],"predecessor-version":[{"id":204814,"href":"https:\/\/staging.aldeco.pt\/pt-pt\/wp-json\/wp\/v2\/product\/187366\/revisions\/204814"}],"wp:featuredmedia":[{"embeddable":true,"href":"https:\/\/staging.aldeco.pt\/pt-pt\/wp-json\/wp\/v2\/media\/166719"}],"wp:attachment":[{"href":"https:\/\/staging.aldeco.pt\/pt-pt\/wp-json\/wp\/v2\/media?parent=187366"}],"wp:term":[{"taxonomy":"product_brand","embeddable":true,"href":"https:\/\/staging.aldeco.pt\/pt-pt\/wp-json\/wp\/v2\/product_brand?post=187366"},{"taxonomy":"product_cat","embeddable":true,"href":"https:\/\/staging.aldeco.pt\/pt-pt\/wp-json\/wp\/v2\/product_cat?post=187366"},{"taxonomy":"product_tag","embeddable":true,"href":"https:\/\/staging.aldeco.pt\/pt-pt\/wp-json\/wp\/v2\/product_tag?post=187366"}],"curies":[{"name":"wp","href":"https:\/\/api.w.org\/{rel}","templated":true}]}}