{"id":187312,"date":"2024-05-09T22:48:18","date_gmt":"2024-05-09T22:48:18","guid":{"rendered":"https:\/\/aldeco.pt\/staging\/product\/tweeter\/"},"modified":"2024-09-16T14:21:56","modified_gmt":"2024-09-16T14:21:56","slug":"tweeter","status":"publish","type":"product","link":"https:\/\/staging.aldeco.pt\/pt-pt\/product\/tweeter\/","title":{"rendered":"TWEETER"},"content":{"rendered":"<p>Tecido jacquard com um desenho geom\u00e9trico com efeito estrutural e tridimensional. A sua inspira\u00e7\u00e3o vem do mundo da tecnologia, onde podemos misturar natureza com o mundo infinito da web, como por exemplo, as redes sociais. Este tecido tem 280 cm de largura e est\u00e1 dispon\u00edvel em 12 cores. Perfeito para colchas e cortinas.<\/p>\n","protected":false},"excerpt":{"rendered":"<p>Tecido jacquard com um desenho geom\u00e9trico com efeito estrutural e tridimensional. A sua inspira\u00e7\u00e3o vem do mundo da tecnologia, onde podemos misturar natureza com o mundo infinito da web, como por exemplo, as redes sociais. Este tecido tem 280 cm de largura e est\u00e1 dispon\u00edvel em 12 cores. Perfeito para colchas e cortinas.<\/p>\n<h2>Tweeter \u00e9 um tecido jacquard com um desenho geom\u00e9trico com efeito estrutural e tridimensional. A sua inspira\u00e7\u00e3o vem do mundo da tecnologia, onde podemos misturar natureza com o mundo infinito da web, como por exemplo, as redes sociais. Este tecido tem 280 cm de largura e est\u00e1 dispon\u00edvel em 12 cores. Perfeito para colchas e cortinas.<\/h2>\n<p><img fetchpriority=\"high\" decoding=\"async\" class=\"alignnone wp-image-189213 size-medium\" src=\"https:\/\/aldeco.pt\/staging\/wp-content\/uploads\/2024\/03\/T019330001-300x240.jpg\" alt=\"Tweeter - Aldeco\" width=\"300\" height=\"240\" \/><\/p>\n<p><a href=\"https:\/\/www.instagram.com\/aldeco_interiorfabrics\/\">https:\/\/www.instagram.com\/aldeco_interiorfabrics\/<\/a><\/p>\n<p><a href=\"https:\/\/aldeco.pt\/staging\/product\/tweeter\/?attribute_pa_aldeco-color=01-white-silver\">https:\/\/aldeco.pt\/staging\/product\/tweeter\/?attribute_pa_aldeco-color=01-white-silver<\/a><\/p>\n","protected":false},"featured_media":157527,"template":"","meta":[],"product_brand":[],"product_cat":[6145],"product_tag":[],"class_list":{"0":"post-187312","1":"product","2":"type-product","3":"status-publish","4":"has-post-thumbnail","6":"product_cat-aldeco-2-pt-pt-2","7":"pa_cleanability-8282","8":"pa_composition-ext-59-co-41-pl-pt-pt","9":"pa_interior-fabrics-1-pt-pt","10":"pa_line-tecidos","11":"pa_lithfastness-4-5-pt-pt","12":"pa_outdoor-0-pt-pt","13":"pa_range-jacquard-pt-pt","14":"pa_rapport-horizontal-17-5-pt-pt","15":"pa_rapport-vertical-16-6-pt-pt","18":"first","19":"instock","20":"purchasable","21":"product-type-variable"},"acf":[],"_links":{"self":[{"href":"https:\/\/staging.aldeco.pt\/pt-pt\/wp-json\/wp\/v2\/product\/187312","targetHints":{"allow":["GET"]}}],"collection":[{"href":"https:\/\/staging.aldeco.pt\/pt-pt\/wp-json\/wp\/v2\/product"}],"about":[{"href":"https:\/\/staging.aldeco.pt\/pt-pt\/wp-json\/wp\/v2\/types\/product"}],"version-history":[{"count":2,"href":"https:\/\/staging.aldeco.pt\/pt-pt\/wp-json\/wp\/v2\/product\/187312\/revisions"}],"predecessor-version":[{"id":200629,"href":"https:\/\/staging.aldeco.pt\/pt-pt\/wp-json\/wp\/v2\/product\/187312\/revisions\/200629"}],"wp:featuredmedia":[{"embeddable":true,"href":"https:\/\/staging.aldeco.pt\/pt-pt\/wp-json\/wp\/v2\/media\/157527"}],"wp:attachment":[{"href":"https:\/\/staging.aldeco.pt\/pt-pt\/wp-json\/wp\/v2\/media?parent=187312"}],"wp:term":[{"taxonomy":"product_brand","embeddable":true,"href":"https:\/\/staging.aldeco.pt\/pt-pt\/wp-json\/wp\/v2\/product_brand?post=187312"},{"taxonomy":"product_cat","embeddable":true,"href":"https:\/\/staging.aldeco.pt\/pt-pt\/wp-json\/wp\/v2\/product_cat?post=187312"},{"taxonomy":"product_tag","embeddable":true,"href":"https:\/\/staging.aldeco.pt\/pt-pt\/wp-json\/wp\/v2\/product_tag?post=187312"}],"curies":[{"name":"wp","href":"https:\/\/api.w.org\/{rel}","templated":true}]}}