{"id":187275,"date":"2024-05-09T22:34:03","date_gmt":"2024-05-09T22:34:03","guid":{"rendered":"https:\/\/aldeco.pt\/staging\/product\/thara-teflon\/"},"modified":"2024-09-30T08:50:05","modified_gmt":"2024-09-30T08:50:05","slug":"thara-teflon","status":"publish","type":"product","link":"https:\/\/staging.aldeco.pt\/pt-pt\/product\/thara-teflon\/","title":{"rendered":"THARA + TEFLON"},"content":{"rendered":"<p>\u00c9 um tecido de estofo com acabamento repelente de \u00e1gua. Trata-se de uma microfibra com um toque tipo pele de p\u00eassego muito suave e doce simplesmente irresist\u00edvel. Dispon\u00edvel com acabamento retardante de chama sob consulta. Est\u00e1 dispon\u00edvel em 47 cores.<\/p>\n","protected":false},"excerpt":{"rendered":"<p>\u00c9 um tecido de estofo com acabamento repelente de \u00e1gua. Trata-se de uma microfibra com um toque tipo pele de p\u00eassego muito suave e doce simplesmente irresist\u00edvel. Dispon\u00edvel com acabamento retardante de chama sob consulta. Est\u00e1 dispon\u00edvel em 47 cores.<\/p>\n<h2>Thara + Teflon \u00e9 um tecido de estofo com acabamento repelente de \u00e1gua. Trata-se de uma microfibra com um toque tipo pele de p\u00eassego muito suave e doce simplesmente irresist\u00edvel. Dispon\u00edvel com acabamento retardante de chama sob consulta. Est\u00e1 dispon\u00edvel em 47 cores.<\/h2>\n<p><img fetchpriority=\"high\" decoding=\"async\" class=\"alignnone size-medium wp-image-189115\" src=\"https:\/\/aldeco.pt\/staging\/wp-content\/uploads\/2024\/03\/T017690001-300x280.jpg\" alt=\"\" width=\"300\" height=\"280\" \/><\/p>\n<p><a href=\"https:\/\/www.instagram.com\/aldeco_interiorfabrics\/\">https:\/\/www.instagram.com\/aldeco_interiorfabrics\/<\/a><\/p>\n<p><a href=\"https:\/\/aldeco.pt\/staging\/product\/thara-teflon\/?attribute_pa_aldeco-color=01-white\">https:\/\/aldeco.pt\/staging\/product\/thara-teflon\/?attribute_pa_aldeco-color=01-white<\/a><\/p>\n","protected":false},"featured_media":172192,"template":"","meta":[],"product_brand":[],"product_cat":[6145],"product_tag":[],"class_list":{"0":"post-187275","1":"product","2":"type-product","3":"status-publish","4":"has-post-thumbnail","6":"product_cat-aldeco-2-pt-pt-2","7":"pa_cleanability-8282","8":"pa_composition-ext-100-pl-pt-pt","9":"pa_interior-fabrics-1-pt-pt","10":"pa_line-tecidos","11":"pa_lithfastness-4-pt-pt","12":"pa_outdoor-0-pt-pt","13":"pa_range-liso","14":"pa_rapport-vertical-11009","17":"first","18":"instock","19":"purchasable","20":"product-type-variable"},"acf":[],"_links":{"self":[{"href":"https:\/\/staging.aldeco.pt\/pt-pt\/wp-json\/wp\/v2\/product\/187275","targetHints":{"allow":["GET"]}}],"collection":[{"href":"https:\/\/staging.aldeco.pt\/pt-pt\/wp-json\/wp\/v2\/product"}],"about":[{"href":"https:\/\/staging.aldeco.pt\/pt-pt\/wp-json\/wp\/v2\/types\/product"}],"version-history":[{"count":2,"href":"https:\/\/staging.aldeco.pt\/pt-pt\/wp-json\/wp\/v2\/product\/187275\/revisions"}],"predecessor-version":[{"id":200915,"href":"https:\/\/staging.aldeco.pt\/pt-pt\/wp-json\/wp\/v2\/product\/187275\/revisions\/200915"}],"wp:featuredmedia":[{"embeddable":true,"href":"https:\/\/staging.aldeco.pt\/pt-pt\/wp-json\/wp\/v2\/media\/172192"}],"wp:attachment":[{"href":"https:\/\/staging.aldeco.pt\/pt-pt\/wp-json\/wp\/v2\/media?parent=187275"}],"wp:term":[{"taxonomy":"product_brand","embeddable":true,"href":"https:\/\/staging.aldeco.pt\/pt-pt\/wp-json\/wp\/v2\/product_brand?post=187275"},{"taxonomy":"product_cat","embeddable":true,"href":"https:\/\/staging.aldeco.pt\/pt-pt\/wp-json\/wp\/v2\/product_cat?post=187275"},{"taxonomy":"product_tag","embeddable":true,"href":"https:\/\/staging.aldeco.pt\/pt-pt\/wp-json\/wp\/v2\/product_tag?post=187275"}],"curies":[{"name":"wp","href":"https:\/\/api.w.org\/{rel}","templated":true}]}}