{"id":187215,"date":"2024-05-09T22:33:41","date_gmt":"2024-05-09T22:33:41","guid":{"rendered":"https:\/\/aldeco.pt\/staging\/product\/terrasse-in-outdoor\/"},"modified":"2024-08-06T11:16:01","modified_gmt":"2024-08-06T11:16:01","slug":"terrasse-in-outdoor","status":"publish","type":"product","link":"https:\/\/staging.aldeco.pt\/pt-pt\/product\/terrasse-in-outdoor\/","title":{"rendered":"TERRASSE IN\/OUTDOOR"},"content":{"rendered":"<p>Tecido Jacquard com motivo geom\u00e9trico inspirado na desconstru\u00e7\u00e3o dos veios da madeira das constru\u00e7\u00f5es t\u00edpicas dos terra\u00e7os na Comporta.<\/p>\n","protected":false},"excerpt":{"rendered":"<p>Tecido Jacquard com motivo geom\u00e9trico inspirado na desconstru\u00e7\u00e3o dos veios da madeira das constru\u00e7\u00f5es t\u00edpicas dos terra\u00e7os na Comporta.<\/p>\n<h2>Terrasse In\/Outdoor \u00e9 um tecido Jacquard com motivo geom\u00e9trico inspirado na desconstru\u00e7\u00e3o dos veios da madeira das constru\u00e7\u00f5es t\u00edpicas dos terra\u00e7os na Comporta.<\/h2>\n<p><img fetchpriority=\"high\" decoding=\"async\" class=\"alignnone wp-image-189109 size-medium\" src=\"https:\/\/aldeco.pt\/staging\/wp-content\/uploads\/2024\/01\/T192170001-3-300x200.jpg\" alt=\"Terrasse In\/Outdoor - Aldeco\" width=\"300\" height=\"200\"><\/p>\n<p><a href=\"https:\/\/www.instagram.com\/aldeco_interiorfabrics\/\">https:\/\/www.instagram.com\/aldeco_interiorfabrics\/<\/a><\/p>\n<p><a href=\"https:\/\/aldeco.pt\/staging\/product\/terrasse-in-outdoor\/?attribute_pa_aldeco-color=01-white-linen\">https:\/\/aldeco.pt\/staging\/product\/terrasse-in-outdoor\/?attribute_pa_aldeco-color=01-white-linen<\/a><\/p>\n","protected":false},"featured_media":157343,"template":"","meta":[],"product_brand":[],"product_cat":[6145],"product_tag":[],"class_list":{"0":"post-187215","1":"product","2":"type-product","3":"status-publish","4":"has-post-thumbnail","6":"product_cat-aldeco-2-pt-pt-2","7":"pa_cleanability-8282","8":"pa_composition-ext-80-pp-20-pl-pt-pt","9":"pa_contract-fabrics-1-pt-pt","10":"pa_indoor-fabrics-1-pt-pt","11":"pa_interior-fabrics-1-pt-pt","12":"pa_line-tecidos","13":"pa_lithfastness-7-pt-pt","14":"pa_outdoor-outdoor","15":"pa_range-jacquard-pt-pt","16":"pa_rapport-horizontal-4-5-pt-pt","17":"pa_rapport-vertical-9-pt-pt","18":"pa_special-treatments-fabrics-1-pt-pt","21":"first","22":"instock","23":"purchasable","24":"product-type-variable"},"acf":[],"_links":{"self":[{"href":"https:\/\/staging.aldeco.pt\/pt-pt\/wp-json\/wp\/v2\/product\/187215","targetHints":{"allow":["GET"]}}],"collection":[{"href":"https:\/\/staging.aldeco.pt\/pt-pt\/wp-json\/wp\/v2\/product"}],"about":[{"href":"https:\/\/staging.aldeco.pt\/pt-pt\/wp-json\/wp\/v2\/types\/product"}],"version-history":[{"count":1,"href":"https:\/\/staging.aldeco.pt\/pt-pt\/wp-json\/wp\/v2\/product\/187215\/revisions"}],"predecessor-version":[{"id":193295,"href":"https:\/\/staging.aldeco.pt\/pt-pt\/wp-json\/wp\/v2\/product\/187215\/revisions\/193295"}],"wp:featuredmedia":[{"embeddable":true,"href":"https:\/\/staging.aldeco.pt\/pt-pt\/wp-json\/wp\/v2\/media\/157343"}],"wp:attachment":[{"href":"https:\/\/staging.aldeco.pt\/pt-pt\/wp-json\/wp\/v2\/media?parent=187215"}],"wp:term":[{"taxonomy":"product_brand","embeddable":true,"href":"https:\/\/staging.aldeco.pt\/pt-pt\/wp-json\/wp\/v2\/product_brand?post=187215"},{"taxonomy":"product_cat","embeddable":true,"href":"https:\/\/staging.aldeco.pt\/pt-pt\/wp-json\/wp\/v2\/product_cat?post=187215"},{"taxonomy":"product_tag","embeddable":true,"href":"https:\/\/staging.aldeco.pt\/pt-pt\/wp-json\/wp\/v2\/product_tag?post=187215"}],"curies":[{"name":"wp","href":"https:\/\/api.w.org\/{rel}","templated":true}]}}