{"id":187033,"date":"2024-05-24T11:44:45","date_gmt":"2024-05-24T11:44:45","guid":{"rendered":"https:\/\/aldeco.pt\/staging\/product\/roots-fr-crib-5\/"},"modified":"2024-09-25T10:46:51","modified_gmt":"2024-09-25T10:46:51","slug":"roots-fr-crib-5","status":"publish","type":"product","link":"https:\/\/staging.aldeco.pt\/pt-pt\/product\/roots-fr-crib-5\/","title":{"rendered":"ROOTS FR CRIB 5"},"content":{"rendered":"<p>\u00c9 um tecido de estofo desenvolvido especialmente para contract, com elevada resist\u00eancia \u00e0 abras\u00e3o e que cumpre v\u00e1rias normas de retardante de chama. Possui um aspeto texturado e alinhado muito natural imprescind\u00edvel para os seus projetos.<\/p>\n","protected":false},"excerpt":{"rendered":"<p>\u00c9 um tecido de estofo desenvolvido especialmente para contract, com elevada resist\u00eancia \u00e0 abras\u00e3o e que cumpre v\u00e1rias normas de retardante de chama. Possui um aspeto texturado e alinhado muito natural imprescind\u00edvel para os seus projetos.<\/p>\n<h2>Roots FR Crib 5 \u00e9 um tecido de estofo desenvolvido especialmente para contract, com elevada resist\u00eancia \u00e0 abras\u00e3o e que cumpre v\u00e1rias normas de retardante de chama. Possui um aspeto texturado e alinhado muito natural imprescind\u00edvel para os seus projetos.<\/h2>\n<p><img fetchpriority=\"high\" decoding=\"async\" class=\"alignnone wp-image-188726 size-medium\" src=\"https:\/\/aldeco.pt\/staging\/wp-content\/uploads\/2024\/05\/T191550701-1-300x225.jpg\" alt=\"Roots FR Crib 5 - Aldeco\" width=\"300\" height=\"225\" \/><\/p>\n<p><a href=\"https:\/\/www.instagram.com\/aldeco_interiorfabrics\/\">https:\/\/www.instagram.com\/aldeco_interiorfabrics\/<\/a><\/p>\n<p><a href=\"https:\/\/aldeco.pt\/staging\/product\/roots-fr-crib-5\/?attribute_pa_aldeco-color=01-pearl-white\">https:\/\/aldeco.pt\/staging\/product\/roots-fr-crib-5\/?attribute_pa_aldeco-color=01-pearl-white<\/a><\/p>\n","protected":false},"featured_media":161819,"template":"","meta":[],"product_brand":[],"product_cat":[6145,6151],"product_tag":[],"class_list":{"0":"post-187033","1":"product","2":"type-product","3":"status-publish","4":"has-post-thumbnail","6":"product_cat-aldeco-2-pt-pt-2","7":"product_cat-contract-pt-pt","8":"pa_cleanability-8282","9":"pa_composition-ext-100-pl-fr-pt-pt","10":"pa_contract-fabrics-1-pt-pt","11":"pa_interior-fabrics-1-pt-pt","12":"pa_line-tecidos","13":"pa_lithfastness-9680","14":"pa_range-liso","15":"pa_special-treatments-fabrics-1-pt-pt","18":"first","19":"instock","20":"shipping-taxable","21":"purchasable","22":"product-type-variable"},"acf":[],"_links":{"self":[{"href":"https:\/\/staging.aldeco.pt\/pt-pt\/wp-json\/wp\/v2\/product\/187033","targetHints":{"allow":["GET"]}}],"collection":[{"href":"https:\/\/staging.aldeco.pt\/pt-pt\/wp-json\/wp\/v2\/product"}],"about":[{"href":"https:\/\/staging.aldeco.pt\/pt-pt\/wp-json\/wp\/v2\/types\/product"}],"version-history":[{"count":2,"href":"https:\/\/staging.aldeco.pt\/pt-pt\/wp-json\/wp\/v2\/product\/187033\/revisions"}],"predecessor-version":[{"id":200808,"href":"https:\/\/staging.aldeco.pt\/pt-pt\/wp-json\/wp\/v2\/product\/187033\/revisions\/200808"}],"wp:featuredmedia":[{"embeddable":true,"href":"https:\/\/staging.aldeco.pt\/pt-pt\/wp-json\/wp\/v2\/media\/161819"}],"wp:attachment":[{"href":"https:\/\/staging.aldeco.pt\/pt-pt\/wp-json\/wp\/v2\/media?parent=187033"}],"wp:term":[{"taxonomy":"product_brand","embeddable":true,"href":"https:\/\/staging.aldeco.pt\/pt-pt\/wp-json\/wp\/v2\/product_brand?post=187033"},{"taxonomy":"product_cat","embeddable":true,"href":"https:\/\/staging.aldeco.pt\/pt-pt\/wp-json\/wp\/v2\/product_cat?post=187033"},{"taxonomy":"product_tag","embeddable":true,"href":"https:\/\/staging.aldeco.pt\/pt-pt\/wp-json\/wp\/v2\/product_tag?post=187033"}],"curies":[{"name":"wp","href":"https:\/\/api.w.org\/{rel}","templated":true}]}}