{"id":187000,"date":"2024-05-27T14:29:43","date_gmt":"2024-05-27T14:29:43","guid":{"rendered":"https:\/\/aldeco.pt\/staging\/product\/sucesso-fr-crib-5\/"},"modified":"2024-08-06T11:15:27","modified_gmt":"2024-08-06T11:15:27","slug":"sucesso-fr-crib-5","status":"publish","type":"product","link":"https:\/\/staging.aldeco.pt\/pt-pt\/product\/sucesso-fr-crib-5\/","title":{"rendered":"SUCESSO FR CRIB 5"},"content":{"rendered":"<p>Sucesso em portugu\u00eas significa Sucesso e \u00e9 a resposta \u00e0s necessidades mais exigentes dos designers de interiores: Este veludo \u00e9 a simbiose perfeita entre a maior suavidade que um veludo pode proporcionar e a maior resist\u00eancia com mais de 100.000 ciclos de Martindale; Este veludo CRIB 5 tem 140 cm de largura e \u00e9 um veludo incr\u00edvel para estofos resistentes para os projetos de Contract mais exigentes.<\/p>\n","protected":false},"excerpt":{"rendered":"<p>Sucesso em portugu\u00eas significa Sucesso e \u00e9 a resposta \u00e0s necessidades mais exigentes dos designers de interiores: Este veludo \u00e9 a simbiose perfeita entre a maior suavidade que um veludo pode proporcionar e a maior resist\u00eancia com mais de 100.000 ciclos de Martindale; Este veludo CRIB 5 tem 140 cm de largura e \u00e9 um veludo incr\u00edvel para estofos resistentes para os projetos de Contract mais exigentes.<\/p>\n<h2>Sucesso FR Crib 5 em portugu\u00eas significa Sucesso e \u00e9 a resposta \u00e0s necessidades mais exigentes dos designers de interiores: Este veludo \u00e9 a simbiose perfeita entre a maior suavidade que um veludo pode proporcionar e a maior resist\u00eancia com mais de 100.000 ciclos de Martindale; Este veludo CRIB 5 tem 140 cm de largura e \u00e9 um veludo incr\u00edvel para estofos resistentes para os projetos de Contract mais exigentes.<\/h2>\n<p><img fetchpriority=\"high\" decoding=\"async\" class=\"alignnone wp-image-176609 size-medium\" src=\"https:\/\/aldeco.pt\/staging\/wp-content\/uploads\/2024\/01\/T191550002-7-300x200.jpg\" alt=\"Sucesso FR Crib 5 - Aldeco\" width=\"300\" height=\"200\"><\/p>\n<p><a href=\"https:\/\/www.instagram.com\/aldeco_interiorfabrics\/\">https:\/\/www.instagram.com\/aldeco_interiorfabrics\/<\/a><\/p>\n<p><a href=\"https:\/\/aldeco.pt\/staging\/product\/sucesso-fr-crib-5\/?attribute_pa_aldeco-color=06-cream\">https:\/\/aldeco.pt\/staging\/product\/sucesso-fr-crib-5\/?attribute_pa_aldeco-color=06-cream<\/a><\/p>\n","protected":false},"featured_media":162136,"template":"","meta":[],"product_brand":[],"product_cat":[6145,6153,6151],"product_tag":[],"class_list":{"0":"post-187000","1":"product","2":"type-product","3":"status-publish","4":"has-post-thumbnail","6":"product_cat-aldeco-2-pt-pt-2","7":"product_cat-aldeco-smarter-pt-pt","8":"product_cat-contract-pt-pt","9":"pa_cleanability-8282","10":"pa_composition-ext-100-pl-fr-pt-pt","11":"pa_contract-fabrics-1-pt-pt","12":"pa_interior-fabrics-1-pt-pt","13":"pa_line-tecidos","14":"pa_lithfastness-5-pt-pt","15":"pa_range-veludo","16":"pa_special-treatments-fabrics-1-pt-pt","19":"first","20":"instock","21":"shipping-taxable","22":"purchasable","23":"product-type-variable"},"acf":[],"_links":{"self":[{"href":"https:\/\/staging.aldeco.pt\/pt-pt\/wp-json\/wp\/v2\/product\/187000","targetHints":{"allow":["GET"]}}],"collection":[{"href":"https:\/\/staging.aldeco.pt\/pt-pt\/wp-json\/wp\/v2\/product"}],"about":[{"href":"https:\/\/staging.aldeco.pt\/pt-pt\/wp-json\/wp\/v2\/types\/product"}],"version-history":[{"count":1,"href":"https:\/\/staging.aldeco.pt\/pt-pt\/wp-json\/wp\/v2\/product\/187000\/revisions"}],"predecessor-version":[{"id":193306,"href":"https:\/\/staging.aldeco.pt\/pt-pt\/wp-json\/wp\/v2\/product\/187000\/revisions\/193306"}],"wp:featuredmedia":[{"embeddable":true,"href":"https:\/\/staging.aldeco.pt\/pt-pt\/wp-json\/wp\/v2\/media\/162136"}],"wp:attachment":[{"href":"https:\/\/staging.aldeco.pt\/pt-pt\/wp-json\/wp\/v2\/media?parent=187000"}],"wp:term":[{"taxonomy":"product_brand","embeddable":true,"href":"https:\/\/staging.aldeco.pt\/pt-pt\/wp-json\/wp\/v2\/product_brand?post=187000"},{"taxonomy":"product_cat","embeddable":true,"href":"https:\/\/staging.aldeco.pt\/pt-pt\/wp-json\/wp\/v2\/product_cat?post=187000"},{"taxonomy":"product_tag","embeddable":true,"href":"https:\/\/staging.aldeco.pt\/pt-pt\/wp-json\/wp\/v2\/product_tag?post=187000"}],"curies":[{"name":"wp","href":"https:\/\/api.w.org\/{rel}","templated":true}]}}