{"id":186955,"date":"2024-05-24T14:38:33","date_gmt":"2024-05-24T14:38:33","guid":{"rendered":"https:\/\/aldeco.pt\/staging\/product\/sucesso-sucesso-fr\/"},"modified":"2025-03-11T16:08:26","modified_gmt":"2025-03-11T16:08:26","slug":"sucesso-sucesso-fr","status":"publish","type":"product","link":"https:\/\/staging.aldeco.pt\/pt-pt\/product\/sucesso-sucesso-fr\/","title":{"rendered":"SUCESSO"},"content":{"rendered":"<p>Sucesso \u00e9 a resposta para todas as demandas dos decoradores mais exigentes: Este veludo \u00e9 a perfeita simbiose entre a maior suavidade que algum veludo pode oferecer e uma elevada resist\u00eancia \u00e0 fric\u00e7\u00e3o com mais de 100.000 ciclos; proporcionando assim, uma enorme longevidade mas a caracter\u00edstica mais emblem\u00e1tica deste veludo, \u00e9 a sua dupla largura: 300cm! Sucesso, dispon\u00edvel em 28 cores, \u00e9 tamb\u00e9m perfeito para cortinas e reposteiros ou apenas para uma maior rentabiliza\u00e7\u00e3o de recursos num projeto.<\/p>\n","protected":false},"excerpt":{"rendered":"<p>Sucesso \u00e9 a resposta para todas as demandas dos decoradores mais exigentes: Este veludo \u00e9 a perfeita simbiose entre a maior suavidade que algum veludo pode oferecer e uma elevada resist\u00eancia \u00e0 fric\u00e7\u00e3o com mais de 100.000 ciclos; proporcionando assim, uma enorme longevidade mas a caracter\u00edstica mais emblem\u00e1tica deste veludo, \u00e9 a sua dupla largura: 300cm! Sucesso, dispon\u00edvel em 28 cores, \u00e9 tamb\u00e9m perfeito para cortinas e reposteiros ou apenas para uma maior rentabiliza\u00e7\u00e3o de recursos num projeto.<\/p>\n<h2>Sucesso \u00e9 a resposta para todas as demandas dos decoradores mais exigentes: Este veludo \u00e9 a perfeita simbiose entre a maior suavidade que algum veludo pode oferecer e uma elevada resist\u00eancia \u00e0 fric\u00e7\u00e3o com mais de 100.000 ciclos; proporcionando assim, uma enorme longevidade mas a caracter\u00edstica mais emblem\u00e1tica deste veludo, \u00e9 a sua dupla largura: 300cm! Sucesso, dispon\u00edvel em 28 cores, \u00e9 tamb\u00e9m perfeito para cortinas e reposteiros ou apenas para uma maior rentabiliza\u00e7\u00e3o de recursos num projeto.<\/h2>\n<p><img fetchpriority=\"high\" decoding=\"async\" class=\"alignnone wp-image-162078 size-medium\" src=\"https:\/\/aldeco.pt\/staging\/wp-content\/uploads\/2024\/05\/T190160026-2-300x200.jpg\" alt=\"Sucesso - Aldeco\" width=\"300\" height=\"200\"><\/p>\n<p><a href=\"https:\/\/www.instagram.com\/aldeco_interiorfabrics\/\">https:\/\/www.instagram.com\/aldeco_interiorfabrics\/<\/a><\/p>\n<p><a href=\"https:\/\/aldeco.pt\/staging\/product\/sucesso\/?attribute_pa_aldeco-color=01-antracite\">https:\/\/aldeco.pt\/staging\/product\/sucesso\/?attribute_pa_aldeco-color=01-antracite<\/a><\/p>\n","protected":false},"featured_media":162027,"template":"","meta":[],"product_brand":[],"product_cat":[6145],"product_tag":[],"class_list":{"0":"post-186955","1":"product","2":"type-product","3":"status-publish","4":"has-post-thumbnail","6":"product_cat-aldeco-2-pt-pt-2","7":"pa_cleanability-8282","8":"pa_composition-ext-100-pl-pt-pt","9":"pa_interior-fabrics-1-pt-pt","10":"pa_line-tecidos","11":"pa_lithfastness-5-pt-pt","12":"pa_range-veludo","15":"first","16":"instock","17":"shipping-taxable","18":"purchasable","19":"product-type-variable"},"acf":[],"_links":{"self":[{"href":"https:\/\/staging.aldeco.pt\/pt-pt\/wp-json\/wp\/v2\/product\/186955","targetHints":{"allow":["GET"]}}],"collection":[{"href":"https:\/\/staging.aldeco.pt\/pt-pt\/wp-json\/wp\/v2\/product"}],"about":[{"href":"https:\/\/staging.aldeco.pt\/pt-pt\/wp-json\/wp\/v2\/types\/product"}],"version-history":[{"count":4,"href":"https:\/\/staging.aldeco.pt\/pt-pt\/wp-json\/wp\/v2\/product\/186955\/revisions"}],"predecessor-version":[{"id":218680,"href":"https:\/\/staging.aldeco.pt\/pt-pt\/wp-json\/wp\/v2\/product\/186955\/revisions\/218680"}],"wp:featuredmedia":[{"embeddable":true,"href":"https:\/\/staging.aldeco.pt\/pt-pt\/wp-json\/wp\/v2\/media\/162027"}],"wp:attachment":[{"href":"https:\/\/staging.aldeco.pt\/pt-pt\/wp-json\/wp\/v2\/media?parent=186955"}],"wp:term":[{"taxonomy":"product_brand","embeddable":true,"href":"https:\/\/staging.aldeco.pt\/pt-pt\/wp-json\/wp\/v2\/product_brand?post=186955"},{"taxonomy":"product_cat","embeddable":true,"href":"https:\/\/staging.aldeco.pt\/pt-pt\/wp-json\/wp\/v2\/product_cat?post=186955"},{"taxonomy":"product_tag","embeddable":true,"href":"https:\/\/staging.aldeco.pt\/pt-pt\/wp-json\/wp\/v2\/product_tag?post=186955"}],"curies":[{"name":"wp","href":"https:\/\/api.w.org\/{rel}","templated":true}]}}