{"id":186881,"date":"2024-05-09T22:41:48","date_gmt":"2024-05-09T22:41:48","guid":{"rendered":"https:\/\/aldeco.pt\/staging\/product\/trendy-fr\/"},"modified":"2024-09-30T11:15:08","modified_gmt":"2024-09-30T11:15:08","slug":"trendy-fr","status":"publish","type":"product","link":"https:\/\/staging.aldeco.pt\/pt-pt\/product\/trendy-fr\/","title":{"rendered":"TRENDY FR"},"content":{"rendered":"<p>Um must have desta cole\u00e7\u00e3o, Trendy \u00e9 um tecido resistente e encorpado, com mistura de 2 ou mais tonalidades mescladas de fios de chenille. Trendy \u00e9 a solu\u00e7\u00e3o para ser ousado e criativo na decora\u00e7\u00e3o, gra\u00e7as \u00e0 sua paleta de cores.<\/p>\n","protected":false},"excerpt":{"rendered":"<p>Um must have desta cole\u00e7\u00e3o, Trendy \u00e9 um tecido resistente e encorpado, com mistura de 2 ou mais tonalidades mescladas de fios de chenille. Trendy \u00e9 a solu\u00e7\u00e3o para ser ousado e criativo na decora\u00e7\u00e3o, gra\u00e7as \u00e0 sua paleta de cores.<\/p>\n","protected":false},"featured_media":160812,"template":"","meta":[],"product_brand":[],"product_cat":[6145],"product_tag":[],"class_list":{"0":"post-186881","1":"product","2":"type-product","3":"status-publish","4":"has-post-thumbnail","6":"product_cat-aldeco-2-pt-pt-2","7":"pa_cleanability-8282","8":"pa_composition-ext-58-2-ac-35-3-pes-tex-3-9-pes-2-6-vi-pt-pt","9":"pa_contract-fabrics-1-pt-pt","10":"pa_interior-fabrics-1-pt-pt","11":"pa_line-tecidos","12":"pa_lithfastness-6-pt-pt","13":"pa_outdoor-0-pt-pt","14":"pa_range-chenile","15":"pa_rapport-vertical-11009","16":"pa_special-treatments-fabrics-1-pt-pt","19":"first","20":"instock","21":"purchasable","22":"product-type-variable"},"acf":[],"_links":{"self":[{"href":"https:\/\/staging.aldeco.pt\/pt-pt\/wp-json\/wp\/v2\/product\/186881","targetHints":{"allow":["GET"]}}],"collection":[{"href":"https:\/\/staging.aldeco.pt\/pt-pt\/wp-json\/wp\/v2\/product"}],"about":[{"href":"https:\/\/staging.aldeco.pt\/pt-pt\/wp-json\/wp\/v2\/types\/product"}],"version-history":[{"count":2,"href":"https:\/\/staging.aldeco.pt\/pt-pt\/wp-json\/wp\/v2\/product\/186881\/revisions"}],"predecessor-version":[{"id":200525,"href":"https:\/\/staging.aldeco.pt\/pt-pt\/wp-json\/wp\/v2\/product\/186881\/revisions\/200525"}],"wp:featuredmedia":[{"embeddable":true,"href":"https:\/\/staging.aldeco.pt\/pt-pt\/wp-json\/wp\/v2\/media\/160812"}],"wp:attachment":[{"href":"https:\/\/staging.aldeco.pt\/pt-pt\/wp-json\/wp\/v2\/media?parent=186881"}],"wp:term":[{"taxonomy":"product_brand","embeddable":true,"href":"https:\/\/staging.aldeco.pt\/pt-pt\/wp-json\/wp\/v2\/product_brand?post=186881"},{"taxonomy":"product_cat","embeddable":true,"href":"https:\/\/staging.aldeco.pt\/pt-pt\/wp-json\/wp\/v2\/product_cat?post=186881"},{"taxonomy":"product_tag","embeddable":true,"href":"https:\/\/staging.aldeco.pt\/pt-pt\/wp-json\/wp\/v2\/product_tag?post=186881"}],"curies":[{"name":"wp","href":"https:\/\/api.w.org\/{rel}","templated":true}]}}