{"id":186868,"date":"2024-05-09T22:38:45","date_gmt":"2024-05-09T22:38:45","guid":{"rendered":"https:\/\/aldeco.pt\/staging\/product\/tiffanys\/"},"modified":"2024-10-07T10:23:16","modified_gmt":"2024-10-07T10:23:16","slug":"tiffanys","status":"publish","type":"product","link":"https:\/\/staging.aldeco.pt\/pt-pt\/product\/tiffanys\/","title":{"rendered":"TIFFANY\u00b4S"},"content":{"rendered":"<p>Com um incrivelmente rico bordado, assemelhando-se ao ponto alto da d\u00e9cada de 60.<br \/>\nEste tecido \u00e9 o mais carism\u00e1tico desta cole\u00e7\u00e3o, sendo adequado para cortinas, decora\u00e7\u00e3o e estofos.<\/p>\n","protected":false},"excerpt":{"rendered":"<p>Com um incrivelmente rico bordado, assemelhando-se ao ponto alto da d\u00e9cada de 60.<br \/>\nEste tecido \u00e9 o mais carism\u00e1tico desta cole\u00e7\u00e3o, sendo adequado para cortinas, decora\u00e7\u00e3o e estofos.<\/p>\n<h2>Tiffany\u00b4s, com um incrivelmente rico bordado, assemelhando-se ao ponto alto da d\u00e9cada de 60.<br \/>\nEste tecido \u00e9 o mais carism\u00e1tico desta cole\u00e7\u00e3o, sendo adequado para cortinas, decora\u00e7\u00e3o e estofos.<\/h2>\n<p><img fetchpriority=\"high\" decoding=\"async\" class=\"alignnone wp-image-189127 size-medium\" src=\"https:\/\/aldeco.pt\/staging\/wp-content\/uploads\/2024\/03\/T017970001-300x280.jpg\" alt=\"Tiffany\u00b4s - Aldeco\" width=\"300\" height=\"280\" \/><\/p>\n<p><a href=\"https:\/\/www.instagram.com\/aldeco_interiorfabrics\/\">https:\/\/www.instagram.com\/aldeco_interiorfabrics\/<\/a><\/p>\n<p><a href=\"https:\/\/aldeco.pt\/staging\/product\/tiffanys\/?attribute_pa_aldeco-color=1-cream-tan\">https:\/\/aldeco.pt\/staging\/product\/tiffanys\/?attribute_pa_aldeco-color=1-cream-tan<\/a><\/p>\n","protected":false},"featured_media":137801,"template":"","meta":[],"product_brand":[],"product_cat":[6145],"product_tag":[],"class_list":{"0":"post-186868","1":"product","2":"type-product","3":"status-publish","4":"has-post-thumbnail","6":"product_cat-aldeco-2-pt-pt-2","7":"pa_cleanability-8282","8":"pa_composition-ext-60-co-40-pl-bordado-100-vi","9":"pa_interior-fabrics-1-pt-pt","10":"pa_line-tecidos","11":"pa_lithfastness-4-5-pt-pt","12":"pa_outdoor-0-pt-pt","13":"pa_range-bordado","14":"pa_range-cetim","15":"pa_rapport-horizontal-64-pt-pt","16":"pa_rapport-vertical-47-pt-pt","19":"first","20":"instock","21":"purchasable","22":"product-type-variable"},"acf":[],"_links":{"self":[{"href":"https:\/\/staging.aldeco.pt\/pt-pt\/wp-json\/wp\/v2\/product\/186868","targetHints":{"allow":["GET"]}}],"collection":[{"href":"https:\/\/staging.aldeco.pt\/pt-pt\/wp-json\/wp\/v2\/product"}],"about":[{"href":"https:\/\/staging.aldeco.pt\/pt-pt\/wp-json\/wp\/v2\/types\/product"}],"version-history":[{"count":2,"href":"https:\/\/staging.aldeco.pt\/pt-pt\/wp-json\/wp\/v2\/product\/186868\/revisions"}],"predecessor-version":[{"id":202099,"href":"https:\/\/staging.aldeco.pt\/pt-pt\/wp-json\/wp\/v2\/product\/186868\/revisions\/202099"}],"wp:featuredmedia":[{"embeddable":true,"href":"https:\/\/staging.aldeco.pt\/pt-pt\/wp-json\/wp\/v2\/media\/137801"}],"wp:attachment":[{"href":"https:\/\/staging.aldeco.pt\/pt-pt\/wp-json\/wp\/v2\/media?parent=186868"}],"wp:term":[{"taxonomy":"product_brand","embeddable":true,"href":"https:\/\/staging.aldeco.pt\/pt-pt\/wp-json\/wp\/v2\/product_brand?post=186868"},{"taxonomy":"product_cat","embeddable":true,"href":"https:\/\/staging.aldeco.pt\/pt-pt\/wp-json\/wp\/v2\/product_cat?post=186868"},{"taxonomy":"product_tag","embeddable":true,"href":"https:\/\/staging.aldeco.pt\/pt-pt\/wp-json\/wp\/v2\/product_tag?post=186868"}],"curies":[{"name":"wp","href":"https:\/\/api.w.org\/{rel}","templated":true}]}}