{"id":186852,"date":"2024-05-09T22:43:57","date_gmt":"2024-05-09T22:43:57","guid":{"rendered":"https:\/\/aldeco.pt\/staging\/product\/tribe\/"},"modified":"2024-10-03T14:19:04","modified_gmt":"2024-10-03T14:19:04","slug":"tribe","status":"publish","type":"product","link":"https:\/\/staging.aldeco.pt\/pt-pt\/product\/tribe\/","title":{"rendered":"TRIBE"},"content":{"rendered":"<p>TRIBE tem uma estrutura em jacquard com look alinhado. \u00c9 a base dos veludos jacquard Sperky e Decoup\u00e8. Encontra-se dispon\u00edvel numa \u00fanica cor natural que pode ser facilmente combinada com outros tecidos desta cole\u00e7\u00e3o.<\/p>\n","protected":false},"excerpt":{"rendered":"<p>TRIBE tem uma estrutura em jacquard com look alinhado. \u00c9 a base dos veludos jacquard Sperky e Decoup\u00e8. Encontra-se dispon\u00edvel numa \u00fanica cor natural que pode ser facilmente combinada com outros tecidos desta cole\u00e7\u00e3o.<\/p>\n<h2>TRIBE tem uma estrutura em jacquard com look alinhado. \u00c9 a base dos veludos jacquard Sperky e Decoup\u00e8. Encontra-se dispon\u00edvel numa \u00fanica cor natural que pode ser facilmente combinada com outros tecidos desta cole\u00e7\u00e3o.<\/h2>\n<p><img fetchpriority=\"high\" decoding=\"async\" class=\"alignnone wp-image-189192 size-medium\" src=\"https:\/\/aldeco.pt\/staging\/wp-content\/uploads\/2024\/05\/T192590001-300x200.jpg\" alt=\"Tribe - Aldeco\" width=\"300\" height=\"200\" \/><\/p>\n<p><a href=\"https:\/\/www.instagram.com\/aldeco_interiorfabrics\/\">https:\/\/www.instagram.com\/aldeco_interiorfabrics\/<\/a><\/p>\n<p><a href=\"https:\/\/aldeco.pt\/staging\/product\/tribe\/?attribute_pa_aldeco-color=01-natural-linen\">https:\/\/aldeco.pt\/staging\/product\/tribe\/?attribute_pa_aldeco-color=01-natural-linen<\/a><\/p>\n","protected":false},"featured_media":160862,"template":"","meta":[],"product_brand":[],"product_cat":[6145],"product_tag":[],"class_list":{"0":"post-186852","1":"product","2":"type-product","3":"status-publish","4":"has-post-thumbnail","6":"product_cat-aldeco-2-pt-pt-2","7":"pa_cleanability-8282","8":"pa_composition-ext-62-vi-20-pl-13co-5-li-pt-pt","9":"pa_interior-fabrics-1-pt-pt","10":"pa_line-tecidos","11":"pa_lithfastness-9680","12":"pa_outdoor-0-pt-pt","13":"pa_range-jacquard-pt-pt","14":"pa_rapport-vertical-11009","17":"first","18":"instock","19":"purchasable","20":"product-type-variable"},"acf":[],"_links":{"self":[{"href":"https:\/\/staging.aldeco.pt\/pt-pt\/wp-json\/wp\/v2\/product\/186852","targetHints":{"allow":["GET"]}}],"collection":[{"href":"https:\/\/staging.aldeco.pt\/pt-pt\/wp-json\/wp\/v2\/product"}],"about":[{"href":"https:\/\/staging.aldeco.pt\/pt-pt\/wp-json\/wp\/v2\/types\/product"}],"version-history":[{"count":2,"href":"https:\/\/staging.aldeco.pt\/pt-pt\/wp-json\/wp\/v2\/product\/186852\/revisions"}],"predecessor-version":[{"id":201999,"href":"https:\/\/staging.aldeco.pt\/pt-pt\/wp-json\/wp\/v2\/product\/186852\/revisions\/201999"}],"wp:featuredmedia":[{"embeddable":true,"href":"https:\/\/staging.aldeco.pt\/pt-pt\/wp-json\/wp\/v2\/media\/160862"}],"wp:attachment":[{"href":"https:\/\/staging.aldeco.pt\/pt-pt\/wp-json\/wp\/v2\/media?parent=186852"}],"wp:term":[{"taxonomy":"product_brand","embeddable":true,"href":"https:\/\/staging.aldeco.pt\/pt-pt\/wp-json\/wp\/v2\/product_brand?post=186852"},{"taxonomy":"product_cat","embeddable":true,"href":"https:\/\/staging.aldeco.pt\/pt-pt\/wp-json\/wp\/v2\/product_cat?post=186852"},{"taxonomy":"product_tag","embeddable":true,"href":"https:\/\/staging.aldeco.pt\/pt-pt\/wp-json\/wp\/v2\/product_tag?post=186852"}],"curies":[{"name":"wp","href":"https:\/\/api.w.org\/{rel}","templated":true}]}}