{"id":186838,"date":"2024-05-09T22:41:24","date_gmt":"2024-05-09T22:41:24","guid":{"rendered":"https:\/\/aldeco.pt\/staging\/product\/trellis-addiction\/"},"modified":"2024-10-03T08:23:39","modified_gmt":"2024-10-03T08:23:39","slug":"trellis-addiction","status":"publish","type":"product","link":"https:\/\/staging.aldeco.pt\/pt-pt\/product\/trellis-addiction\/","title":{"rendered":"TRELLIS ADDICTION"},"content":{"rendered":"<p>Incr\u00edveis bordados geom\u00e9tricos, adequados n\u00e3o s\u00f3 para a decora\u00e7\u00e3o, mas tamb\u00e9m para estofo. Dispon\u00edvel em 6 cores vivas que d\u00e3o vida a qualquer ambiente.<\/p>\n","protected":false},"excerpt":{"rendered":"<p>Incr\u00edveis bordados geom\u00e9tricos, adequados n\u00e3o s\u00f3 para a decora\u00e7\u00e3o, mas tamb\u00e9m para estofo. Dispon\u00edvel em 6 cores vivas que d\u00e3o vida a qualquer ambiente.<\/p>\n<h2>Trellis Addiction, incr\u00edveis bordados geom\u00e9tricos, adequados n\u00e3o s\u00f3 para a decora\u00e7\u00e3o, mas tamb\u00e9m para estofo. Dispon\u00edvel em 6 cores vivas que d\u00e3o vida a qualquer ambiente.<\/h2>\n<p><img fetchpriority=\"high\" decoding=\"async\" class=\"alignnone size-medium wp-image-189181\" src=\"https:\/\/aldeco.pt\/staging\/wp-content\/uploads\/2024\/03\/T018630001-300x280.jpg\" alt=\"\" width=\"300\" height=\"280\" \/><\/p>\n<p><a href=\"https:\/\/www.instagram.com\/aldeco_interiorfabrics\/\">https:\/\/www.instagram.com\/aldeco_interiorfabrics\/<\/a><\/p>\n<p><a href=\"https:\/\/aldeco.pt\/staging\/product\/trellis-addiction\/?attribute_pa_aldeco-color=01-sand\">https:\/\/aldeco.pt\/staging\/product\/trellis-addiction\/?attribute_pa_aldeco-color=01-sand<\/a><\/p>\n","protected":false},"featured_media":160802,"template":"","meta":[],"product_brand":[],"product_cat":[6145],"product_tag":[],"class_list":{"0":"post-186838","1":"product","2":"type-product","3":"status-publish","4":"has-post-thumbnail","6":"product_cat-aldeco-2-pt-pt-2","7":"pa_cleanability-8282","8":"pa_composition-ext-base-70-vi-30-li-bordado-100-co","9":"pa_composition-ext-base-70vi-30li-bordado-100-co","10":"pa_interior-fabrics-1-pt-pt","11":"pa_line-tecidos","12":"pa_lithfastness-9680","13":"pa_outdoor-0-pt-pt","14":"pa_range-bordado","15":"pa_rapport-horizontal-11-pt-pt","16":"pa_rapport-vertical-15-5-pt-pt","19":"first","20":"instock","21":"purchasable","22":"product-type-variable"},"acf":[],"_links":{"self":[{"href":"https:\/\/staging.aldeco.pt\/pt-pt\/wp-json\/wp\/v2\/product\/186838","targetHints":{"allow":["GET"]}}],"collection":[{"href":"https:\/\/staging.aldeco.pt\/pt-pt\/wp-json\/wp\/v2\/product"}],"about":[{"href":"https:\/\/staging.aldeco.pt\/pt-pt\/wp-json\/wp\/v2\/types\/product"}],"version-history":[{"count":2,"href":"https:\/\/staging.aldeco.pt\/pt-pt\/wp-json\/wp\/v2\/product\/186838\/revisions"}],"predecessor-version":[{"id":201910,"href":"https:\/\/staging.aldeco.pt\/pt-pt\/wp-json\/wp\/v2\/product\/186838\/revisions\/201910"}],"wp:featuredmedia":[{"embeddable":true,"href":"https:\/\/staging.aldeco.pt\/pt-pt\/wp-json\/wp\/v2\/media\/160802"}],"wp:attachment":[{"href":"https:\/\/staging.aldeco.pt\/pt-pt\/wp-json\/wp\/v2\/media?parent=186838"}],"wp:term":[{"taxonomy":"product_brand","embeddable":true,"href":"https:\/\/staging.aldeco.pt\/pt-pt\/wp-json\/wp\/v2\/product_brand?post=186838"},{"taxonomy":"product_cat","embeddable":true,"href":"https:\/\/staging.aldeco.pt\/pt-pt\/wp-json\/wp\/v2\/product_cat?post=186838"},{"taxonomy":"product_tag","embeddable":true,"href":"https:\/\/staging.aldeco.pt\/pt-pt\/wp-json\/wp\/v2\/product_tag?post=186838"}],"curies":[{"name":"wp","href":"https:\/\/api.w.org\/{rel}","templated":true}]}}