{"id":186807,"date":"2024-05-09T22:38:29","date_gmt":"2024-05-09T22:38:29","guid":{"rendered":"https:\/\/aldeco.pt\/staging\/product\/tiebele-in-outdoor-fr\/"},"modified":"2024-09-30T09:51:47","modified_gmt":"2024-09-30T09:51:47","slug":"tiebele-in-outdoor-fr","status":"publish","type":"product","link":"https:\/\/staging.aldeco.pt\/pt-pt\/product\/tiebele-in-outdoor-fr\/","title":{"rendered":"TI\u00c9B\u00c9L\u00c9 IN\/OUTDOOR FR"},"content":{"rendered":"<p>Tiebele, no Burkina Faso, \u00e9 uma vila africana \u00fanica, com casas de barro pintadas de forma impressionante. Elas decoram as casas pintando desenhos intrincados nas paredes exteriores, usando lama e giz coloridos. Enquanto a constru\u00e7\u00e3o das casas \u00e9 feita pelos homens, a pintura \u00e9 um trabalho de mulher. As casas s\u00e3o ornamentadas com padr\u00f5es folcl\u00f3ricos incrivelmente precisos e delicados. Este incr\u00edvel jacquard \u00e9 inspirado pela \u00c1frica e esta pr\u00e1tica muito antiga, resultando em um tecido pesado geom\u00e9trico, adequado tanto para uso interno quanto externo.<\/p>\n","protected":false},"excerpt":{"rendered":"<p>Tiebele, no Burkina Faso, \u00e9 uma vila africana \u00fanica, com casas de barro pintadas de forma impressionante. Elas decoram as casas pintando desenhos intrincados nas paredes exteriores, usando lama e giz coloridos. Enquanto a constru\u00e7\u00e3o das casas \u00e9 feita pelos homens, a pintura \u00e9 um trabalho de mulher. As casas s\u00e3o ornamentadas com padr\u00f5es folcl\u00f3ricos incrivelmente precisos e delicados. Este incr\u00edvel jacquard \u00e9 inspirado pela \u00c1frica e esta pr\u00e1tica muito antiga, resultando em um tecido pesado geom\u00e9trico, adequado tanto para uso interno quanto externo.<\/p>\n<h2>Ti\u00e9b\u00e9l\u00e9 In\/Outdoor FR este incr\u00edvel jacquard \u00e9 inspirado pela \u00c1frica e esta pr\u00e1tica muito antiga, resultando em um tecido pesado geom\u00e9trico, adequado tanto para uso interno quanto externo.<\/h2>\n<p><img fetchpriority=\"high\" decoding=\"async\" class=\"alignnone wp-image-189122 size-medium\" src=\"https:\/\/aldeco.pt\/staging\/wp-content\/uploads\/2024\/03\/T191810001-300x225.jpg\" alt=\"Ti\u00e9b\u00e9l\u00e9 In\/Outdoor FR - Aldeco\" width=\"300\" height=\"225\" \/><\/p>\n<p>&nbsp;<\/p>\n<p><a href=\"https:\/\/www.instagram.com\/aldeco_interiorfabrics\/\">https:\/\/www.instagram.com\/aldeco_interiorfabrics\/<\/a><\/p>\n<p><a href=\"https:\/\/aldeco.pt\/staging\/product\/tiebele-in-outdoor-fr\/?attribute_pa_aldeco-color=01-golden-rod\">https:\/\/aldeco.pt\/staging\/product\/tiebele-in-outdoor-fr\/?attribute_pa_aldeco-color=01-golden-rod<\/a><\/p>\n","protected":false},"featured_media":160744,"template":"","meta":[],"product_brand":[],"product_cat":[6145],"product_tag":[],"class_list":{"0":"post-186807","1":"product","2":"type-product","3":"status-publish","4":"has-post-thumbnail","6":"product_cat-aldeco-2-pt-pt-2","7":"pa_cleanability-8282","8":"pa_composition-ext-100-pp-pt-pt","9":"pa_contract-fabrics-1-pt-pt","10":"pa_indoor-fabrics-1-pt-pt","11":"pa_interior-fabrics-1-pt-pt","12":"pa_line-tecidos","13":"pa_lithfastness-7-pt-pt","14":"pa_outdoor-outdoor","15":"pa_range-jacquard-pt-pt","16":"pa_rapport-horizontal-2-5-pt-pt","17":"pa_rapport-vertical-6-pt-pt","18":"pa_special-treatments-fabrics-1-pt-pt","21":"first","22":"instock","23":"purchasable","24":"product-type-variable"},"acf":[],"_links":{"self":[{"href":"https:\/\/staging.aldeco.pt\/pt-pt\/wp-json\/wp\/v2\/product\/186807","targetHints":{"allow":["GET"]}}],"collection":[{"href":"https:\/\/staging.aldeco.pt\/pt-pt\/wp-json\/wp\/v2\/product"}],"about":[{"href":"https:\/\/staging.aldeco.pt\/pt-pt\/wp-json\/wp\/v2\/types\/product"}],"version-history":[{"count":2,"href":"https:\/\/staging.aldeco.pt\/pt-pt\/wp-json\/wp\/v2\/product\/186807\/revisions"}],"predecessor-version":[{"id":200938,"href":"https:\/\/staging.aldeco.pt\/pt-pt\/wp-json\/wp\/v2\/product\/186807\/revisions\/200938"}],"wp:featuredmedia":[{"embeddable":true,"href":"https:\/\/staging.aldeco.pt\/pt-pt\/wp-json\/wp\/v2\/media\/160744"}],"wp:attachment":[{"href":"https:\/\/staging.aldeco.pt\/pt-pt\/wp-json\/wp\/v2\/media?parent=186807"}],"wp:term":[{"taxonomy":"product_brand","embeddable":true,"href":"https:\/\/staging.aldeco.pt\/pt-pt\/wp-json\/wp\/v2\/product_brand?post=186807"},{"taxonomy":"product_cat","embeddable":true,"href":"https:\/\/staging.aldeco.pt\/pt-pt\/wp-json\/wp\/v2\/product_cat?post=186807"},{"taxonomy":"product_tag","embeddable":true,"href":"https:\/\/staging.aldeco.pt\/pt-pt\/wp-json\/wp\/v2\/product_tag?post=186807"}],"curies":[{"name":"wp","href":"https:\/\/api.w.org\/{rel}","templated":true}]}}