{"id":186777,"date":"2024-05-09T22:40:40","date_gmt":"2024-05-09T22:40:40","guid":{"rendered":"https:\/\/aldeco.pt\/staging\/product\/tooley\/"},"modified":"2024-09-30T10:26:24","modified_gmt":"2024-09-30T10:26:24","slug":"tooley","status":"publish","type":"product","link":"https:\/\/staging.aldeco.pt\/pt-pt\/product\/tooley\/","title":{"rendered":"TOOLEY"},"content":{"rendered":"<p>TOOLEY \u00e9 um tecido de linho de largura dupla, ideal para cortinas. Trata-se de um tecido leve e muito natural com uma ca\u00edda perfeita gra\u00e7as tamb\u00e9m ao fio de chumbo. Est\u00e1 dispon\u00edvel em 4 cores.<\/p>\n","protected":false},"excerpt":{"rendered":"<p>TOOLEY \u00e9 um tecido de linho de largura dupla, ideal para cortinas. Trata-se de um tecido leve e muito natural com uma ca\u00edda perfeita gra\u00e7as tamb\u00e9m ao fio de chumbo. Est\u00e1 dispon\u00edvel em 4 cores.<\/p>\n","protected":false},"featured_media":146322,"template":"","meta":[],"product_brand":[],"product_cat":[],"product_tag":[],"class_list":{"0":"post-186777","1":"product","2":"type-product","3":"status-publish","4":"has-post-thumbnail","8":"first","9":"instock","10":"purchasable","11":"product-type-variable"},"acf":[],"_links":{"self":[{"href":"https:\/\/staging.aldeco.pt\/pt-pt\/wp-json\/wp\/v2\/product\/186777","targetHints":{"allow":["GET"]}}],"collection":[{"href":"https:\/\/staging.aldeco.pt\/pt-pt\/wp-json\/wp\/v2\/product"}],"about":[{"href":"https:\/\/staging.aldeco.pt\/pt-pt\/wp-json\/wp\/v2\/types\/product"}],"version-history":[{"count":1,"href":"https:\/\/staging.aldeco.pt\/pt-pt\/wp-json\/wp\/v2\/product\/186777\/revisions"}],"predecessor-version":[{"id":193714,"href":"https:\/\/staging.aldeco.pt\/pt-pt\/wp-json\/wp\/v2\/product\/186777\/revisions\/193714"}],"wp:featuredmedia":[{"embeddable":true,"href":"https:\/\/staging.aldeco.pt\/pt-pt\/wp-json\/wp\/v2\/media\/146322"}],"wp:attachment":[{"href":"https:\/\/staging.aldeco.pt\/pt-pt\/wp-json\/wp\/v2\/media?parent=186777"}],"wp:term":[{"taxonomy":"product_brand","embeddable":true,"href":"https:\/\/staging.aldeco.pt\/pt-pt\/wp-json\/wp\/v2\/product_brand?post=186777"},{"taxonomy":"product_cat","embeddable":true,"href":"https:\/\/staging.aldeco.pt\/pt-pt\/wp-json\/wp\/v2\/product_cat?post=186777"},{"taxonomy":"product_tag","embeddable":true,"href":"https:\/\/staging.aldeco.pt\/pt-pt\/wp-json\/wp\/v2\/product_tag?post=186777"}],"curies":[{"name":"wp","href":"https:\/\/api.w.org\/{rel}","templated":true}]}}