{"id":186776,"date":"2024-05-09T22:38:56","date_gmt":"2024-05-09T22:38:56","guid":{"rendered":"https:\/\/aldeco.pt\/staging\/product\/time\/"},"modified":"2024-08-06T11:15:57","modified_gmt":"2024-08-06T11:15:57","slug":"time","status":"publish","type":"product","link":"https:\/\/staging.aldeco.pt\/pt-pt\/product\/time\/","title":{"rendered":"TIME"},"content":{"rendered":"<p>Apresentamos um Matelass\u00e9 intemporal de inspira\u00e7\u00e3o retro\/vintage com um design geom\u00e9trico.<br \/>\nEncontra-se dispon\u00edvel em 10 cores.<\/p>\n","protected":false},"excerpt":{"rendered":"<p>Apresentamos um Matelass\u00e9 intemporal de inspira\u00e7\u00e3o retro\/vintage com um design geom\u00e9trico.<br \/>\nEncontra-se dispon\u00edvel em 10 cores.<\/p>\n<h2>Time um Matelass\u00e9 intemporal de inspira\u00e7\u00e3o retro\/vintage com um design geom\u00e9trico.<br \/>\nEncontra-se dispon\u00edvel em 10 cores.<\/h2>\n<p><img fetchpriority=\"high\" decoding=\"async\" class=\"alignnone wp-image-189132 size-medium\" src=\"https:\/\/aldeco.pt\/staging\/wp-content\/uploads\/2024\/01\/T191310001-3-300x212.jpg\" alt=\"Time - Aldeco\" width=\"300\" height=\"212\"><\/p>\n<p><a href=\"https:\/\/www.instagram.com\/aldeco_interiorfabrics\/\">https:\/\/www.instagram.com\/aldeco_interiorfabrics\/<\/a><\/p>\n<p><a href=\"https:\/\/aldeco.pt\/staging\/product\/time\/?attribute_pa_aldeco-color=01-butter-white\">https:\/\/aldeco.pt\/staging\/product\/time\/?attribute_pa_aldeco-color=01-butter-white<\/a><\/p>\n","protected":false},"featured_media":157379,"template":"","meta":[],"product_brand":[],"product_cat":[6145],"product_tag":[],"class_list":{"0":"post-186776","1":"product","2":"type-product","3":"status-publish","4":"has-post-thumbnail","6":"product_cat-aldeco-2-pt-pt-2","7":"pa_cleanability-8282","8":"pa_composition-ext-45-co-30-pl-25-vi-pt-pt","9":"pa_interior-fabrics-1-pt-pt","10":"pa_line-tecidos","11":"pa_lithfastness-5-pt-pt","12":"pa_outdoor-0-pt-pt","13":"pa_range-jacquard-pt-pt","14":"pa_range-tinto-em-peca","15":"pa_rapport-horizontal-5-8-pt-pt","16":"pa_rapport-vertical-4-5-pt-pt","19":"first","20":"instock","21":"purchasable","22":"product-type-variable"},"acf":[],"_links":{"self":[{"href":"https:\/\/staging.aldeco.pt\/pt-pt\/wp-json\/wp\/v2\/product\/186776","targetHints":{"allow":["GET"]}}],"collection":[{"href":"https:\/\/staging.aldeco.pt\/pt-pt\/wp-json\/wp\/v2\/product"}],"about":[{"href":"https:\/\/staging.aldeco.pt\/pt-pt\/wp-json\/wp\/v2\/types\/product"}],"version-history":[{"count":1,"href":"https:\/\/staging.aldeco.pt\/pt-pt\/wp-json\/wp\/v2\/product\/186776\/revisions"}],"predecessor-version":[{"id":193281,"href":"https:\/\/staging.aldeco.pt\/pt-pt\/wp-json\/wp\/v2\/product\/186776\/revisions\/193281"}],"wp:featuredmedia":[{"embeddable":true,"href":"https:\/\/staging.aldeco.pt\/pt-pt\/wp-json\/wp\/v2\/media\/157379"}],"wp:attachment":[{"href":"https:\/\/staging.aldeco.pt\/pt-pt\/wp-json\/wp\/v2\/media?parent=186776"}],"wp:term":[{"taxonomy":"product_brand","embeddable":true,"href":"https:\/\/staging.aldeco.pt\/pt-pt\/wp-json\/wp\/v2\/product_brand?post=186776"},{"taxonomy":"product_cat","embeddable":true,"href":"https:\/\/staging.aldeco.pt\/pt-pt\/wp-json\/wp\/v2\/product_cat?post=186776"},{"taxonomy":"product_tag","embeddable":true,"href":"https:\/\/staging.aldeco.pt\/pt-pt\/wp-json\/wp\/v2\/product_tag?post=186776"}],"curies":[{"name":"wp","href":"https:\/\/api.w.org\/{rel}","templated":true}]}}