{"id":186764,"date":"2024-05-09T22:25:35","date_gmt":"2024-05-09T22:25:35","guid":{"rendered":"https:\/\/aldeco.pt\/staging\/product\/telar\/"},"modified":"2024-09-30T10:35:47","modified_gmt":"2024-09-30T10:35:47","slug":"telar","status":"publish","type":"product","link":"https:\/\/staging.aldeco.pt\/pt-pt\/product\/telar\/","title":{"rendered":"TELAR"},"content":{"rendered":"<p>Telar \u00e9 um tecido com um desenho de riscas diagonais. A sua estrutura texturada, pesada e opaca, tem uma apar\u00eancia muito natural. Este tecido est\u00e1 dispon\u00edvel em 11 lindas cores mescladas e naturais.<\/p>\n","protected":false},"excerpt":{"rendered":"<p>Telar \u00e9 um tecido com um desenho de riscas diagonais. A sua estrutura texturada, pesada e opaca, tem uma apar\u00eancia muito natural. Este tecido est\u00e1 dispon\u00edvel em 11 lindas cores mescladas e naturais.<\/p>\n<h2>Telar \u00e9 um tecido com um desenho de riscas diagonais. A sua estrutura texturada, pesada e opaca, tem uma apar\u00eancia muito natural. Este tecido est\u00e1 dispon\u00edvel em 11 lindas cores mescladas e naturais.<\/h2>\n<p><img fetchpriority=\"high\" decoding=\"async\" class=\"alignnone wp-image-90067 size-medium\" src=\"https:\/\/aldeco.pt\/staging\/wp-content\/uploads\/2024\/01\/T190030009-6-300x240.jpg\" alt=\"Telar - Aldeco\" width=\"300\" height=\"240\" \/><\/p>\n<p><a href=\"https:\/\/www.instagram.com\/aldeco_interiorfabrics\/\">https:\/\/www.instagram.com\/aldeco_interiorfabrics\/<\/a><\/p>\n<p><a href=\"https:\/\/aldeco.pt\/staging\/product\/telar\/?attribute_pa_aldeco-color=01-natural-cream\">https:\/\/aldeco.pt\/staging\/product\/telar\/?attribute_pa_aldeco-color=01-natural-cream<\/a><\/p>\n","protected":false},"featured_media":76183,"template":"","meta":[],"product_brand":[],"product_cat":[6153],"product_tag":[],"class_list":{"0":"post-186764","1":"product","2":"type-product","3":"status-publish","4":"has-post-thumbnail","6":"product_cat-aldeco-smarter-pt-pt","7":"pa_cleanability-8282","8":"pa_composition-ext-70-pl-30-pc-pt-pt","9":"pa_interior-fabrics-1-pt-pt","10":"pa_line-tecidos","11":"pa_lithfastness-4-5-pt-pt","12":"pa_outdoor-0-pt-pt","13":"pa_range-liso","14":"pa_rapport-vertical-11009","17":"first","18":"instock","19":"purchasable","20":"product-type-variable"},"acf":[],"_links":{"self":[{"href":"https:\/\/staging.aldeco.pt\/pt-pt\/wp-json\/wp\/v2\/product\/186764","targetHints":{"allow":["GET"]}}],"collection":[{"href":"https:\/\/staging.aldeco.pt\/pt-pt\/wp-json\/wp\/v2\/product"}],"about":[{"href":"https:\/\/staging.aldeco.pt\/pt-pt\/wp-json\/wp\/v2\/types\/product"}],"version-history":[{"count":3,"href":"https:\/\/staging.aldeco.pt\/pt-pt\/wp-json\/wp\/v2\/product\/186764\/revisions"}],"predecessor-version":[{"id":200946,"href":"https:\/\/staging.aldeco.pt\/pt-pt\/wp-json\/wp\/v2\/product\/186764\/revisions\/200946"}],"wp:featuredmedia":[{"embeddable":true,"href":"https:\/\/staging.aldeco.pt\/pt-pt\/wp-json\/wp\/v2\/media\/76183"}],"wp:attachment":[{"href":"https:\/\/staging.aldeco.pt\/pt-pt\/wp-json\/wp\/v2\/media?parent=186764"}],"wp:term":[{"taxonomy":"product_brand","embeddable":true,"href":"https:\/\/staging.aldeco.pt\/pt-pt\/wp-json\/wp\/v2\/product_brand?post=186764"},{"taxonomy":"product_cat","embeddable":true,"href":"https:\/\/staging.aldeco.pt\/pt-pt\/wp-json\/wp\/v2\/product_cat?post=186764"},{"taxonomy":"product_tag","embeddable":true,"href":"https:\/\/staging.aldeco.pt\/pt-pt\/wp-json\/wp\/v2\/product_tag?post=186764"}],"curies":[{"name":"wp","href":"https:\/\/api.w.org\/{rel}","templated":true}]}}