{"id":186754,"date":"2024-05-09T22:25:16","date_gmt":"2024-05-09T22:25:16","guid":{"rendered":"https:\/\/aldeco.pt\/staging\/product\/tatami-wlb\/"},"modified":"2024-09-27T16:09:32","modified_gmt":"2024-09-27T16:09:32","slug":"tatami-wlb","status":"publish","type":"product","link":"https:\/\/staging.aldeco.pt\/pt-pt\/product\/tatami-wlb\/","title":{"rendered":"TATAMI WLB"},"content":{"rendered":"<p>TATAMI WLB \u00e9 um tecido de cortina com uma transpar\u00eancia muito especial, pois tem um efeito mesclado que se assemelha ao tradicional tatami japon\u00eas, de aspeto cru e natural. \u00c9 tamb\u00e9m uma cortina muito leve e \u00e9 apresentada em 4 cores especialmente f\u00e1ceis de complementar com todo o tipo de decora\u00e7\u00e3o. Este tecido est\u00e1 dispon\u00edvel com Fio de Chumbo Ecol\u00f3gico, para maior versatilidade.<br \/>\nUm tatami \u00e9 um tipo de tapete utilizado como material para pavimentos em salas tradicionais do estilo japon\u00eas. S\u00e3o normalmente revestidos com palha de tecido macio (igusa). O n\u00facleo \u00e9 tradicionalmente feito da palha de arroz.<\/p>\n","protected":false},"excerpt":{"rendered":"<p>TATAMI WLB \u00e9 um tecido de cortina com uma transpar\u00eancia muito especial, pois tem um efeito mesclado que se assemelha ao tradicional tatami japon\u00eas, de aspeto cru e natural. \u00c9 tamb\u00e9m uma cortina muito leve e \u00e9 apresentada em 4 cores especialmente f\u00e1ceis de complementar com todo o tipo de decora\u00e7\u00e3o. Este tecido est\u00e1 dispon\u00edvel com Fio de Chumbo Ecol\u00f3gico, para maior versatilidade.<br \/>\nUm tatami \u00e9 um tipo de tapete utilizado como material para pavimentos em salas tradicionais do estilo japon\u00eas. S\u00e3o normalmente revestidos com palha de tecido macio (igusa). O n\u00facleo \u00e9 tradicionalmente feito da palha de arroz.<\/p>\n<h2>Tatami Wlb \u00e9 um tecido de cortina com uma transpar\u00eancia muito especial, pois tem um efeito mesclado que se assemelha ao tradicional tatami japon\u00eas, de aspeto cru e natural. \u00c9 tamb\u00e9m uma cortina muito leve e \u00e9 apresentada em 4 cores especialmente f\u00e1ceis de complementar com todo o tipo de decora\u00e7\u00e3o. Este tecido est\u00e1 dispon\u00edvel com Fio de Chumbo Ecol\u00f3gico, para maior versatilidade.<\/h2>\n<p><img fetchpriority=\"high\" decoding=\"async\" class=\"alignnone wp-image-189102 size-medium\" src=\"https:\/\/aldeco.pt\/staging\/wp-content\/uploads\/2024\/01\/T191980001-3-300x225.jpg\" alt=\"Tatami Wlb - Aldeco\" width=\"300\" height=\"225\" \/><\/p>\n<p><a href=\"https:\/\/www.instagram.com\/aldeco_interiorfabrics\/\">https:\/\/www.instagram.com\/aldeco_interiorfabrics\/<\/a><\/p>\n<p><a href=\"https:\/\/aldeco.pt\/staging\/product\/tatami-wlb\/?attribute_pa_aldeco-color=01-natural-white\">https:\/\/aldeco.pt\/staging\/product\/tatami-wlb\/?attribute_pa_aldeco-color=01-natural-white<\/a><\/p>\n","protected":false},"featured_media":157333,"template":"","meta":[],"product_brand":[],"product_cat":[6153],"product_tag":[],"class_list":{"0":"post-186754","1":"product","2":"type-product","3":"status-publish","4":"has-post-thumbnail","6":"product_cat-aldeco-smarter-pt-pt","7":"pa_cleanability-8282","8":"pa_composition-ext-100-pl-pt-pt","9":"pa_interior-fabrics-1-pt-pt","10":"pa_line-tecidos","11":"pa_lithfastness-5-pt-pt","12":"pa_outdoor-0-pt-pt","13":"pa_range-liso","14":"pa_range-transparente","15":"pa_rapport-vertical-11009","18":"first","19":"instock","20":"purchasable","21":"product-type-variable"},"acf":[],"_links":{"self":[{"href":"https:\/\/staging.aldeco.pt\/pt-pt\/wp-json\/wp\/v2\/product\/186754","targetHints":{"allow":["GET"]}}],"collection":[{"href":"https:\/\/staging.aldeco.pt\/pt-pt\/wp-json\/wp\/v2\/product"}],"about":[{"href":"https:\/\/staging.aldeco.pt\/pt-pt\/wp-json\/wp\/v2\/types\/product"}],"version-history":[{"count":2,"href":"https:\/\/staging.aldeco.pt\/pt-pt\/wp-json\/wp\/v2\/product\/186754\/revisions"}],"predecessor-version":[{"id":200881,"href":"https:\/\/staging.aldeco.pt\/pt-pt\/wp-json\/wp\/v2\/product\/186754\/revisions\/200881"}],"wp:featuredmedia":[{"embeddable":true,"href":"https:\/\/staging.aldeco.pt\/pt-pt\/wp-json\/wp\/v2\/media\/157333"}],"wp:attachment":[{"href":"https:\/\/staging.aldeco.pt\/pt-pt\/wp-json\/wp\/v2\/media?parent=186754"}],"wp:term":[{"taxonomy":"product_brand","embeddable":true,"href":"https:\/\/staging.aldeco.pt\/pt-pt\/wp-json\/wp\/v2\/product_brand?post=186754"},{"taxonomy":"product_cat","embeddable":true,"href":"https:\/\/staging.aldeco.pt\/pt-pt\/wp-json\/wp\/v2\/product_cat?post=186754"},{"taxonomy":"product_tag","embeddable":true,"href":"https:\/\/staging.aldeco.pt\/pt-pt\/wp-json\/wp\/v2\/product_tag?post=186754"}],"curies":[{"name":"wp","href":"https:\/\/api.w.org\/{rel}","templated":true}]}}