{"id":186743,"date":"2024-05-09T22:24:47","date_gmt":"2024-05-09T22:24:47","guid":{"rendered":"https:\/\/aldeco.pt\/staging\/product\/symbol\/"},"modified":"2024-09-24T08:28:43","modified_gmt":"2024-09-24T08:28:43","slug":"symbol","status":"publish","type":"product","link":"https:\/\/staging.aldeco.pt\/pt-pt\/product\/symbol\/","title":{"rendered":"SYMBOL"},"content":{"rendered":"<p>\u00c9 um tecido jacquard de estofo com um desenho geom\u00e9trico. A sobreposi\u00e7\u00e3o de c\u00edrculos num fundo degrad\u00e9 d\u00e1 origem a um efeito de risca extremamente din\u00e2mico. Este tecido est\u00e1 dispon\u00edvel em apenas 2 cores.<\/p>\n","protected":false},"excerpt":{"rendered":"<p>\u00c9 um tecido jacquard de estofo com um desenho geom\u00e9trico. A sobreposi\u00e7\u00e3o de c\u00edrculos num fundo degrad\u00e9 d\u00e1 origem a um efeito de risca extremamente din\u00e2mico. Este tecido est\u00e1 dispon\u00edvel em apenas 2 cores.<\/p>\n<h2>Symbol \u00e9 um tecido jacquard de estofo com um desenho geom\u00e9trico. A sobreposi\u00e7\u00e3o de c\u00edrculos num fundo degrad\u00e9 d\u00e1 origem a um efeito de risca extremamente din\u00e2mico. Este tecido est\u00e1 dispon\u00edvel em apenas 2 cores.<\/h2>\n<p><img fetchpriority=\"high\" decoding=\"async\" class=\"alignnone wp-image-189097 size-medium\" src=\"https:\/\/aldeco.pt\/staging\/wp-content\/uploads\/2024\/03\/T016830001-300x280.jpg\" alt=\"Symbol - Aldeco\" width=\"300\" height=\"280\" \/><\/p>\n<p><a href=\"https:\/\/www.instagram.com\/aldeco_interiorfabrics\/\">https:\/\/www.instagram.com\/aldeco_interiorfabrics\/<\/a><a href=\"https:\/\/aldeco.pt\/staging\/product\/symbol\/?attribute_pa_aldeco-color=1\">https:\/\/aldeco.pt\/staging\/product\/symbol\/?attribute_pa_aldeco-color=1<\/a><\/p>\n","protected":false},"featured_media":146224,"template":"","meta":[],"product_brand":[],"product_cat":[6145],"product_tag":[],"class_list":{"0":"post-186743","1":"product","2":"type-product","3":"status-publish","4":"has-post-thumbnail","6":"product_cat-aldeco-2-pt-pt-2","7":"pa_cleanability-8282","8":"pa_composition-ext-50-vi-28-li-22-pl-pt-pt","9":"pa_interior-fabrics-1-pt-pt","10":"pa_line-tecidos","11":"pa_lithfastness-4-pt-pt","12":"pa_outdoor-0-pt-pt","13":"pa_range-jacquard-pt-pt","14":"pa_rapport-horizontal-0-pt-pt","15":"pa_rapport-vertical-15-pt-pt","18":"first","19":"instock","20":"purchasable","21":"product-type-variable"},"acf":[],"_links":{"self":[{"href":"https:\/\/staging.aldeco.pt\/pt-pt\/wp-json\/wp\/v2\/product\/186743","targetHints":{"allow":["GET"]}}],"collection":[{"href":"https:\/\/staging.aldeco.pt\/pt-pt\/wp-json\/wp\/v2\/product"}],"about":[{"href":"https:\/\/staging.aldeco.pt\/pt-pt\/wp-json\/wp\/v2\/types\/product"}],"version-history":[{"count":3,"href":"https:\/\/staging.aldeco.pt\/pt-pt\/wp-json\/wp\/v2\/product\/186743\/revisions"}],"predecessor-version":[{"id":200775,"href":"https:\/\/staging.aldeco.pt\/pt-pt\/wp-json\/wp\/v2\/product\/186743\/revisions\/200775"}],"wp:featuredmedia":[{"embeddable":true,"href":"https:\/\/staging.aldeco.pt\/pt-pt\/wp-json\/wp\/v2\/media\/146224"}],"wp:attachment":[{"href":"https:\/\/staging.aldeco.pt\/pt-pt\/wp-json\/wp\/v2\/media?parent=186743"}],"wp:term":[{"taxonomy":"product_brand","embeddable":true,"href":"https:\/\/staging.aldeco.pt\/pt-pt\/wp-json\/wp\/v2\/product_brand?post=186743"},{"taxonomy":"product_cat","embeddable":true,"href":"https:\/\/staging.aldeco.pt\/pt-pt\/wp-json\/wp\/v2\/product_cat?post=186743"},{"taxonomy":"product_tag","embeddable":true,"href":"https:\/\/staging.aldeco.pt\/pt-pt\/wp-json\/wp\/v2\/product_tag?post=186743"}],"curies":[{"name":"wp","href":"https:\/\/api.w.org\/{rel}","templated":true}]}}