{"id":186727,"date":"2024-05-09T22:19:13","date_gmt":"2024-05-09T22:19:13","guid":{"rendered":"https:\/\/aldeco.pt\/staging\/product\/stripe-mania\/"},"modified":"2024-08-06T11:16:05","modified_gmt":"2024-08-06T11:16:05","slug":"stripe-mania","status":"publish","type":"product","link":"https:\/\/staging.aldeco.pt\/pt-pt\/product\/stripe-mania\/","title":{"rendered":"STRIPE MANIA"},"content":{"rendered":"<p>\u00c9 um tecido jacquard de estofo com riscas multicoloridas. A conjuga\u00e7\u00e3o de cores varia entre os tons neutros e cores mais divertidas. Dispon\u00edvel em 5 cores.<\/p>\n","protected":false},"excerpt":{"rendered":"<p>\u00c9 um tecido jacquard de estofo com riscas multicoloridas. A conjuga\u00e7\u00e3o de cores varia entre os tons neutros e cores mais divertidas. Dispon\u00edvel em 5 cores.<\/p>\n<h2>Stripe Mania \u00e9 um tecido jacquard de estofo com riscas multicoloridas. A conjuga\u00e7\u00e3o de cores varia entre os tons neutros e cores mais divertidas. Dispon\u00edvel em 5 cores.<\/h2>\n<p><img fetchpriority=\"high\" decoding=\"async\" class=\"alignnone wp-image-189078 size-medium\" src=\"https:\/\/aldeco.pt\/staging\/wp-content\/uploads\/2024\/03\/T018430001-300x280.jpg\" alt=\"Stripe Mania - Aldeco\" width=\"300\" height=\"280\"><\/p>\n<p><a href=\"https:\/\/www.instagram.com\/aldeco_interiorfabrics\/\">https:\/\/www.instagram.com\/aldeco_interiorfabrics\/<\/a><\/p>\n<p><a href=\"https:\/\/aldeco.pt\/staging\/product\/stripe-mania\/?attribute_pa_aldeco-color=1-bright-beige\">https:\/\/aldeco.pt\/staging\/product\/stripe-mania\/?attribute_pa_aldeco-color=1-bright-beige<\/a><\/p>\n","protected":false},"featured_media":160603,"template":"","meta":[],"product_brand":[],"product_cat":[6145],"product_tag":[],"class_list":{"0":"post-186727","1":"product","2":"type-product","3":"status-publish","4":"has-post-thumbnail","6":"product_cat-aldeco-2-pt-pt-2","7":"pa_cleanability-8282","8":"pa_composition-ext-48-pl-52-co-pt-pt","9":"pa_interior-fabrics-1-pt-pt","10":"pa_line-tecidos","11":"pa_lithfastness-9680","12":"pa_outdoor-0-pt-pt","13":"pa_range-jacquard-pt-pt","14":"pa_rapport-horizontal-27-9-pt-pt","15":"pa_rapport-vertical-11009","18":"first","19":"instock","20":"purchasable","21":"product-type-variable"},"acf":[],"_links":{"self":[{"href":"https:\/\/staging.aldeco.pt\/pt-pt\/wp-json\/wp\/v2\/product\/186727","targetHints":{"allow":["GET"]}}],"collection":[{"href":"https:\/\/staging.aldeco.pt\/pt-pt\/wp-json\/wp\/v2\/product"}],"about":[{"href":"https:\/\/staging.aldeco.pt\/pt-pt\/wp-json\/wp\/v2\/types\/product"}],"version-history":[{"count":1,"href":"https:\/\/staging.aldeco.pt\/pt-pt\/wp-json\/wp\/v2\/product\/186727\/revisions"}],"predecessor-version":[{"id":193309,"href":"https:\/\/staging.aldeco.pt\/pt-pt\/wp-json\/wp\/v2\/product\/186727\/revisions\/193309"}],"wp:featuredmedia":[{"embeddable":true,"href":"https:\/\/staging.aldeco.pt\/pt-pt\/wp-json\/wp\/v2\/media\/160603"}],"wp:attachment":[{"href":"https:\/\/staging.aldeco.pt\/pt-pt\/wp-json\/wp\/v2\/media?parent=186727"}],"wp:term":[{"taxonomy":"product_brand","embeddable":true,"href":"https:\/\/staging.aldeco.pt\/pt-pt\/wp-json\/wp\/v2\/product_brand?post=186727"},{"taxonomy":"product_cat","embeddable":true,"href":"https:\/\/staging.aldeco.pt\/pt-pt\/wp-json\/wp\/v2\/product_cat?post=186727"},{"taxonomy":"product_tag","embeddable":true,"href":"https:\/\/staging.aldeco.pt\/pt-pt\/wp-json\/wp\/v2\/product_tag?post=186727"}],"curies":[{"name":"wp","href":"https:\/\/api.w.org\/{rel}","templated":true}]}}