{"id":186667,"date":"2024-05-09T22:19:39","date_gmt":"2024-05-09T22:19:39","guid":{"rendered":"https:\/\/aldeco.pt\/staging\/product\/stripy\/"},"modified":"2024-08-06T11:16:04","modified_gmt":"2024-08-06T11:16:04","slug":"stripy","status":"publish","type":"product","link":"https:\/\/staging.aldeco.pt\/pt-pt\/product\/stripy\/","title":{"rendered":"STRIPY"},"content":{"rendered":"<p>\u00c9 um tecido jacquard de estofo ligeiro com riscas multicoloridas. A conjuga\u00e7\u00e3o de cores varia entre os tons neutros e cores mais divertidas. Este tecido de algod\u00e3o est\u00e1 dispon\u00edvel em 5 cores.<\/p>\n","protected":false},"excerpt":{"rendered":"<p>\u00c9 um tecido jacquard de estofo ligeiro com riscas multicoloridas. A conjuga\u00e7\u00e3o de cores varia entre os tons neutros e cores mais divertidas. Este tecido de algod\u00e3o est\u00e1 dispon\u00edvel em 5 cores.<\/p>\n<h2>Stripy \u00e9 um tecido jacquard de estofo ligeiro com riscas multicoloridas. A conjuga\u00e7\u00e3o de cores varia entre os tons neutros e cores mais divertidas. Este tecido de algod\u00e3o est\u00e1 dispon\u00edvel em 5 cores.<\/h2>\n<p><img decoding=\"async\" class=\"alignnone wp-image-189083 size-full\" src=\"https:\/\/aldeco.pt\/staging\/wp-content\/uploads\/2024\/03\/T018420001.jpg\" alt=\"Stripy - Aldeco\" width=\"177\" height=\"177\"><\/p>\n<p><a href=\"https:\/\/www.instagram.com\/aldeco_interiorfabrics\/\">https:\/\/www.instagram.com\/aldeco_interiorfabrics\/<\/a><\/p>\n<p><a href=\"https:\/\/aldeco.pt\/staging\/product\/stripy\/?attribute_pa_aldeco-color=1-tropical-white\">https:\/\/aldeco.pt\/staging\/product\/stripy\/?attribute_pa_aldeco-color=1-tropical-white<\/a><\/p>\n","protected":false},"featured_media":160613,"template":"","meta":[],"product_brand":[],"product_cat":[6145],"product_tag":[],"class_list":{"0":"post-186667","1":"product","2":"type-product","3":"status-publish","4":"has-post-thumbnail","6":"product_cat-aldeco-2-pt-pt-2","7":"pa_cleanability-8282","8":"pa_composition-ext-100-co-pt-pt","9":"pa_interior-fabrics-1-pt-pt","10":"pa_line-tecidos","11":"pa_lithfastness-9680","12":"pa_outdoor-0-pt-pt","13":"pa_range-jacquard-pt-pt","14":"pa_rapport-horizontal-33-7-pt-pt","15":"pa_rapport-vertical-11009","18":"first","19":"instock","20":"purchasable","21":"product-type-variable"},"acf":[],"_links":{"self":[{"href":"https:\/\/staging.aldeco.pt\/pt-pt\/wp-json\/wp\/v2\/product\/186667","targetHints":{"allow":["GET"]}}],"collection":[{"href":"https:\/\/staging.aldeco.pt\/pt-pt\/wp-json\/wp\/v2\/product"}],"about":[{"href":"https:\/\/staging.aldeco.pt\/pt-pt\/wp-json\/wp\/v2\/types\/product"}],"version-history":[{"count":1,"href":"https:\/\/staging.aldeco.pt\/pt-pt\/wp-json\/wp\/v2\/product\/186667\/revisions"}],"predecessor-version":[{"id":193308,"href":"https:\/\/staging.aldeco.pt\/pt-pt\/wp-json\/wp\/v2\/product\/186667\/revisions\/193308"}],"wp:featuredmedia":[{"embeddable":true,"href":"https:\/\/staging.aldeco.pt\/pt-pt\/wp-json\/wp\/v2\/media\/160613"}],"wp:attachment":[{"href":"https:\/\/staging.aldeco.pt\/pt-pt\/wp-json\/wp\/v2\/media?parent=186667"}],"wp:term":[{"taxonomy":"product_brand","embeddable":true,"href":"https:\/\/staging.aldeco.pt\/pt-pt\/wp-json\/wp\/v2\/product_brand?post=186667"},{"taxonomy":"product_cat","embeddable":true,"href":"https:\/\/staging.aldeco.pt\/pt-pt\/wp-json\/wp\/v2\/product_cat?post=186667"},{"taxonomy":"product_tag","embeddable":true,"href":"https:\/\/staging.aldeco.pt\/pt-pt\/wp-json\/wp\/v2\/product_tag?post=186667"}],"curies":[{"name":"wp","href":"https:\/\/api.w.org\/{rel}","templated":true}]}}