{"id":186663,"date":"2024-05-09T22:18:23","date_gmt":"2024-05-09T22:18:23","guid":{"rendered":"https:\/\/aldeco.pt\/staging\/product\/storm-fr\/"},"modified":"2024-10-09T16:40:38","modified_gmt":"2024-10-09T16:40:38","slug":"storm-fr","status":"publish","type":"product","link":"https:\/\/staging.aldeco.pt\/pt-pt\/product\/storm-fr\/","title":{"rendered":"STORM FR"},"content":{"rendered":"<p>STORM FR \u00e9 um sint\u00e9tico de simples de manuten\u00e7\u00e3o recomendado para o exterior. \u00c9 resistente ao fogo de acordo com a norma DIN EN 1021: 1 + 2 e est\u00e1 dispon\u00edvel 13 cores.<\/p>\n","protected":false},"excerpt":{"rendered":"<p>STORM FR \u00e9 um sint\u00e9tico de simples de manuten\u00e7\u00e3o recomendado para o exterior. \u00c9 resistente ao fogo de acordo com a norma DIN EN 1021: 1 + 2 e est\u00e1 dispon\u00edvel 13 cores.<\/p>\n<h2>STORM FR \u00e9 um sint\u00e9tico de simples de manuten\u00e7\u00e3o recomendado para o exterior. \u00c9 resistente ao fogo de acordo com a norma DIN EN 1021: 1 + 2 e est\u00e1 dispon\u00edvel 13 cores.<\/h2>\n<p><img fetchpriority=\"high\" decoding=\"async\" class=\"alignnone wp-image-69466 size-medium\" src=\"https:\/\/aldeco.pt\/staging\/wp-content\/uploads\/2024\/01\/T190600009-1-300x200.jpg\" alt=\"Storm FR - Aldeco\" width=\"300\" height=\"200\" \/><\/p>\n<p><a href=\"https:\/\/www.instagram.com\/aldeco_interiorfabrics\/\">https:\/\/www.instagram.com\/aldeco_interiorfabrics\/<\/a><\/p>\n<p><a href=\"https:\/\/aldeco.pt\/staging\/product\/storm-fr\/?attribute_pa_aldeco-color=01-off-white\">https:\/\/aldeco.pt\/staging\/product\/storm-fr\/?attribute_pa_aldeco-color=01-off-white<\/a><\/p>\n","protected":false},"featured_media":157209,"template":"","meta":[],"product_brand":[],"product_cat":[6145],"product_tag":[],"class_list":{"0":"post-186663","1":"product","2":"type-product","3":"status-publish","4":"has-post-thumbnail","6":"product_cat-aldeco-2-pt-pt-2","7":"pa_cleanability-8282","8":"pa_composition-ext-12-pu-70-pvc-12-pl-6-co-pt-pt","9":"pa_contract-fabrics-1-pt-pt","10":"pa_indoor-fabrics-1-pt-pt","11":"pa_interior-fabrics-1-pt-pt","12":"pa_line-tecidos","13":"pa_lithfastness-6-7-pt-pt","14":"pa_outdoor-0-pt-pt","15":"pa_range-sintetico","16":"pa_rapport-vertical-11009","17":"pa_special-treatments-fabrics-1-pt-pt","20":"first","21":"instock","22":"purchasable","23":"product-type-variable"},"acf":[],"_links":{"self":[{"href":"https:\/\/staging.aldeco.pt\/pt-pt\/wp-json\/wp\/v2\/product\/186663","targetHints":{"allow":["GET"]}}],"collection":[{"href":"https:\/\/staging.aldeco.pt\/pt-pt\/wp-json\/wp\/v2\/product"}],"about":[{"href":"https:\/\/staging.aldeco.pt\/pt-pt\/wp-json\/wp\/v2\/types\/product"}],"version-history":[{"count":2,"href":"https:\/\/staging.aldeco.pt\/pt-pt\/wp-json\/wp\/v2\/product\/186663\/revisions"}],"predecessor-version":[{"id":204655,"href":"https:\/\/staging.aldeco.pt\/pt-pt\/wp-json\/wp\/v2\/product\/186663\/revisions\/204655"}],"wp:featuredmedia":[{"embeddable":true,"href":"https:\/\/staging.aldeco.pt\/pt-pt\/wp-json\/wp\/v2\/media\/157209"}],"wp:attachment":[{"href":"https:\/\/staging.aldeco.pt\/pt-pt\/wp-json\/wp\/v2\/media?parent=186663"}],"wp:term":[{"taxonomy":"product_brand","embeddable":true,"href":"https:\/\/staging.aldeco.pt\/pt-pt\/wp-json\/wp\/v2\/product_brand?post=186663"},{"taxonomy":"product_cat","embeddable":true,"href":"https:\/\/staging.aldeco.pt\/pt-pt\/wp-json\/wp\/v2\/product_cat?post=186663"},{"taxonomy":"product_tag","embeddable":true,"href":"https:\/\/staging.aldeco.pt\/pt-pt\/wp-json\/wp\/v2\/product_tag?post=186663"}],"curies":[{"name":"wp","href":"https:\/\/api.w.org\/{rel}","templated":true}]}}