{"id":186607,"date":"2024-05-09T22:14:45","date_gmt":"2024-05-09T22:14:45","guid":{"rendered":"https:\/\/aldeco.pt\/staging\/product\/spatter\/"},"modified":"2024-09-19T09:29:34","modified_gmt":"2024-09-19T09:29:34","slug":"spatter","status":"publish","type":"product","link":"https:\/\/staging.aldeco.pt\/pt-pt\/product\/spatter\/","title":{"rendered":"SPATTER"},"content":{"rendered":"<p>\u00c9 um tecido jacquard de linho e algod\u00e3o com riscas de diferentes cores ligeiramente indefinidas como que desenhadas a pincel. Este tecido de look fresco e divertido est\u00e1 dispon\u00edvel em tons de azul. Pode ser utilizado para estofo ligeiro e decora\u00e7\u00e3o.<\/p>\n","protected":false},"excerpt":{"rendered":"<p>\u00c9 um tecido jacquard de linho e algod\u00e3o com riscas de diferentes cores ligeiramente indefinidas como que desenhadas a pincel. Este tecido de look fresco e divertido est\u00e1 dispon\u00edvel em tons de azul. Pode ser utilizado para estofo ligeiro e decora\u00e7\u00e3o.<\/p>\n<h2>Spatter, \u00e9 um tecido jacquard de linho e algod\u00e3o com riscas de diferentes cores ligeiramente indefinidas como que desenhadas a pincel. Este tecido de look fresco e divertido est\u00e1 dispon\u00edvel em tons de azul. Pode ser utilizado para estofo ligeiro e decora\u00e7\u00e3o.<\/h2>\n<p><img fetchpriority=\"high\" decoding=\"async\" class=\"alignnone wp-image-189009 size-medium\" src=\"https:\/\/aldeco.pt\/staging\/wp-content\/uploads\/2024\/05\/T019170002-300x240.jpg\" alt=\"Spatter - Aldeco\" width=\"300\" height=\"240\" \/><\/p>\n<p><a href=\"https:\/\/www.instagram.com\/aldeco_interiorfabrics\/\">https:\/\/www.instagram.com\/aldeco_interiorfabrics\/<\/a><a href=\"https:\/\/aldeco.pt\/staging\/product\/spatter\/?attribute_pa_aldeco-color=02-cool-party\">https:\/\/aldeco.pt\/staging\/product\/spatter\/?attribute_pa_aldeco-color=02-cool-party<\/a><\/p>\n","protected":false},"featured_media":160558,"template":"","meta":[],"product_brand":[],"product_cat":[6145],"product_tag":[],"class_list":{"0":"post-186607","1":"product","2":"type-product","3":"status-publish","4":"has-post-thumbnail","6":"product_cat-aldeco-2-pt-pt-2","7":"pa_cleanability-8282","8":"pa_composition-ext-base-81-li-19-co-pt-pt","9":"pa_interior-fabrics-1-pt-pt","10":"pa_line-tecidos","11":"pa_lithfastness-4-5-pt-pt","12":"pa_outdoor-0-pt-pt","13":"pa_range-jacquard-pt-pt","14":"pa_rapport-horizontal-34-8-pt-pt","15":"pa_rapport-vertical-37-5-pt-pt","18":"first","19":"instock","20":"purchasable","21":"product-type-variable"},"acf":[],"_links":{"self":[{"href":"https:\/\/staging.aldeco.pt\/pt-pt\/wp-json\/wp\/v2\/product\/186607","targetHints":{"allow":["GET"]}}],"collection":[{"href":"https:\/\/staging.aldeco.pt\/pt-pt\/wp-json\/wp\/v2\/product"}],"about":[{"href":"https:\/\/staging.aldeco.pt\/pt-pt\/wp-json\/wp\/v2\/types\/product"}],"version-history":[{"count":4,"href":"https:\/\/staging.aldeco.pt\/pt-pt\/wp-json\/wp\/v2\/product\/186607\/revisions"}],"predecessor-version":[{"id":200646,"href":"https:\/\/staging.aldeco.pt\/pt-pt\/wp-json\/wp\/v2\/product\/186607\/revisions\/200646"}],"wp:featuredmedia":[{"embeddable":true,"href":"https:\/\/staging.aldeco.pt\/pt-pt\/wp-json\/wp\/v2\/media\/160558"}],"wp:attachment":[{"href":"https:\/\/staging.aldeco.pt\/pt-pt\/wp-json\/wp\/v2\/media?parent=186607"}],"wp:term":[{"taxonomy":"product_brand","embeddable":true,"href":"https:\/\/staging.aldeco.pt\/pt-pt\/wp-json\/wp\/v2\/product_brand?post=186607"},{"taxonomy":"product_cat","embeddable":true,"href":"https:\/\/staging.aldeco.pt\/pt-pt\/wp-json\/wp\/v2\/product_cat?post=186607"},{"taxonomy":"product_tag","embeddable":true,"href":"https:\/\/staging.aldeco.pt\/pt-pt\/wp-json\/wp\/v2\/product_tag?post=186607"}],"curies":[{"name":"wp","href":"https:\/\/api.w.org\/{rel}","templated":true}]}}