{"id":186437,"date":"2024-05-09T22:11:03","date_gmt":"2024-05-09T22:11:03","guid":{"rendered":"https:\/\/aldeco.pt\/staging\/product\/smarter-fr\/"},"modified":"2024-10-09T11:38:41","modified_gmt":"2024-10-09T11:38:41","slug":"smarter-fr","status":"publish","type":"product","link":"https:\/\/staging.aldeco.pt\/pt-pt\/product\/smarter-fr\/","title":{"rendered":"SMARTER FR"},"content":{"rendered":"<p>Transpar\u00eancia lisa com fio FR e com look de linho com efeito mesclado.<br \/>\nTem 300 cm de largura e dispon\u00edvel numa paleta com 10 cores. Sugerimos esta transpar\u00eancia para coordenar com os tecidos da nossa cole\u00e7\u00e3o de crian\u00e7a e jovem &#8220;La Grand Kermesse&#8221;.<\/p>\n","protected":false},"excerpt":{"rendered":"<p>Transpar\u00eancia lisa com fio FR e com look de linho com efeito mesclado.<br \/>\nTem 300 cm de largura e dispon\u00edvel numa paleta com 10 cores. Sugerimos esta transpar\u00eancia para coordenar com os tecidos da nossa cole\u00e7\u00e3o de crian\u00e7a e jovem &#8220;La Grand Kermesse&#8221;.<\/p>\n<h2>Smarter FR, transpar\u00eancia lisa com fio FR e com look de linho com efeito mesclado.<br \/>\nTem 300 cm de largura e dispon\u00edvel numa paleta com 10 cores. Sugerimos esta transpar\u00eancia para coordenar com os tecidos da nossa cole\u00e7\u00e3o de crian\u00e7a e jovem &#8220;La Grand Kermesse&#8221;.<\/h2>\n<p><img fetchpriority=\"high\" decoding=\"async\" class=\"alignnone wp-image-188984 size-medium\" src=\"https:\/\/aldeco.pt\/staging\/wp-content\/uploads\/2024\/03\/T019880001-300x240.jpg\" alt=\"Smarter FR - Aldeco\" width=\"300\" height=\"240\" \/><\/p>\n<p><a href=\"https:\/\/www.instagram.com\/aldeco_interiorfabrics\/\">https:\/\/www.instagram.com\/aldeco_interiorfabrics\/<\/a><\/p>\n<p><a href=\"https:\/\/aldeco.pt\/staging\/product\/smarter-fr\/?attribute_pa_aldeco-color=01-pure-white\">https:\/\/aldeco.pt\/staging\/product\/smarter-fr\/?attribute_pa_aldeco-color=01-pure-white<\/a><\/p>\n","protected":false},"featured_media":160490,"template":"","meta":[],"product_brand":[],"product_cat":[6145],"product_tag":[],"class_list":{"0":"post-186437","1":"product","2":"type-product","3":"status-publish","4":"has-post-thumbnail","6":"product_cat-aldeco-2-pt-pt-2","7":"pa_cleanability-8282","8":"pa_composition-ext-100-pl-fr-pt-pt","9":"pa_contract-fabrics-1-pt-pt","10":"pa_interior-fabrics-1-pt-pt","11":"pa_line-tecidos","12":"pa_lithfastness-9680","13":"pa_outdoor-0-pt-pt","14":"pa_range-liso","15":"pa_range-transparente","16":"pa_rapport-vertical-11009","17":"pa_special-treatments-fabrics-1-pt-pt","20":"first","21":"instock","22":"purchasable","23":"product-type-variable"},"acf":[],"_links":{"self":[{"href":"https:\/\/staging.aldeco.pt\/pt-pt\/wp-json\/wp\/v2\/product\/186437","targetHints":{"allow":["GET"]}}],"collection":[{"href":"https:\/\/staging.aldeco.pt\/pt-pt\/wp-json\/wp\/v2\/product"}],"about":[{"href":"https:\/\/staging.aldeco.pt\/pt-pt\/wp-json\/wp\/v2\/types\/product"}],"version-history":[{"count":2,"href":"https:\/\/staging.aldeco.pt\/pt-pt\/wp-json\/wp\/v2\/product\/186437\/revisions"}],"predecessor-version":[{"id":203453,"href":"https:\/\/staging.aldeco.pt\/pt-pt\/wp-json\/wp\/v2\/product\/186437\/revisions\/203453"}],"wp:featuredmedia":[{"embeddable":true,"href":"https:\/\/staging.aldeco.pt\/pt-pt\/wp-json\/wp\/v2\/media\/160490"}],"wp:attachment":[{"href":"https:\/\/staging.aldeco.pt\/pt-pt\/wp-json\/wp\/v2\/media?parent=186437"}],"wp:term":[{"taxonomy":"product_brand","embeddable":true,"href":"https:\/\/staging.aldeco.pt\/pt-pt\/wp-json\/wp\/v2\/product_brand?post=186437"},{"taxonomy":"product_cat","embeddable":true,"href":"https:\/\/staging.aldeco.pt\/pt-pt\/wp-json\/wp\/v2\/product_cat?post=186437"},{"taxonomy":"product_tag","embeddable":true,"href":"https:\/\/staging.aldeco.pt\/pt-pt\/wp-json\/wp\/v2\/product_tag?post=186437"}],"curies":[{"name":"wp","href":"https:\/\/api.w.org\/{rel}","templated":true}]}}