{"id":186335,"date":"2024-05-09T22:08:08","date_gmt":"2024-05-09T22:08:08","guid":{"rendered":"https:\/\/aldeco.pt\/staging\/product\/skyfall-blackout-fr\/"},"modified":"2024-09-30T10:48:26","modified_gmt":"2024-09-30T10:48:26","slug":"skyfall-blackout-fr","status":"publish","type":"product","link":"https:\/\/staging.aldeco.pt\/pt-pt\/product\/skyfall-blackout-fr\/","title":{"rendered":"SKYFALL BLACKOUT FR"},"content":{"rendered":"<p>SKYFALL BLACKOUT FR \u00e9 um tecido blackout (obscurante) com um look muito macio. Apresentamos este blackout liso ign\u00edfugo muito elegante com uma largura excepcional de 320 cm para tectos particularmente altos. Est\u00e1 dispon\u00edvel em 8 cores neutras e essenciais.<\/p>\n","protected":false},"excerpt":{"rendered":"<p>SKYFALL BLACKOUT FR \u00e9 um tecido blackout (obscurante) com um look muito macio. Apresentamos este blackout liso ign\u00edfugo muito elegante com uma largura excepcional de 320 cm para tectos particularmente altos. Est\u00e1 dispon\u00edvel em 8 cores neutras e essenciais.<\/p>\n<h2>SKYFALL BLACKOUT FR \u00e9 um tecido blackout (obscurante) com um look muito macio. Apresentamos este blackout liso ign\u00edfugo muito elegante com uma largura excepcional de 320 cm para tectos particularmente altos. Est\u00e1 dispon\u00edvel em 8 cores neutras e essenciais.<\/h2>\n<p><img fetchpriority=\"high\" decoding=\"async\" class=\"alignnone wp-image-188954 size-medium\" src=\"https:\/\/aldeco.pt\/staging\/wp-content\/uploads\/2024\/03\/T192400001-300x200.jpg\" alt=\"Skyfall Blackout FR - Aldeco\" width=\"300\" height=\"200\" \/><\/p>\n<p><a href=\"https:\/\/www.instagram.com\/aldeco_interiorfabrics\/\">https:\/\/www.instagram.com\/aldeco_interiorfabrics\/<\/a><\/p>\n<p><a href=\"https:\/\/aldeco.pt\/staging\/product\/skyfall-blackout-fr\/?attribute_pa_aldeco-color=01-bright-white\">https:\/\/aldeco.pt\/staging\/product\/skyfall-blackout-fr\/?attribute_pa_aldeco-color=01-bright-white<\/a><\/p>\n","protected":false},"featured_media":157042,"template":"","meta":[],"product_brand":[],"product_cat":[6153],"product_tag":[],"class_list":{"0":"post-186335","1":"product","2":"type-product","3":"status-publish","4":"has-post-thumbnail","6":"product_cat-aldeco-smarter-pt-pt","7":"pa_cleanability-8282","8":"pa_composition-ext-100-pl-pt-pt","9":"pa_contract-fabrics-1-pt-pt","10":"pa_interior-fabrics-1-pt-pt","11":"pa_line-tecidos","12":"pa_lithfastness-5-pt-pt","13":"pa_outdoor-0-pt-pt","14":"pa_range-blackout-pt-pt","15":"pa_rapport-vertical-11009","16":"pa_special-treatments-fabrics-1-pt-pt","19":"first","20":"instock","21":"purchasable","22":"product-type-variable"},"acf":[],"_links":{"self":[{"href":"https:\/\/staging.aldeco.pt\/pt-pt\/wp-json\/wp\/v2\/product\/186335","targetHints":{"allow":["GET"]}}],"collection":[{"href":"https:\/\/staging.aldeco.pt\/pt-pt\/wp-json\/wp\/v2\/product"}],"about":[{"href":"https:\/\/staging.aldeco.pt\/pt-pt\/wp-json\/wp\/v2\/types\/product"}],"version-history":[{"count":2,"href":"https:\/\/staging.aldeco.pt\/pt-pt\/wp-json\/wp\/v2\/product\/186335\/revisions"}],"predecessor-version":[{"id":200951,"href":"https:\/\/staging.aldeco.pt\/pt-pt\/wp-json\/wp\/v2\/product\/186335\/revisions\/200951"}],"wp:featuredmedia":[{"embeddable":true,"href":"https:\/\/staging.aldeco.pt\/pt-pt\/wp-json\/wp\/v2\/media\/157042"}],"wp:attachment":[{"href":"https:\/\/staging.aldeco.pt\/pt-pt\/wp-json\/wp\/v2\/media?parent=186335"}],"wp:term":[{"taxonomy":"product_brand","embeddable":true,"href":"https:\/\/staging.aldeco.pt\/pt-pt\/wp-json\/wp\/v2\/product_brand?post=186335"},{"taxonomy":"product_cat","embeddable":true,"href":"https:\/\/staging.aldeco.pt\/pt-pt\/wp-json\/wp\/v2\/product_cat?post=186335"},{"taxonomy":"product_tag","embeddable":true,"href":"https:\/\/staging.aldeco.pt\/pt-pt\/wp-json\/wp\/v2\/product_tag?post=186335"}],"curies":[{"name":"wp","href":"https:\/\/api.w.org\/{rel}","templated":true}]}}