{"id":186328,"date":"2024-05-09T22:10:03","date_gmt":"2024-05-09T22:10:03","guid":{"rendered":"https:\/\/aldeco.pt\/staging\/product\/sluby\/"},"modified":"2024-10-01T13:38:06","modified_gmt":"2024-10-01T13:38:06","slug":"sluby","status":"publish","type":"product","link":"https:\/\/staging.aldeco.pt\/pt-pt\/product\/sluby\/","title":{"rendered":"SLUBY"},"content":{"rendered":"<p>Sluby \u00e9 um tecido suave, cuja constru\u00e7\u00e3o tem uns slubs, semelhantes aos encontrados em tecidos naturais, como as sedas. Sluby \u00e9 uma escolha elegante para cortinas e est\u00e1 dispon\u00edvel em 12 cores.<\/p>\n","protected":false},"excerpt":{"rendered":"<p>Sluby \u00e9 um tecido suave, cuja constru\u00e7\u00e3o tem uns slubs, semelhantes aos encontrados em tecidos naturais, como as sedas. Sluby \u00e9 uma escolha elegante para cortinas e est\u00e1 dispon\u00edvel em 12 cores.<\/p>\n<h2>Sluby \u00e9 um tecido suave, cuja constru\u00e7\u00e3o tem uns slubs, semelhantes aos encontrados em tecidos naturais, como as sedas. Sluby \u00e9 uma escolha elegante para cortinas e est\u00e1 dispon\u00edvel em 12 cores.<\/h2>\n<p><img fetchpriority=\"high\" decoding=\"async\" class=\"alignnone wp-image-188979 size-medium\" src=\"https:\/\/aldeco.pt\/staging\/wp-content\/uploads\/2024\/03\/T190470001-300x200.jpg\" alt=\"Sluby - Aldeco\" width=\"300\" height=\"200\" \/><\/p>\n<p><a href=\"https:\/\/www.instagram.com\/aldeco_interiorfabrics\/\">https:\/\/www.instagram.com\/aldeco_interiorfabrics\/<\/a><\/p>\n<p><a href=\"https:\/\/aldeco.pt\/staging\/product\/sluby\/?attribute_pa_aldeco-color=01-ivory\">https:\/\/aldeco.pt\/staging\/product\/sluby\/?attribute_pa_aldeco-color=01-ivory<\/a><\/p>\n<p>&nbsp;<\/p>\n<p>&nbsp;<\/p>\n","protected":false},"featured_media":160466,"template":"","meta":[],"product_brand":[],"product_cat":[6153],"product_tag":[],"class_list":{"0":"post-186328","1":"product","2":"type-product","3":"status-publish","4":"has-post-thumbnail","6":"product_cat-aldeco-smarter-pt-pt","7":"pa_cleanability-8282","8":"pa_composition-ext-100-pl-pt-pt","9":"pa_interior-fabrics-1-pt-pt","10":"pa_line-tecidos","11":"pa_lithfastness-9680","12":"pa_outdoor-0-pt-pt","13":"pa_range-transparente","14":"pa_rapport-vertical-11009","17":"first","18":"instock","19":"purchasable","20":"product-type-variable"},"acf":[],"_links":{"self":[{"href":"https:\/\/staging.aldeco.pt\/pt-pt\/wp-json\/wp\/v2\/product\/186328","targetHints":{"allow":["GET"]}}],"collection":[{"href":"https:\/\/staging.aldeco.pt\/pt-pt\/wp-json\/wp\/v2\/product"}],"about":[{"href":"https:\/\/staging.aldeco.pt\/pt-pt\/wp-json\/wp\/v2\/types\/product"}],"version-history":[{"count":2,"href":"https:\/\/staging.aldeco.pt\/pt-pt\/wp-json\/wp\/v2\/product\/186328\/revisions"}],"predecessor-version":[{"id":201474,"href":"https:\/\/staging.aldeco.pt\/pt-pt\/wp-json\/wp\/v2\/product\/186328\/revisions\/201474"}],"wp:featuredmedia":[{"embeddable":true,"href":"https:\/\/staging.aldeco.pt\/pt-pt\/wp-json\/wp\/v2\/media\/160466"}],"wp:attachment":[{"href":"https:\/\/staging.aldeco.pt\/pt-pt\/wp-json\/wp\/v2\/media?parent=186328"}],"wp:term":[{"taxonomy":"product_brand","embeddable":true,"href":"https:\/\/staging.aldeco.pt\/pt-pt\/wp-json\/wp\/v2\/product_brand?post=186328"},{"taxonomy":"product_cat","embeddable":true,"href":"https:\/\/staging.aldeco.pt\/pt-pt\/wp-json\/wp\/v2\/product_cat?post=186328"},{"taxonomy":"product_tag","embeddable":true,"href":"https:\/\/staging.aldeco.pt\/pt-pt\/wp-json\/wp\/v2\/product_tag?post=186328"}],"curies":[{"name":"wp","href":"https:\/\/api.w.org\/{rel}","templated":true}]}}