{"id":186291,"date":"2024-05-09T22:08:51","date_gmt":"2024-05-09T22:08:51","guid":{"rendered":"https:\/\/aldeco.pt\/staging\/product\/slow-fr\/"},"modified":"2024-10-08T10:50:37","modified_gmt":"2024-10-08T10:50:37","slug":"slow-fr","status":"publish","type":"product","link":"https:\/\/staging.aldeco.pt\/pt-pt\/product\/slow-fr\/","title":{"rendered":"SLOW FR"},"content":{"rendered":"<p>Cuidadosamente feito para durar, o SLOW FR oferece uma qualidade de tecido duplo forte e denso ideal para estofos dur\u00e1veis. As cores s\u00e3o ricas misturas multicoloridas, com efeitos vibrante e sutilmente cintilante. Este tecido \u00e9 feito com 15% de poli\u00e9ster reciclado p\u00f3s-consumo e certificado GRS de garrafas PET. Com um metro de tecido, tr\u00eas garrafas pl\u00e1sticas s\u00e3o salvas do aterro ou da incinera\u00e7\u00e3o. Dispon\u00edvel em 15 cores.<\/p>\n","protected":false},"excerpt":{"rendered":"<p>Cuidadosamente feito para durar, o SLOW FR oferece uma qualidade de tecido duplo forte e denso ideal para estofos dur\u00e1veis. As cores s\u00e3o ricas misturas multicoloridas, com efeitos vibrante e sutilmente cintilante. Este tecido \u00e9 feito com 15% de poli\u00e9ster reciclado p\u00f3s-consumo e certificado GRS de garrafas PET. Com um metro de tecido, tr\u00eas garrafas pl\u00e1sticas s\u00e3o salvas do aterro ou da incinera\u00e7\u00e3o. Dispon\u00edvel em 15 cores.<\/p>\n<h2>SLOW FR oferece uma qualidade de tecido duplo forte e denso ideal para estofos dur\u00e1veis. As cores s\u00e3o ricas misturas multicoloridas, com efeitos vibrante e sutilmente cintilante. Este tecido \u00e9 feito com 15% de poli\u00e9ster reciclado p\u00f3s-consumo e certificado GRS de garrafas PET. Com um metro de tecido, tr\u00eas garrafas pl\u00e1sticas s\u00e3o salvas do aterro ou da incinera\u00e7\u00e3o. Dispon\u00edvel em 15 cores.<\/h2>\n<p><img fetchpriority=\"high\" decoding=\"async\" class=\"alignnone wp-image-188959 size-medium\" src=\"https:\/\/aldeco.pt\/staging\/wp-content\/uploads\/2024\/03\/T016850001-300x280.jpg\" alt=\"Slow FR - Aldeco\" width=\"300\" height=\"280\" \/><\/p>\n<p><a href=\"https:\/\/www.instagram.com\/aldeco_interiorfabrics\/\">https:\/\/www.instagram.com\/aldeco_interiorfabrics\/<\/a><\/p>\n<p><a href=\"https:\/\/aldeco.pt\/staging\/product\/slow-fr\/?attribute_pa_aldeco-color=01-white\">https:\/\/aldeco.pt\/staging\/product\/slow-fr\/?attribute_pa_aldeco-color=01-white<\/a><\/p>\n","protected":false},"featured_media":160438,"template":"","meta":[],"product_brand":[],"product_cat":[6145],"product_tag":[],"class_list":{"0":"post-186291","1":"product","2":"type-product","3":"status-publish","4":"has-post-thumbnail","6":"product_cat-aldeco-2-pt-pt-2","7":"pa_cleanability-8282","8":"pa_cleanability-4-5-pt-pt","9":"pa_composition-ext-75-pl-25-pp-pt-pt","10":"pa_contract-fabrics-1-pt-pt","11":"pa_interior-fabrics-1-pt-pt","12":"pa_line-tecidos","13":"pa_lithfastness-5-6-pt-pt","14":"pa_outdoor-0-pt-pt","15":"pa_range-liso","16":"pa_range-panama-pt-pt","17":"pa_rapport-vertical-11009","18":"pa_sustainable-fabrics-1-pt-pt","21":"first","22":"instock","23":"purchasable","24":"product-type-variable"},"acf":[],"_links":{"self":[{"href":"https:\/\/staging.aldeco.pt\/pt-pt\/wp-json\/wp\/v2\/product\/186291","targetHints":{"allow":["GET"]}}],"collection":[{"href":"https:\/\/staging.aldeco.pt\/pt-pt\/wp-json\/wp\/v2\/product"}],"about":[{"href":"https:\/\/staging.aldeco.pt\/pt-pt\/wp-json\/wp\/v2\/types\/product"}],"version-history":[{"count":3,"href":"https:\/\/staging.aldeco.pt\/pt-pt\/wp-json\/wp\/v2\/product\/186291\/revisions"}],"predecessor-version":[{"id":202205,"href":"https:\/\/staging.aldeco.pt\/pt-pt\/wp-json\/wp\/v2\/product\/186291\/revisions\/202205"}],"wp:featuredmedia":[{"embeddable":true,"href":"https:\/\/staging.aldeco.pt\/pt-pt\/wp-json\/wp\/v2\/media\/160438"}],"wp:attachment":[{"href":"https:\/\/staging.aldeco.pt\/pt-pt\/wp-json\/wp\/v2\/media?parent=186291"}],"wp:term":[{"taxonomy":"product_brand","embeddable":true,"href":"https:\/\/staging.aldeco.pt\/pt-pt\/wp-json\/wp\/v2\/product_brand?post=186291"},{"taxonomy":"product_cat","embeddable":true,"href":"https:\/\/staging.aldeco.pt\/pt-pt\/wp-json\/wp\/v2\/product_cat?post=186291"},{"taxonomy":"product_tag","embeddable":true,"href":"https:\/\/staging.aldeco.pt\/pt-pt\/wp-json\/wp\/v2\/product_tag?post=186291"}],"curies":[{"name":"wp","href":"https:\/\/api.w.org\/{rel}","templated":true}]}}