{"id":186287,"date":"2024-07-23T22:00:42","date_gmt":"2024-07-23T22:00:42","guid":{"rendered":"https:\/\/aldeco.pt\/staging\/product\/siege-velvet\/"},"modified":"2024-10-10T09:41:19","modified_gmt":"2024-10-10T09:41:19","slug":"siege-velvet","status":"publish","type":"product","link":"https:\/\/staging.aldeco.pt\/pt-pt\/product\/siege-velvet\/","title":{"rendered":"SI\u00c9GE VELVET"},"content":{"rendered":"<p>O bestseller da Aldeco, pois \u00e9 um lindo veludo suave e com alta resist\u00eancia \u00e0 abras\u00e3o. Dispon\u00edvel em 62 cores e \u00e9 aplic\u00e1vel tanto em decora\u00e7\u00e3o, como em estofo.<br \/>\nTamb\u00e9m dispon\u00edvel com tratamento FR, sujeito a consulta.<\/p>\n","protected":false},"excerpt":{"rendered":"<p>O bestseller da Aldeco, pois \u00e9 um lindo veludo suave e com alta resist\u00eancia \u00e0 abras\u00e3o. Dispon\u00edvel em 62 cores e \u00e9 aplic\u00e1vel tanto em decora\u00e7\u00e3o, como em estofo.<br \/>\nTamb\u00e9m dispon\u00edvel com tratamento FR, sujeito a consulta.<\/p>\n<h2>Si\u00e9ge Velvet, \u00e9 um lindo veludo suave e com alta resist\u00eancia \u00e0 abras\u00e3o. Dispon\u00edvel em 62 cores e \u00e9 aplic\u00e1vel tanto em decora\u00e7\u00e3o, como em estofo.<\/h2>\n<p><img fetchpriority=\"high\" decoding=\"async\" class=\"alignnone wp-image-161473 size-medium\" src=\"https:\/\/aldeco.pt\/staging\/wp-content\/uploads\/2024\/05\/T758120629-1-300x225.jpg\" alt=\"Si\u00e9ge Velvet - Aldeco\" width=\"300\" height=\"225\" \/><\/p>\n<p><a href=\"https:\/\/www.instagram.com\/aldeco_interiorfabrics\/\">https:\/\/www.instagram.com\/aldeco_interiorfabrics\/<\/a><\/p>\n<p><a href=\"https:\/\/aldeco.pt\/staging\/product\/siege-velvet\/?attribute_pa_aldeco-color=0001-white\">https:\/\/aldeco.pt\/staging\/product\/siege-velvet\/?attribute_pa_aldeco-color=0001-white<\/a><\/p>\n","protected":false},"featured_media":145800,"template":"","meta":[],"product_brand":[],"product_cat":[6145],"product_tag":[],"class_list":{"0":"post-186287","1":"product","2":"type-product","3":"status-publish","4":"has-post-thumbnail","6":"product_cat-aldeco-2-pt-pt-2","7":"pa_cleanability-8282","8":"pa_composition-ext-100co-pt-pt","9":"pa_interior-fabrics-1-pt-pt","10":"pa_line-tecidos","11":"pa_lithfastness-5-pt-pt","12":"pa_outdoor-0-pt-pt","13":"pa_range-veludo","14":"pa_rapport-vertical-11009","17":"first","18":"instock","19":"purchasable","20":"product-type-variable"},"acf":[],"_links":{"self":[{"href":"https:\/\/staging.aldeco.pt\/pt-pt\/wp-json\/wp\/v2\/product\/186287","targetHints":{"allow":["GET"]}}],"collection":[{"href":"https:\/\/staging.aldeco.pt\/pt-pt\/wp-json\/wp\/v2\/product"}],"about":[{"href":"https:\/\/staging.aldeco.pt\/pt-pt\/wp-json\/wp\/v2\/types\/product"}],"version-history":[{"count":2,"href":"https:\/\/staging.aldeco.pt\/pt-pt\/wp-json\/wp\/v2\/product\/186287\/revisions"}],"predecessor-version":[{"id":204907,"href":"https:\/\/staging.aldeco.pt\/pt-pt\/wp-json\/wp\/v2\/product\/186287\/revisions\/204907"}],"wp:featuredmedia":[{"embeddable":true,"href":"https:\/\/staging.aldeco.pt\/pt-pt\/wp-json\/wp\/v2\/media\/145800"}],"wp:attachment":[{"href":"https:\/\/staging.aldeco.pt\/pt-pt\/wp-json\/wp\/v2\/media?parent=186287"}],"wp:term":[{"taxonomy":"product_brand","embeddable":true,"href":"https:\/\/staging.aldeco.pt\/pt-pt\/wp-json\/wp\/v2\/product_brand?post=186287"},{"taxonomy":"product_cat","embeddable":true,"href":"https:\/\/staging.aldeco.pt\/pt-pt\/wp-json\/wp\/v2\/product_cat?post=186287"},{"taxonomy":"product_tag","embeddable":true,"href":"https:\/\/staging.aldeco.pt\/pt-pt\/wp-json\/wp\/v2\/product_tag?post=186287"}],"curies":[{"name":"wp","href":"https:\/\/api.w.org\/{rel}","templated":true}]}}