{"id":186274,"date":"2024-05-09T21:59:48","date_gmt":"2024-05-09T21:59:48","guid":{"rendered":"https:\/\/aldeco.pt\/staging\/product\/shadow-velvet\/"},"modified":"2024-10-03T14:36:43","modified_gmt":"2024-10-03T14:36:43","slug":"shadow-velvet","status":"publish","type":"product","link":"https:\/\/staging.aldeco.pt\/pt-pt\/product\/shadow-velvet\/","title":{"rendered":"SHADOW VELVET"},"content":{"rendered":"<p>Veludo Sucesso estampado com um padr\u00e3o abstracto de inspira\u00e7\u00e3o mineral. Este veludo \u00e9 a simbiose perfeita entre a suavidade e uma elevada resist\u00eancia \u00e0 abras\u00e3o. Mas a caracter\u00edstica mais emblem\u00e1tica \u00e9 a sua dupla largura!<br \/>\nEncontra-se dispon\u00edvel em 4 cores.<\/p>\n","protected":false},"excerpt":{"rendered":"<p>Veludo Sucesso estampado com um padr\u00e3o abstracto de inspira\u00e7\u00e3o mineral. Este veludo \u00e9 a simbiose perfeita entre a suavidade e uma elevada resist\u00eancia \u00e0 abras\u00e3o. Mas a caracter\u00edstica mais emblem\u00e1tica \u00e9 a sua dupla largura!<br \/>\nEncontra-se dispon\u00edvel em 4 cores.<\/p>\n<h2>Shadow \u00e9 um Veludo Sucesso estampado com um padr\u00e3o abstracto de inspira\u00e7\u00e3o mineral. Este veludo \u00e9 a simbiose perfeita entre a suavidade e uma elevada resist\u00eancia \u00e0 abras\u00e3o. Mas a caracter\u00edstica mais emblem\u00e1tica \u00e9 a sua dupla largura!<br \/>\nEncontra-se dispon\u00edvel em 4 cores.<\/h2>\n<p><img fetchpriority=\"high\" decoding=\"async\" class=\"alignnone wp-image-188927 size-medium\" src=\"https:\/\/aldeco.pt\/staging\/wp-content\/uploads\/2024\/01\/T191200001-3-300x212.jpg\" alt=\"Shadow Velvet - Aldeco\" width=\"300\" height=\"212\" \/><\/p>\n<p><a href=\"https:\/\/www.instagram.com\/aldeco_interiorfabrics\/\">https:\/\/www.instagram.com\/aldeco_interiorfabrics\/<\/a><\/p>\n<p><a href=\"https:\/\/aldeco.pt\/staging\/product\/shadow-velvet\/?attribute_pa_aldeco-color=01-nat-gray-shades\">https:\/\/aldeco.pt\/staging\/product\/shadow-velvet\/?attribute_pa_aldeco-color=01-nat-gray-shades<\/a><\/p>\n","protected":false},"featured_media":156879,"template":"","meta":[],"product_brand":[],"product_cat":[6145],"product_tag":[],"class_list":{"0":"post-186274","1":"product","2":"type-product","3":"status-publish","4":"has-post-thumbnail","6":"product_cat-aldeco-2-pt-pt-2","7":"pa_cleanability-8282","8":"pa_composition-ext-100-pl-pt-pt","9":"pa_interior-fabrics-1-pt-pt","10":"pa_line-tecidos","11":"pa_lithfastness-5-pt-pt","12":"pa_outdoor-0-pt-pt","13":"pa_range-veludo","14":"pa_rapport-horizontal-53-pt-pt","15":"pa_rapport-vertical-53-pt-pt","18":"first","19":"instock","20":"purchasable","21":"product-type-variable"},"acf":[],"_links":{"self":[{"href":"https:\/\/staging.aldeco.pt\/pt-pt\/wp-json\/wp\/v2\/product\/186274","targetHints":{"allow":["GET"]}}],"collection":[{"href":"https:\/\/staging.aldeco.pt\/pt-pt\/wp-json\/wp\/v2\/product"}],"about":[{"href":"https:\/\/staging.aldeco.pt\/pt-pt\/wp-json\/wp\/v2\/types\/product"}],"version-history":[{"count":2,"href":"https:\/\/staging.aldeco.pt\/pt-pt\/wp-json\/wp\/v2\/product\/186274\/revisions"}],"predecessor-version":[{"id":202006,"href":"https:\/\/staging.aldeco.pt\/pt-pt\/wp-json\/wp\/v2\/product\/186274\/revisions\/202006"}],"wp:featuredmedia":[{"embeddable":true,"href":"https:\/\/staging.aldeco.pt\/pt-pt\/wp-json\/wp\/v2\/media\/156879"}],"wp:attachment":[{"href":"https:\/\/staging.aldeco.pt\/pt-pt\/wp-json\/wp\/v2\/media?parent=186274"}],"wp:term":[{"taxonomy":"product_brand","embeddable":true,"href":"https:\/\/staging.aldeco.pt\/pt-pt\/wp-json\/wp\/v2\/product_brand?post=186274"},{"taxonomy":"product_cat","embeddable":true,"href":"https:\/\/staging.aldeco.pt\/pt-pt\/wp-json\/wp\/v2\/product_cat?post=186274"},{"taxonomy":"product_tag","embeddable":true,"href":"https:\/\/staging.aldeco.pt\/pt-pt\/wp-json\/wp\/v2\/product_tag?post=186274"}],"curies":[{"name":"wp","href":"https:\/\/api.w.org\/{rel}","templated":true}]}}