{"id":186265,"date":"2024-05-09T22:07:26","date_gmt":"2024-05-09T22:07:26","guid":{"rendered":"https:\/\/aldeco.pt\/staging\/product\/skins-fr\/"},"modified":"2024-08-06T11:20:56","modified_gmt":"2024-08-06T11:20:56","slug":"skins-fr","status":"publish","type":"product","link":"https:\/\/staging.aldeco.pt\/pt-pt\/product\/skins-fr\/","title":{"rendered":"SKIN\u00b4S &#8220;FR&#8221;"},"content":{"rendered":"<p>SKINS \u00e9 um tecido vers\u00e1til para estofo em 5 tons dispon\u00edveis.<\/p>\n","protected":false},"excerpt":{"rendered":"<p>SKINS \u00e9 um tecido vers\u00e1til para estofo em 5 tons dispon\u00edveis.<\/p>\n<h2>Skin\u00b4s &#8220;FR&#8221; \u00e9 um tecido vers\u00e1til para estofo em 5 tons dispon\u00edveis.<\/h2>\n<p><img fetchpriority=\"high\" decoding=\"async\" class=\"alignnone wp-image-160414 size-medium\" src=\"https:\/\/aldeco.pt\/staging\/wp-content\/uploads\/2024\/05\/T016160002-300x280.jpg\" alt=\"Skin's FR - Aldeco\" width=\"300\" height=\"280\"><\/p>\n<p><a href=\"https:\/\/www.instagram.com\/aldeco_interiorfabrics\/\">https:\/\/www.instagram.com\/aldeco_interiorfabrics\/<\/a><\/p>\n<p><a href=\"https:\/\/aldeco.pt\/staging\/product\/skins-fr\/?attribute_pa_aldeco-color=cream\">https:\/\/aldeco.pt\/staging\/product\/skins-fr\/?attribute_pa_aldeco-color=cream<\/a><\/p>\n","protected":false},"featured_media":177963,"template":"","meta":[],"product_brand":[],"product_cat":[6145],"product_tag":[],"class_list":{"0":"post-186265","1":"product","2":"type-product","3":"status-publish","4":"has-post-thumbnail","6":"product_cat-aldeco-2-pt-pt-2","7":"pa_cleanability-8282","8":"pa_composition-ext-85-pvc-1-pu-14-co-pt-pt","9":"pa_contract-fabrics-1-pt-pt","10":"pa_interior-fabrics-1-pt-pt","11":"pa_line-tecidos","12":"pa_lithfastness-6-pt-pt","13":"pa_outdoor-0-pt-pt","14":"pa_range-coated-pt-pt","15":"pa_rapport-vertical-11009","18":"first","19":"instock","20":"purchasable","21":"product-type-variable"},"acf":[],"_links":{"self":[{"href":"https:\/\/staging.aldeco.pt\/pt-pt\/wp-json\/wp\/v2\/product\/186265","targetHints":{"allow":["GET"]}}],"collection":[{"href":"https:\/\/staging.aldeco.pt\/pt-pt\/wp-json\/wp\/v2\/product"}],"about":[{"href":"https:\/\/staging.aldeco.pt\/pt-pt\/wp-json\/wp\/v2\/types\/product"}],"version-history":[{"count":1,"href":"https:\/\/staging.aldeco.pt\/pt-pt\/wp-json\/wp\/v2\/product\/186265\/revisions"}],"predecessor-version":[{"id":193393,"href":"https:\/\/staging.aldeco.pt\/pt-pt\/wp-json\/wp\/v2\/product\/186265\/revisions\/193393"}],"wp:featuredmedia":[{"embeddable":true,"href":"https:\/\/staging.aldeco.pt\/pt-pt\/wp-json\/wp\/v2\/media\/177963"}],"wp:attachment":[{"href":"https:\/\/staging.aldeco.pt\/pt-pt\/wp-json\/wp\/v2\/media?parent=186265"}],"wp:term":[{"taxonomy":"product_brand","embeddable":true,"href":"https:\/\/staging.aldeco.pt\/pt-pt\/wp-json\/wp\/v2\/product_brand?post=186265"},{"taxonomy":"product_cat","embeddable":true,"href":"https:\/\/staging.aldeco.pt\/pt-pt\/wp-json\/wp\/v2\/product_cat?post=186265"},{"taxonomy":"product_tag","embeddable":true,"href":"https:\/\/staging.aldeco.pt\/pt-pt\/wp-json\/wp\/v2\/product_tag?post=186265"}],"curies":[{"name":"wp","href":"https:\/\/api.w.org\/{rel}","templated":true}]}}