{"id":186263,"date":"2024-05-09T22:00:37","date_gmt":"2024-05-09T22:00:37","guid":{"rendered":"https:\/\/aldeco.pt\/staging\/product\/shopsticks-splash\/"},"modified":"2024-09-19T09:45:38","modified_gmt":"2024-09-19T09:45:38","slug":"shopsticks-splash","status":"publish","type":"product","link":"https:\/\/staging.aldeco.pt\/pt-pt\/product\/shopsticks-splash\/","title":{"rendered":"SHOPSTICKS SPLASH"},"content":{"rendered":"<p>\u00c9 um tecido estampado de algod\u00e3o com enchimento ideal para confecionar acess\u00f3rios de crian\u00e7a como edredons infantis e protetores de ber\u00e7o. Este tecido com acolchoado geom\u00e9trico macio est\u00e1 dispon\u00edvel em apenas uma cor salpicada de divers\u00e3o multicolorida que se assemelha a doce granulado ou confettis.<\/p>\n","protected":false},"excerpt":{"rendered":"<p>\u00c9 um tecido estampado de algod\u00e3o com enchimento ideal para confecionar acess\u00f3rios de crian\u00e7a como edredons infantis e protetores de ber\u00e7o. Este tecido com acolchoado geom\u00e9trico macio est\u00e1 dispon\u00edvel em apenas uma cor salpicada de divers\u00e3o multicolorida que se assemelha a doce granulado ou confettis.<\/p>\n<h2>Shopsticks Splash \u00e9 um tecido estampado de algod\u00e3o com enchimento ideal para confecionar acess\u00f3rios de crian\u00e7a como edredons infantis e protetores de ber\u00e7o. Este tecido com acolchoado geom\u00e9trico macio est\u00e1 dispon\u00edvel em apenas uma cor salpicada de divers\u00e3o multicolorida que se assemelha a doce granulado ou confettis.<\/h2>\n<p><img fetchpriority=\"high\" decoding=\"async\" class=\"alignnone wp-image-188938 size-medium\" src=\"https:\/\/aldeco.pt\/staging\/wp-content\/uploads\/2024\/05\/T019110002-300x240.jpg\" alt=\"Shopsticks Splash - Aldeco\" width=\"300\" height=\"240\" \/><\/p>\n<p><a href=\"https:\/\/www.instagram.com\/aldeco_interiorfabrics\/\">https:\/\/www.instagram.com\/aldeco_interiorfabrics\/<\/a><\/p>\n<p><a href=\"https:\/\/aldeco.pt\/staging\/product\/shopsticks-splash\/?attribute_pa_aldeco-color=02-cool-party\">https:\/\/aldeco.pt\/staging\/product\/shopsticks-splash\/?attribute_pa_aldeco-color=02-cool-party<\/a><\/p>\n","protected":false},"featured_media":160311,"template":"","meta":[],"product_brand":[],"product_cat":[6145],"product_tag":[],"class_list":{"0":"post-186263","1":"product","2":"type-product","3":"status-publish","4":"has-post-thumbnail","6":"product_cat-aldeco-2-pt-pt-2","7":"pa_cleanability-8282","8":"pa_composition-ext-base-100-co-fill-100-pl-pt-pt","9":"pa_interior-fabrics-1-pt-pt","10":"pa_line-tecidos","11":"pa_lithfastness-9680","12":"pa_outdoor-0-pt-pt","13":"pa_range-embossed-pt-pt","14":"pa_rapport-horizontal-7-8-pt-pt","15":"pa_rapport-vertical-7-8-pt-pt","18":"first","19":"instock","20":"purchasable","21":"product-type-variable"},"acf":[],"_links":{"self":[{"href":"https:\/\/staging.aldeco.pt\/pt-pt\/wp-json\/wp\/v2\/product\/186263","targetHints":{"allow":["GET"]}}],"collection":[{"href":"https:\/\/staging.aldeco.pt\/pt-pt\/wp-json\/wp\/v2\/product"}],"about":[{"href":"https:\/\/staging.aldeco.pt\/pt-pt\/wp-json\/wp\/v2\/types\/product"}],"version-history":[{"count":2,"href":"https:\/\/staging.aldeco.pt\/pt-pt\/wp-json\/wp\/v2\/product\/186263\/revisions"}],"predecessor-version":[{"id":200650,"href":"https:\/\/staging.aldeco.pt\/pt-pt\/wp-json\/wp\/v2\/product\/186263\/revisions\/200650"}],"wp:featuredmedia":[{"embeddable":true,"href":"https:\/\/staging.aldeco.pt\/pt-pt\/wp-json\/wp\/v2\/media\/160311"}],"wp:attachment":[{"href":"https:\/\/staging.aldeco.pt\/pt-pt\/wp-json\/wp\/v2\/media?parent=186263"}],"wp:term":[{"taxonomy":"product_brand","embeddable":true,"href":"https:\/\/staging.aldeco.pt\/pt-pt\/wp-json\/wp\/v2\/product_brand?post=186263"},{"taxonomy":"product_cat","embeddable":true,"href":"https:\/\/staging.aldeco.pt\/pt-pt\/wp-json\/wp\/v2\/product_cat?post=186263"},{"taxonomy":"product_tag","embeddable":true,"href":"https:\/\/staging.aldeco.pt\/pt-pt\/wp-json\/wp\/v2\/product_tag?post=186263"}],"curies":[{"name":"wp","href":"https:\/\/api.w.org\/{rel}","templated":true}]}}