{"id":186258,"date":"2024-05-09T21:59:44","date_gmt":"2024-05-09T21:59:44","guid":{"rendered":"https:\/\/aldeco.pt\/staging\/product\/shade-carpet-velvet\/"},"modified":"2024-10-09T11:17:11","modified_gmt":"2024-10-09T11:17:11","slug":"shade-carpet-velvet","status":"publish","type":"product","link":"https:\/\/staging.aldeco.pt\/pt-pt\/product\/shade-carpet-velvet\/","title":{"rendered":"SHADE CARPET VELVET"},"content":{"rendered":"<p>Magn\u00edfico design que simboliza a beleza dos tapetes orientais. Apresentamos neste tecido a for\u00e7a e o lado m\u00edstico desta cole\u00e7\u00e3o.<\/p>\n","protected":false},"excerpt":{"rendered":"<p>Magn\u00edfico design que simboliza a beleza dos tapetes orientais. Apresentamos neste tecido a for\u00e7a e o lado m\u00edstico desta cole\u00e7\u00e3o.<\/p>\n<h2>Shade Carpet Velvet, magn\u00edfico design que simboliza a beleza dos tapetes orientais. Apresentamos neste tecido a for\u00e7a e o lado m\u00edstico desta cole\u00e7\u00e3o.<\/h2>\n<p><img fetchpriority=\"high\" decoding=\"async\" class=\"alignnone wp-image-188921 size-medium\" src=\"https:\/\/aldeco.pt\/staging\/wp-content\/uploads\/2024\/05\/T019850001-300x240.jpg\" alt=\"Shade Carpet Velvet - Aldeco\" width=\"300\" height=\"240\" \/><\/p>\n<p><a href=\"https:\/\/www.instagram.com\/aldeco_interiorfabrics\/\">https:\/\/www.instagram.com\/aldeco_interiorfabrics\/<\/a><\/p>\n<p><a href=\"https:\/\/aldeco.pt\/staging\/product\/shade-carpet-velvet\/?attribute_pa_aldeco-color=01-red-shade\">https:\/\/aldeco.pt\/staging\/product\/shade-carpet-velvet\/?attribute_pa_aldeco-color=01-red-shade<\/a><\/p>\n","protected":false},"featured_media":160289,"template":"","meta":[],"product_brand":[],"product_cat":[6145],"product_tag":[],"class_list":{"0":"post-186258","1":"product","2":"type-product","3":"status-publish","4":"has-post-thumbnail","6":"product_cat-aldeco-2-pt-pt-2","7":"pa_cleanability-8282","8":"pa_composition-ext-60-vi-30-co-10-pl-pile-100-vi-pt-pt","9":"pa_interior-fabrics-1-pt-pt","10":"pa_line-tecidos","11":"pa_lithfastness-4-5-pt-pt","12":"pa_outdoor-0-pt-pt","13":"pa_range-veludo","14":"pa_rapport-horizontal-136-pt-pt","15":"pa_rapport-vertical-94-pt-pt","18":"first","19":"instock","20":"purchasable","21":"product-type-variable"},"acf":[],"_links":{"self":[{"href":"https:\/\/staging.aldeco.pt\/pt-pt\/wp-json\/wp\/v2\/product\/186258","targetHints":{"allow":["GET"]}}],"collection":[{"href":"https:\/\/staging.aldeco.pt\/pt-pt\/wp-json\/wp\/v2\/product"}],"about":[{"href":"https:\/\/staging.aldeco.pt\/pt-pt\/wp-json\/wp\/v2\/types\/product"}],"version-history":[{"count":2,"href":"https:\/\/staging.aldeco.pt\/pt-pt\/wp-json\/wp\/v2\/product\/186258\/revisions"}],"predecessor-version":[{"id":203245,"href":"https:\/\/staging.aldeco.pt\/pt-pt\/wp-json\/wp\/v2\/product\/186258\/revisions\/203245"}],"wp:featuredmedia":[{"embeddable":true,"href":"https:\/\/staging.aldeco.pt\/pt-pt\/wp-json\/wp\/v2\/media\/160289"}],"wp:attachment":[{"href":"https:\/\/staging.aldeco.pt\/pt-pt\/wp-json\/wp\/v2\/media?parent=186258"}],"wp:term":[{"taxonomy":"product_brand","embeddable":true,"href":"https:\/\/staging.aldeco.pt\/pt-pt\/wp-json\/wp\/v2\/product_brand?post=186258"},{"taxonomy":"product_cat","embeddable":true,"href":"https:\/\/staging.aldeco.pt\/pt-pt\/wp-json\/wp\/v2\/product_cat?post=186258"},{"taxonomy":"product_tag","embeddable":true,"href":"https:\/\/staging.aldeco.pt\/pt-pt\/wp-json\/wp\/v2\/product_tag?post=186258"}],"curies":[{"name":"wp","href":"https:\/\/api.w.org\/{rel}","templated":true}]}}