{"id":186229,"date":"2024-05-09T21:59:24","date_gmt":"2024-05-09T21:59:24","guid":{"rendered":"https:\/\/aldeco.pt\/staging\/product\/seed-wlb\/"},"modified":"2024-10-07T09:31:47","modified_gmt":"2024-10-07T09:31:47","slug":"seed-wlb","status":"publish","type":"product","link":"https:\/\/staging.aldeco.pt\/pt-pt\/product\/seed-wlb\/","title":{"rendered":"SEED WLB"},"content":{"rendered":"<p>\u00c9 um tecido de cortina muito largo de aspeto muito natural com ligeiros slubs e look de linho. Este tecido tem 330 cm e possui fio de chumbo para uma ca\u00edda perfeita e est\u00e1 dispon\u00edvel em 4 cores.<\/p>\n","protected":false},"excerpt":{"rendered":"<p>\u00c9 um tecido de cortina muito largo de aspeto muito natural com ligeiros slubs e look de linho. Este tecido tem 330 cm e possui fio de chumbo para uma ca\u00edda perfeita e est\u00e1 dispon\u00edvel em 4 cores.<\/p>\n<h2>Seed \u00e9 um tecido de cortina muito largo de aspeto muito natural com ligeiros slubs e look de linho. Este tecido tem 330 cm e possui fio de chumbo para uma ca\u00edda perfeita e est\u00e1 dispon\u00edvel em 4 cores.<\/h2>\n<p><img decoding=\"async\" class=\"alignnone wp-image-188916 size-full\" src=\"https:\/\/aldeco.pt\/staging\/wp-content\/uploads\/2024\/03\/T018220001.jpg\" alt=\"Seed - Aldeco\" width=\"177\" height=\"177\" \/><\/p>\n<p><a href=\"https:\/\/www.instagram.com\/aldeco_interiorfabrics\/\">https:\/\/www.instagram.com\/aldeco_interiorfabrics\/<\/a><\/p>\n<p><a href=\"https:\/\/aldeco.pt\/staging\/product\/seed-wlb\/?attribute_pa_aldeco-color=1-cloud-dance\">https:\/\/aldeco.pt\/staging\/product\/seed-wlb\/?attribute_pa_aldeco-color=1-cloud-dance<\/a><\/p>\n","protected":false},"featured_media":137359,"template":"","meta":[],"product_brand":[],"product_cat":[6145],"product_tag":[],"class_list":{"0":"post-186229","1":"product","2":"type-product","3":"status-publish","4":"has-post-thumbnail","6":"product_cat-aldeco-2-pt-pt-2","7":"pa_cleanability-8282","8":"pa_composition-ext-61-vi-26-li-13-trevira-cs-pt-pt","9":"pa_interior-fabrics-1-pt-pt","10":"pa_line-tecidos","11":"pa_lithfastness-4-5-pt-pt","12":"pa_outdoor-0-pt-pt","13":"pa_range-liso","14":"pa_range-transparente","15":"pa_rapport-vertical-11009","18":"first","19":"instock","20":"purchasable","21":"product-type-variable"},"acf":[],"_links":{"self":[{"href":"https:\/\/staging.aldeco.pt\/pt-pt\/wp-json\/wp\/v2\/product\/186229","targetHints":{"allow":["GET"]}}],"collection":[{"href":"https:\/\/staging.aldeco.pt\/pt-pt\/wp-json\/wp\/v2\/product"}],"about":[{"href":"https:\/\/staging.aldeco.pt\/pt-pt\/wp-json\/wp\/v2\/types\/product"}],"version-history":[{"count":2,"href":"https:\/\/staging.aldeco.pt\/pt-pt\/wp-json\/wp\/v2\/product\/186229\/revisions"}],"predecessor-version":[{"id":202085,"href":"https:\/\/staging.aldeco.pt\/pt-pt\/wp-json\/wp\/v2\/product\/186229\/revisions\/202085"}],"wp:featuredmedia":[{"embeddable":true,"href":"https:\/\/staging.aldeco.pt\/pt-pt\/wp-json\/wp\/v2\/media\/137359"}],"wp:attachment":[{"href":"https:\/\/staging.aldeco.pt\/pt-pt\/wp-json\/wp\/v2\/media?parent=186229"}],"wp:term":[{"taxonomy":"product_brand","embeddable":true,"href":"https:\/\/staging.aldeco.pt\/pt-pt\/wp-json\/wp\/v2\/product_brand?post=186229"},{"taxonomy":"product_cat","embeddable":true,"href":"https:\/\/staging.aldeco.pt\/pt-pt\/wp-json\/wp\/v2\/product_cat?post=186229"},{"taxonomy":"product_tag","embeddable":true,"href":"https:\/\/staging.aldeco.pt\/pt-pt\/wp-json\/wp\/v2\/product_tag?post=186229"}],"curies":[{"name":"wp","href":"https:\/\/api.w.org\/{rel}","templated":true}]}}